{"id":945,"date":"2017-07-04T08:31:03","date_gmt":"2017-07-04T08:31:03","guid":{"rendered":"https:\/\/thaibalancemassage.at\/?page_id=945"},"modified":"2023-02-25T11:48:47","modified_gmt":"2023-02-25T10:48:47","slug":"thai-pur","status":"publish","type":"page","link":"https:\/\/thaibalancemassage.at\/de\/massagen\/thai-pur\/","title":{"rendered":"Thai pur"},"content":{"rendered":"\n<style type=\"text\/css\" data-created_by=\"avia_inline_auto\" id=\"style-css-av-58k00h-24fe3dc82d3cb5720e4cc5580fdc6ca9\">\n.flex_column.av-58k00h-24fe3dc82d3cb5720e4cc5580fdc6ca9{\nborder-radius:0px 0px 0px 0px;\npadding:0px 0px 0px 0px;\n}\n<\/style>\n<div  class='flex_column av-58k00h-24fe3dc82d3cb5720e4cc5580fdc6ca9 av_one_half  avia-builder-el-0  el_before_av_one_half  avia-builder-el-first  first flex_column_div av-zero-column-padding  '     ><p><div  class='hr av-525z5d-e158501e3be5943399b5d6c11f43dd26 hr-default  avia-builder-el-1  el_before_av_image  avia-builder-el-first '><span class='hr-inner '><span class=\"hr-inner-style\"><\/span><\/span><\/div><br \/>\n\n<style type=\"text\/css\" data-created_by=\"avia_inline_auto\" id=\"style-css-av-4vrya9-5cd0e71f1e9cd8a093c54135ecdba133\">\n.avia-image-container.av-4vrya9-5cd0e71f1e9cd8a093c54135ecdba133 img.avia_image{\nbox-shadow:none;\n}\n.avia-image-container.av-4vrya9-5cd0e71f1e9cd8a093c54135ecdba133 .av-image-caption-overlay-center{\ncolor:#ffffff;\n}\n<\/style>\n<div  class='avia-image-container av-4vrya9-5cd0e71f1e9cd8a093c54135ecdba133 av-styling- avia-align-center  avia-builder-el-2  el_after_av_hr  avia-builder-el-last '   itemprop=\"image\" itemscope=\"itemscope\" itemtype=\"https:\/\/schema.org\/ImageObject\" ><div class=\"avia-image-container-inner\"><div class=\"avia-image-overlay-wrap\"><img decoding=\"async\" fetchpriority=\"high\" class='wp-image-1187 avia-img-lazy-loading-not-1187 avia_image ' src=\"https:\/\/thaibalancemassage.at\/wp-content\/uploads\/2015\/07\/01-thai-pur.jpg\" alt='Thai Massage' title='01-thai-pur'  height=\"934\" width=\"1400\"  itemprop=\"thumbnailUrl\" srcset=\"https:\/\/thaibalancemassage.at\/wp-content\/uploads\/2015\/07\/01-thai-pur.jpg 1400w, https:\/\/thaibalancemassage.at\/wp-content\/uploads\/2015\/07\/01-thai-pur-300x200.jpg 300w, https:\/\/thaibalancemassage.at\/wp-content\/uploads\/2015\/07\/01-thai-pur-768x512.jpg 768w, https:\/\/thaibalancemassage.at\/wp-content\/uploads\/2015\/07\/01-thai-pur-1030x687.jpg 1030w, https:\/\/thaibalancemassage.at\/wp-content\/uploads\/2015\/07\/01-thai-pur-705x470.jpg 705w, https:\/\/thaibalancemassage.at\/wp-content\/uploads\/2015\/07\/01-thai-pur-450x300.jpg 450w\" sizes=\"(max-width: 1400px) 100vw, 1400px\" \/><\/div><\/div><\/div><\/p><\/div>\n\n<style type=\"text\/css\" data-created_by=\"avia_inline_auto\" id=\"style-css-av-h98xd-3e8d8445d5c77d63914281d8638d4038\">\n.flex_column.av-h98xd-3e8d8445d5c77d63914281d8638d4038{\nborder-radius:0px 0px 0px 0px;\npadding:0px 0px 0px 0px;\n}\n<\/style>\n<div  class='flex_column av-h98xd-3e8d8445d5c77d63914281d8638d4038 av_one_half  avia-builder-el-3  el_after_av_one_half  el_before_av_hr  flex_column_div av-zero-column-padding  '     ><section  class='av_textblock_section av-get8x-7bb986270678f4c294314f72ca7b609f '   itemscope=\"itemscope\" itemtype=\"https:\/\/schema.org\/CreativeWork\" ><div class='avia_textblock'  itemprop=\"text\" ><h1>Thai pur<\/h1>\n<h3>Thai Massage<\/h3>\n<p><strong>Traditionelle Ganzk\u00f6rpermassage zum Wohlf\u00fchlen oder mit therapeutischem Schwerpunkt. Blockaden werden gel\u00f6st, die Gelenke positiv mobilisiert und die Muskeln gedehnt. Sie ist der ideale Mittelweg zwischen Therapie und Wellness.<\/strong><\/p>\n<p><span style=\"font-weight: 400;\">Die Thai-Massage besteht aus passiven Streck- und Dehnbewegungen, Gelenkmobilisationen und Druckpunktmassagen. Dabei werden zehn ausgew\u00e4hlte Energielinien \u00fcber sanfte Dehnung und mit dem rhythmischen Druck von Handballen, Daumen, Knien, Ellenbogen und F\u00fc\u00dfen bearbeitet. <\/span><\/p>\n<p><span style=\"font-weight: 400;\">Thai Massage hat therapeutische Wirkungen, gleicht die Wirkungen von Stress aus und steigert das k\u00f6rperliche Wohlbefinden.<\/span><\/p>\n<p><span style=\"font-weight: 400;\">Wirkungen:<\/span><\/p>\n<ul>\n<li style=\"font-weight: 400;\"><span style=\"font-weight: 400;\">Entspannung der Muskulatur durch Anregung der Blutzirkulation \u00fcber Druckpunktmassagen\u00a0<\/span><\/li>\n<li style=\"font-weight: 400;\">verbesserte Beweglichkeit durch Drehungen, Beugungen und Streckungen der Wirbels\u00e4ule<\/li>\n<li style=\"font-weight: 400;\"><span style=\"font-weight: 400;\">F\u00f6rderung von Durchblutung und Lymphfluss durch Anheben der Beine<\/span><\/li>\n<li style=\"font-weight: 400;\"><span style=\"font-weight: 400;\">verbesserte Durchblutung der inneren Organe und dadurch Anregung des Stoffwechsels<\/span><\/li>\n<li style=\"font-weight: 400;\"><span style=\"font-weight: 400;\">Steigerung des k\u00f6rperlichen Wohlbefindens durch achtsame Ber\u00fchrungen<\/span><\/li>\n<\/ul>\n<p><span style=\"font-weight: 400;\">Dadurch kann eine Linderung unter anderem folgender k\u00f6rperlicher Leiden erreicht werden:<\/span><\/p>\n<ul>\n<li style=\"font-weight: 400;\"><span style=\"font-weight: 400;\">Kopfschmerzen<\/span><\/li>\n<li style=\"font-weight: 400;\"><span style=\"font-weight: 400;\">Schlafst\u00f6rungen<\/span><\/li>\n<li style=\"font-weight: 400;\"><span style=\"font-weight: 400;\">R\u00fcckenschmerzen<\/span><\/li>\n<li style=\"font-weight: 400;\"><span style=\"font-weight: 400;\">L\u00f6sung von Verspannungen<\/span><\/li>\n<\/ul>\n<p><span style=\"font-weight: 400;\">Die Thai-Massage findet bekleidet auf einem Massagetisch statt. Wir stellen Ihnen die Bekleidung zur Verf\u00fcgung. <\/span><\/p>\n<p><span style=\"font-weight: 400;\">Vor Beginn der Behandlung besprechen wir mit Ihnen Ihre W\u00fcnsche. Unsere Thai Massage ist eine Ganzk\u00f6rpermassage und in folgenden Varianten verf\u00fcgbar:<\/span><\/p>\n<ul>\n<li>Ganzk\u00f6rpermassage zum Wohlf\u00fchlen und Entspannen<\/li>\n<li>\u201c<a href=\"https:\/\/thaibalancemassage.at\/massagen\/kopfweh-ade\/\">Kopfweh Ad\u00e9<\/a>\u201d als Ganzk\u00f6rpermassage mit Schwerpunkt auf Kopf und Nacken bei Kopfweh<\/li>\n<li>\u201c<a href=\"https:\/\/thaibalancemassage.at\/massagen\/agiler-nacken\/\">Agiler Nacken<\/a>\u201d als Ganzk\u00f6rpermassage mit Schwerpunkt auf Nackenverspannungen<\/li>\n<li>\u201c<a href=\"https:\/\/thaibalancemassage.at\/massagen\/mobile-schultern\/\">Mobile Schultern<\/a>\u201d als Ganzk\u00f6rpermassage mit Schwerpunkt auf verspannte Schultern<\/li>\n<li>\u201c<a href=\"https:\/\/thaibalancemassage.at\/massagen\/gesunder-ruecken\/\">Gesunder R\u00fccken<\/a>\u201d als Ganzk\u00f6rpermassage mit Schwerpunkt auf R\u00fcckenbeschwerden<\/li>\n<li>individuelle Behandlung<\/li>\n<\/ul>\n<p><span style=\"font-weight: 400;\">Dauer: 1 Stunde | 1,5 Stunden | 2 Stunden<\/span><\/p>\n<p><span style=\"font-weight: 400;\">Charakter: kraftvoll-dynamisch bis sanft-entspannend<\/span><\/p>\n<\/div><\/section><\/div>\n<div  class='hr av-4cafnl-97f5aff6791ddf0473b8649a5e154153 hr-default  avia-builder-el-5  el_after_av_one_half  el_before_av_textblock '><span class='hr-inner '><span class=\"hr-inner-style\"><\/span><\/span><\/div>\n<section  class='av_textblock_section av-47dl55-0f4f26a820f9a824c266e5c5a35be6f6 '   itemscope=\"itemscope\" itemtype=\"https:\/\/schema.org\/CreativeWork\" ><div class='avia_textblock'  itemprop=\"text\" ><h2 style=\"text-align: center;\">Weitere Wohlf\u00fchl Massagen<\/h2>\n<\/div><\/section>\n<\/div><\/div><\/div><!-- close content main div --><\/div><\/div><div id='av-layout-grid-1'  class='av-layout-grid-container av-443seh-96b78601890dce6f26b7d1a2ade7d231 entry-content-wrapper main_color av-flex-cells  avia-builder-el-7  el_after_av_textblock  el_before_av_hr  grid-row-not-first  container_wrap fullsize'  >\n\n<style type=\"text\/css\" data-created_by=\"avia_inline_auto\" id=\"style-css-av-3wu4nd-2bd3cd454d7fa6ceef744c31ad938abd\">\n.flex_cell.av-3wu4nd-2bd3cd454d7fa6ceef744c31ad938abd{\nvertical-align:top;\n}\n.responsive #top #wrap_all .flex_cell.av-3wu4nd-2bd3cd454d7fa6ceef744c31ad938abd{\npadding:30px 30px 30px 30px !important;\n}\n<\/style>\n<div class='flex_cell av-3wu4nd-2bd3cd454d7fa6ceef744c31ad938abd av-gridrow-cell av_one_fourth no_margin  avia-builder-el-8  el_before_av_cell_one_fourth  avia-builder-el-first  content-align-top'  ><div class='flex_cell_inner'>\n<style type=\"text\/css\" data-created_by=\"avia_inline_auto\" id=\"style-css-av-3ptdvt-d6bf780f7ca5bcf80c79c8a3a2638419\">\n.flex_column.av-3ptdvt-d6bf780f7ca5bcf80c79c8a3a2638419{\nborder-radius:0px 0px 0px 0px;\npadding:0px 0px 0px 0px;\n}\n<\/style>\n<div  class='flex_column av-3ptdvt-d6bf780f7ca5bcf80c79c8a3a2638419 av_one_full  avia-builder-el-9  avia-builder-el-no-sibling  first flex_column_div av-zero-column-padding  '     ><p>\n<style type=\"text\/css\" data-created_by=\"avia_inline_auto\" id=\"style-css-av-3jef2h-e47156837a638253fa71d1cec0a420c1\">\n.avia-image-container.av-3jef2h-e47156837a638253fa71d1cec0a420c1 img.avia_image{\nbox-shadow:none;\n}\n.avia-image-container.av-3jef2h-e47156837a638253fa71d1cec0a420c1 .av-image-caption-overlay-center{\ncolor:#ffffff;\n}\n<\/style>\n<div  class='avia-image-container av-3jef2h-e47156837a638253fa71d1cec0a420c1 av-styling- av-img-linked avia-align-center  avia-builder-el-10  el_before_av_textblock  avia-builder-el-first '   itemprop=\"image\" itemscope=\"itemscope\" itemtype=\"https:\/\/schema.org\/ImageObject\" ><div class=\"avia-image-container-inner\"><div class=\"avia-image-overlay-wrap\"><a href=\"https:\/\/thaibalancemassage.at\/de\/massagen\/thai-pur\/\" class='avia_image '  aria-label='01-thai-pur'><img decoding=\"async\" fetchpriority=\"high\" class='wp-image-1187 avia-img-lazy-loading-not-1187 avia_image ' src=\"https:\/\/thaibalancemassage.at\/wp-content\/uploads\/2015\/07\/01-thai-pur.jpg\" alt='Thai Massage' title='01-thai-pur'  height=\"934\" width=\"1400\"  itemprop=\"thumbnailUrl\" srcset=\"https:\/\/thaibalancemassage.at\/wp-content\/uploads\/2015\/07\/01-thai-pur.jpg 1400w, https:\/\/thaibalancemassage.at\/wp-content\/uploads\/2015\/07\/01-thai-pur-300x200.jpg 300w, https:\/\/thaibalancemassage.at\/wp-content\/uploads\/2015\/07\/01-thai-pur-768x512.jpg 768w, https:\/\/thaibalancemassage.at\/wp-content\/uploads\/2015\/07\/01-thai-pur-1030x687.jpg 1030w, https:\/\/thaibalancemassage.at\/wp-content\/uploads\/2015\/07\/01-thai-pur-705x470.jpg 705w, https:\/\/thaibalancemassage.at\/wp-content\/uploads\/2015\/07\/01-thai-pur-450x300.jpg 450w\" sizes=\"(max-width: 1400px) 100vw, 1400px\" \/><\/a><\/div><\/div><\/div><br \/>\n<section  class='av_textblock_section av-3ew6sh-7025f0c8481d1c41cef27d9e275be22c '   itemscope=\"itemscope\" itemtype=\"https:\/\/schema.org\/CreativeWork\" ><div class='avia_textblock'  itemprop=\"text\" ><h3 style=\"text-align: center;\">Thai pur<\/h3>\n<p style=\"text-align: center;\">Klassische Thai Massage<\/p>\n<\/div><\/section><\/p><\/div>\n<\/div><\/div>\n<style type=\"text\/css\" data-created_by=\"avia_inline_auto\" id=\"style-css-av-369sep-d362888ef90c122790b2b89dae9e9fab\">\n.flex_cell.av-369sep-d362888ef90c122790b2b89dae9e9fab{\nvertical-align:top;\n}\n.responsive #top #wrap_all .flex_cell.av-369sep-d362888ef90c122790b2b89dae9e9fab{\npadding:30px 30px 30px 30px !important;\n}\n<\/style>\n<div class='flex_cell av-369sep-d362888ef90c122790b2b89dae9e9fab av-gridrow-cell av_one_fourth no_margin  avia-builder-el-12  el_after_av_cell_one_fourth  el_before_av_cell_one_fourth  content-align-top'  ><div class='flex_cell_inner'>\n<style type=\"text\/css\" data-created_by=\"avia_inline_auto\" id=\"style-css-av-30rrjt-9e5b00f9822492e4ee96d875fbefc221\">\n.flex_column.av-30rrjt-9e5b00f9822492e4ee96d875fbefc221{\nborder-radius:0px 0px 0px 0px;\npadding:0px 0px 0px 0px;\n}\n<\/style>\n<div  class='flex_column av-30rrjt-9e5b00f9822492e4ee96d875fbefc221 av_one_full  avia-builder-el-13  avia-builder-el-no-sibling  first flex_column_div av-zero-column-padding  '     ><p>\n<style type=\"text\/css\" data-created_by=\"avia_inline_auto\" id=\"style-css-av-2vjlmp-a17440912cc248fc4d8ac580478edad8\">\n.avia-image-container.av-2vjlmp-a17440912cc248fc4d8ac580478edad8 img.avia_image{\nbox-shadow:none;\n}\n.avia-image-container.av-2vjlmp-a17440912cc248fc4d8ac580478edad8 .av-image-caption-overlay-center{\ncolor:#ffffff;\n}\n<\/style>\n<div  class='avia-image-container av-2vjlmp-a17440912cc248fc4d8ac580478edad8 av-styling- av-img-linked avia-align-center  avia-builder-el-14  el_before_av_textblock  avia-builder-el-first '   itemprop=\"image\" itemscope=\"itemscope\" itemtype=\"https:\/\/schema.org\/ImageObject\" ><div class=\"avia-image-container-inner\"><div class=\"avia-image-overlay-wrap\"><a href=\"https:\/\/thaibalancemassage.at\/de\/massagen\/thai-relax\/\" class='avia_image '  aria-label='02-thai-relax'><img decoding=\"async\" fetchpriority=\"high\" class='wp-image-1186 avia-img-lazy-loading-not-1186 avia_image ' src=\"https:\/\/thaibalancemassage.at\/wp-content\/uploads\/2015\/07\/02-thai-relax.jpg\" alt='\u00d6lmassage' title='02-thai-relax'  height=\"934\" width=\"1400\"  itemprop=\"thumbnailUrl\" srcset=\"https:\/\/thaibalancemassage.at\/wp-content\/uploads\/2015\/07\/02-thai-relax.jpg 1400w, https:\/\/thaibalancemassage.at\/wp-content\/uploads\/2015\/07\/02-thai-relax-300x200.jpg 300w, https:\/\/thaibalancemassage.at\/wp-content\/uploads\/2015\/07\/02-thai-relax-1030x687.jpg 1030w, https:\/\/thaibalancemassage.at\/wp-content\/uploads\/2015\/07\/02-thai-relax-768x512.jpg 768w, https:\/\/thaibalancemassage.at\/wp-content\/uploads\/2015\/07\/02-thai-relax-705x470.jpg 705w\" sizes=\"(max-width: 1400px) 100vw, 1400px\" \/><\/a><\/div><\/div><\/div><br \/>\n<section  class='av_textblock_section av-2r6cd5-d37a6b521caab044a7e55683cdec8b42 '   itemscope=\"itemscope\" itemtype=\"https:\/\/schema.org\/CreativeWork\" ><div class='avia_textblock'  itemprop=\"text\" ><h3 style=\"text-align: center;\">Thai relax<\/h3>\n<p style=\"text-align: center;\">Thai \u00d6lmassage<\/p>\n<\/div><\/section><\/p><\/div>\n<\/div><\/div>\n<style type=\"text\/css\" data-created_by=\"avia_inline_auto\" id=\"style-css-av-1ujt6p-8a3de291af8447aea6342516d0158981\">\n.flex_cell.av-1ujt6p-8a3de291af8447aea6342516d0158981{\nvertical-align:top;\n}\n.responsive #top #wrap_all .flex_cell.av-1ujt6p-8a3de291af8447aea6342516d0158981{\npadding:30px 30px 30px 30px !important;\n}\n<\/style>\n<div class='flex_cell av-1ujt6p-8a3de291af8447aea6342516d0158981 av-gridrow-cell av_one_fourth no_margin  avia-builder-el-16  el_after_av_cell_one_fourth  el_before_av_cell_one_fourth  content-align-top'  ><div class='flex_cell_inner'>\n<style type=\"text\/css\" data-created_by=\"avia_inline_auto\" id=\"style-css-av-1o4wop-a98ab27d4be2d0d915aed5b8c172f102\">\n.flex_column.av-1o4wop-a98ab27d4be2d0d915aed5b8c172f102{\nborder-radius:0px 0px 0px 0px;\npadding:0px 0px 0px 0px;\n}\n<\/style>\n<div  class='flex_column av-1o4wop-a98ab27d4be2d0d915aed5b8c172f102 av_one_full  avia-builder-el-17  avia-builder-el-no-sibling  first flex_column_div av-zero-column-padding  '     ><p>\n<style type=\"text\/css\" data-created_by=\"avia_inline_auto\" id=\"style-css-av-1j5sdt-761064701189904bd7c755c080e70222\">\n.avia-image-container.av-1j5sdt-761064701189904bd7c755c080e70222 img.avia_image{\nbox-shadow:none;\n}\n.avia-image-container.av-1j5sdt-761064701189904bd7c755c080e70222 .av-image-caption-overlay-center{\ncolor:#ffffff;\n}\n<\/style>\n<div  class='avia-image-container av-1j5sdt-761064701189904bd7c755c080e70222 av-styling- av-img-linked avia-align-center  avia-builder-el-18  el_before_av_textblock  avia-builder-el-first '   itemprop=\"image\" itemscope=\"itemscope\" itemtype=\"https:\/\/schema.org\/ImageObject\" ><div class=\"avia-image-container-inner\"><div class=\"avia-image-overlay-wrap\"><a href=\"https:\/\/thaibalancemassage.at\/de\/massagen\/thai-reflex\/\" class='avia_image '  aria-label='04-flinke-beine'><img decoding=\"async\" fetchpriority=\"high\" class='wp-image-1184 avia-img-lazy-loading-not-1184 avia_image ' src=\"https:\/\/thaibalancemassage.at\/wp-content\/uploads\/2015\/07\/04-flinke-beine.jpg\" alt='Fu\u00dfmassage' title='04-flinke-beine'  height=\"934\" width=\"1400\"  itemprop=\"thumbnailUrl\" srcset=\"https:\/\/thaibalancemassage.at\/wp-content\/uploads\/2015\/07\/04-flinke-beine.jpg 1400w, https:\/\/thaibalancemassage.at\/wp-content\/uploads\/2015\/07\/04-flinke-beine-300x200.jpg 300w, https:\/\/thaibalancemassage.at\/wp-content\/uploads\/2015\/07\/04-flinke-beine-1030x687.jpg 1030w, https:\/\/thaibalancemassage.at\/wp-content\/uploads\/2015\/07\/04-flinke-beine-768x512.jpg 768w, https:\/\/thaibalancemassage.at\/wp-content\/uploads\/2015\/07\/04-flinke-beine-705x470.jpg 705w\" sizes=\"(max-width: 1400px) 100vw, 1400px\" \/><\/a><\/div><\/div><\/div><br \/>\n<section  class='av_textblock_section av-1e1pu9-71387c734a5c041709d3dead4c114e16 '   itemscope=\"itemscope\" itemtype=\"https:\/\/schema.org\/CreativeWork\" ><div class='avia_textblock'  itemprop=\"text\" ><h3 style=\"text-align: center;\">Thai reflex<\/h3>\n<p style=\"text-align: center;\">Fu\u00dfmassage<\/p>\n<\/div><\/section><\/p><\/div>\n<\/div><\/div>\n<style type=\"text\/css\" data-created_by=\"avia_inline_auto\" id=\"style-css-av-189lk1-4af4a9f0e04877f06e87f18de39a1314\">\n.flex_cell.av-189lk1-4af4a9f0e04877f06e87f18de39a1314{\nvertical-align:top;\n}\n.responsive #top #wrap_all .flex_cell.av-189lk1-4af4a9f0e04877f06e87f18de39a1314{\npadding:30px 30px 30px 30px !important;\n}\n<\/style>\n<div class='flex_cell av-189lk1-4af4a9f0e04877f06e87f18de39a1314 av-gridrow-cell av_one_fourth no_margin  avia-builder-el-20  el_after_av_cell_one_fourth  avia-builder-el-last  content-align-top'  ><div class='flex_cell_inner'>\n<style type=\"text\/css\" data-created_by=\"avia_inline_auto\" id=\"style-css-av-14b02h-f648f1ffe530c0301ca8f44d7ac56486\">\n.flex_column.av-14b02h-f648f1ffe530c0301ca8f44d7ac56486{\nborder-radius:0px 0px 0px 0px;\npadding:0px 0px 0px 0px;\n}\n<\/style>\n<div  class='flex_column av-14b02h-f648f1ffe530c0301ca8f44d7ac56486 av_one_full  avia-builder-el-21  avia-builder-el-no-sibling  first flex_column_div av-zero-column-padding  '     ><p>\n<style type=\"text\/css\" data-created_by=\"avia_inline_auto\" id=\"style-css-av-vlr29-70c89173c727d573545583265036eafc\">\n.avia-image-container.av-vlr29-70c89173c727d573545583265036eafc img.avia_image{\nbox-shadow:none;\n}\n.avia-image-container.av-vlr29-70c89173c727d573545583265036eafc .av-image-caption-overlay-center{\ncolor:#ffffff;\n}\n<\/style>\n<div  class='avia-image-container av-vlr29-70c89173c727d573545583265036eafc av-styling- av-img-linked avia-align-center  avia-builder-el-22  el_before_av_textblock  avia-builder-el-first '   itemprop=\"image\" itemscope=\"itemscope\" itemtype=\"https:\/\/schema.org\/ImageObject\" ><div class=\"avia-image-container-inner\"><div class=\"avia-image-overlay-wrap\"><a href=\"https:\/\/thaibalancemassage.at\/de\/massagen\/kurz-und-schmerz-los\/\" class='avia_image '  aria-label='05-kurz-und-schmerzlos'><img decoding=\"async\" fetchpriority=\"high\" class='wp-image-1183 avia-img-lazy-loading-not-1183 avia_image ' src=\"https:\/\/thaibalancemassage.at\/wp-content\/uploads\/2015\/07\/05-kurz-und-schmerzlos.jpg\" alt='' title='05-kurz-und-schmerzlos'  height=\"934\" width=\"1400\"  itemprop=\"thumbnailUrl\" srcset=\"https:\/\/thaibalancemassage.at\/wp-content\/uploads\/2015\/07\/05-kurz-und-schmerzlos.jpg 1400w, https:\/\/thaibalancemassage.at\/wp-content\/uploads\/2015\/07\/05-kurz-und-schmerzlos-300x200.jpg 300w, https:\/\/thaibalancemassage.at\/wp-content\/uploads\/2015\/07\/05-kurz-und-schmerzlos-1030x687.jpg 1030w, https:\/\/thaibalancemassage.at\/wp-content\/uploads\/2015\/07\/05-kurz-und-schmerzlos-768x512.jpg 768w, https:\/\/thaibalancemassage.at\/wp-content\/uploads\/2015\/07\/05-kurz-und-schmerzlos-705x470.jpg 705w\" sizes=\"(max-width: 1400px) 100vw, 1400px\" \/><\/a><\/div><\/div><\/div><br \/>\n<section  class='av_textblock_section av-q4xex-46dc47f21278129d99f40632f33db7ca '   itemscope=\"itemscope\" itemtype=\"https:\/\/schema.org\/CreativeWork\" ><div class='avia_textblock'  itemprop=\"text\" ><h3 style=\"text-align: center;\">Kurz und schmerzlos<\/h3>\n<p style=\"text-align: center;\">Massage f\u00fcr Nacken und oberen R\u00fccken f\u00fcr schmerzgeplagte B\u00fcromenschen<\/p>\n<\/div><\/section><\/p><\/div>\n<\/div><\/div>\n<\/div><div id='after_grid_row_1'  class='main_color av_default_container_wrap container_wrap fullsize'  ><div class='container av-section-cont-open' ><div class='template-page content  av-content-full alpha units'><div class='post-entry post-entry-type-page post-entry-945'><div class='entry-content-wrapper clearfix'>\n<div  class='hr av-kgd7t-58f8876efaebfb9e28570edc52146a02 hr-default  avia-builder-el-24  el_after_av_layout_row  el_before_av_textblock  avia-builder-el-first '><span class='hr-inner '><span class=\"hr-inner-style\"><\/span><\/span><\/div>\n<section  class='av_textblock_section av-g4b5t-4cf4e98fec8c8bb97b0441cb22cd4c97 '   itemscope=\"itemscope\" itemtype=\"https:\/\/schema.org\/CreativeWork\" ><div class='avia_textblock'  itemprop=\"text\" ><p style=\"text-align: center;\"><a href=\"https:\/\/thaibalancemassage.at\/de\/massagen\/\">Zur \u00dcbersicht alle Massagen<\/a><\/p>\n<\/div><\/section>\n<div  class='avia-button-wrap avia-button-center  avia-builder-el-26  el_after_av_textblock  avia-builder-el-last '>\n<style type=\"text\/css\" data-created_by=\"avia_inline_auto\" id=\"style-css-av-9htih-9fc57c87748b03d6656ac23a364b35c4\">\n#top #wrap_all .avia-button.av-9htih-9fc57c87748b03d6656ac23a364b35c4{\ncolor:#ffffff;\ntransition:all 0.4s ease-in-out;\n}\n#top #wrap_all .avia-button.av-9htih-9fc57c87748b03d6656ac23a364b35c4:hover{\ncolor:#ffffff;\ntransition:all 0.4s ease-in-out;\n}\n#top #wrap_all .avia-button.av-9htih-9fc57c87748b03d6656ac23a364b35c4 .avia-svg-icon svg:first-child{\nfill:#ffffff;\nstroke:#ffffff;\n}\n#top #wrap_all .avia-button.av-9htih-9fc57c87748b03d6656ac23a364b35c4:hover .avia-svg-icon svg:first-child{\nfill:#ffffff;\nstroke:#ffffff;\n}\n<\/style>\n<a href='https:\/\/thaibalancemassage.at\/de\/massage-buchen\/' class='avia-color-theme-color avia-button avia-button-fullwidth av-9htih-9fc57c87748b03d6656ac23a364b35c4 avia-icon_select-no avia-color-theme-color'   aria-label=\"Jetzt reservieren\"><span class='avia_iconbox_title' >Jetzt reservieren<\/span><span class='avia_button_background avia-button avia-button-fullwidth avia-color-theme-color'><\/span><\/a><\/div>\n","protected":false},"excerpt":{"rendered":"","protected":false},"author":1,"featured_media":0,"parent":940,"menu_order":10,"comment_status":"closed","ping_status":"closed","template":"","meta":{"footnotes":""},"class_list":["post-945","page","type-page","status-publish","hentry"],"_links":{"self":[{"href":"https:\/\/thaibalancemassage.at\/de\/wp-json\/wp\/v2\/pages\/945","targetHints":{"allow":["GET"]}}],"collection":[{"href":"https:\/\/thaibalancemassage.at\/de\/wp-json\/wp\/v2\/pages"}],"about":[{"href":"https:\/\/thaibalancemassage.at\/de\/wp-json\/wp\/v2\/types\/page"}],"author":[{"embeddable":true,"href":"https:\/\/thaibalancemassage.at\/de\/wp-json\/wp\/v2\/users\/1"}],"replies":[{"embeddable":true,"href":"https:\/\/thaibalancemassage.at\/de\/wp-json\/wp\/v2\/comments?post=945"}],"version-history":[{"count":65,"href":"https:\/\/thaibalancemassage.at\/de\/wp-json\/wp\/v2\/pages\/945\/revisions"}],"predecessor-version":[{"id":3638,"href":"https:\/\/thaibalancemassage.at\/de\/wp-json\/wp\/v2\/pages\/945\/revisions\/3638"}],"up":[{"embeddable":true,"href":"https:\/\/thaibalancemassage.at\/de\/wp-json\/wp\/v2\/pages\/940"}],"wp:attachment":[{"href":"https:\/\/thaibalancemassage.at\/de\/wp-json\/wp\/v2\/media?parent=945"}],"curies":[{"name":"wp","href":"https:\/\/api.w.org\/{rel}","templated":true}]}}