{"id":940,"date":"2017-06-21T12:16:54","date_gmt":"2017-06-21T12:16:54","guid":{"rendered":"https:\/\/thaibalancemassage.at\/?page_id=940"},"modified":"2023-02-19T14:28:12","modified_gmt":"2023-02-19T13:28:12","slug":"massagen","status":"publish","type":"page","link":"https:\/\/thaibalancemassage.at\/de\/massagen\/","title":{"rendered":"Thai Massagen"},"content":{"rendered":"<\/p>\n<div class=\"flex_column av_one_fifth  flex_column_div av-zero-column-padding first  avia-builder-el-0  el_before_av_three_fifth  avia-builder-el-first  \" style='border-radius:0px; '><\/div>\n<div class=\"flex_column av_three_fifth  flex_column_div   avia-builder-el-1  el_after_av_one_fifth  el_before_av_one_fifth  \" style='padding:10% 0px 0px 0px ; border-radius:0px; '><section class=\"av_textblock_section \"  itemscope=\"itemscope\" itemtype=\"https:\/\/schema.org\/CreativeWork\" ><div class='avia_textblock  '   itemprop=\"text\" ><h1 class=\"title\" style=\"text-align: center;\">Wir sind ein Team aus Profis. Wir begleiten Sie zu Gl\u00fcck und Balance.<\/h1>\n<h3 class=\"subtitle\" style=\"text-align: center;\">Thai Massagen zum Wohlf\u00fchlen und als Therapie.<\/h3>\n<p class=\"mehr\" style=\"text-align: center;\">\n<p class=\"mehr\" style=\"text-align: center;\">\n<p style=\"text-align: center;\">Entspannung statt Verspannung. Dem Alltag entfliehen. Schmerzen l\u00f6sen statt ertragen. Authentische Behandlungen, langj\u00e4hrige Erfahrung und pers\u00f6nliche Beratung in unserem zentral gelegenen Massagestudio N\u00e4he Schwedenplatz\/Taborstra\u00dfe.<\/p>\n<\/div><\/section><\/div>\n<div class=\"flex_column av_one_fifth  flex_column_div av-zero-column-padding   avia-builder-el-3  el_after_av_three_fifth  el_before_av_layout_row  avia-builder-el-last  \" style='border-radius:0px; '><\/div>\n<\/div><\/div><\/div><!-- close content main div --><\/div><\/div><div id='av-layout-grid-1'  class='av-layout-grid-container entry-content-wrapper main_color av-flex-cells     avia-builder-el-4  el_after_av_one_fifth  el_before_av_hr  submenu-not-first container_wrap fullsize' style=' '  >\n<div class=\"flex_cell no_margin av_one_full  avia-builder-el-5  avia-builder-el-no-sibling   \"  style='vertical-align:top; padding:30px; ' ><div class='flex_cell_inner' ><div  class='avia-image-container  av-styling-    avia-builder-el-6  avia-builder-el-no-sibling  avia-align-center '  itemprop=\"image\" itemscope=\"itemscope\" itemtype=\"https:\/\/schema.org\/ImageObject\"  ><div class='avia-image-container-inner'><div class='avia-image-overlay-wrap'><img decoding=\"async\" class='wp-image-1189 avia-img-lazy-loading-not-1189 avia_image' src=\"https:\/\/thaibalancemassage.at\/wp-content\/uploads\/2015\/07\/header-about-us.jpg\" alt='' title='header-about-us' height=\"934\" width=\"1400\"  itemprop=\"thumbnailUrl\" srcset=\"https:\/\/thaibalancemassage.at\/wp-content\/uploads\/2015\/07\/header-about-us.jpg 1400w, https:\/\/thaibalancemassage.at\/wp-content\/uploads\/2015\/07\/header-about-us-300x200.jpg 300w, https:\/\/thaibalancemassage.at\/wp-content\/uploads\/2015\/07\/header-about-us-768x512.jpg 768w, https:\/\/thaibalancemassage.at\/wp-content\/uploads\/2015\/07\/header-about-us-1030x687.jpg 1030w, https:\/\/thaibalancemassage.at\/wp-content\/uploads\/2015\/07\/header-about-us-705x470.jpg 705w, https:\/\/thaibalancemassage.at\/wp-content\/uploads\/2015\/07\/header-about-us-450x300.jpg 450w\" sizes=\"(max-width: 1400px) 100vw, 1400px\" \/><\/div><\/div><\/div>\n<\/div><\/div>\n<\/div><div id='after_submenu_1'  class='main_color av_default_container_wrap container_wrap fullsize' style=' '  ><div class='container' ><div class='template-page content  av-content-full alpha units'><div class='post-entry post-entry-type-page post-entry-940'><div class='entry-content-wrapper clearfix'>\n<div   class='hr hr-default   avia-builder-el-7  el_after_av_layout_row  el_before_av_one_fifth  avia-builder-el-first '><span class='hr-inner ' ><span class='hr-inner-style'><\/span><\/span><\/div>\n<div class=\"flex_column av_one_fifth  flex_column_div av-zero-column-padding first  avia-builder-el-8  el_after_av_hr  el_before_av_three_fifth  \" style='border-radius:0px; '><\/div>\n<div class=\"flex_column av_three_fifth  flex_column_div av-zero-column-padding   avia-builder-el-9  el_after_av_one_fifth  el_before_av_one_fifth  \" style='border-radius:0px; '><section class=\"av_textblock_section \"  itemscope=\"itemscope\" itemtype=\"https:\/\/schema.org\/CreativeWork\" ><div class='avia_textblock  '   itemprop=\"text\" ><h2 class=\"title\" style=\"text-align: center;\">Wohlf\u00fchl Massagen &#8211; G\u00f6nn ich mir!<\/h2>\n<p style=\"text-align: center;\">\n<\/div><\/section><\/div>\n<div class=\"flex_column av_one_fifth  flex_column_div av-zero-column-padding   avia-builder-el-11  el_after_av_three_fifth  el_before_av_one_full  \" style='border-radius:0px; '><\/div>\n<div class=\"flex_column av_one_full  flex_column_div first  avia-builder-el-12  el_after_av_one_fifth  el_before_av_one_third  column-top-margin\" style='padding:30px; background-color:#9bb19a; border-radius:0px; '><section class=\"av_textblock_section \"  itemscope=\"itemscope\" itemtype=\"https:\/\/schema.org\/CreativeWork\" ><div class='avia_textblock  av_inherit_color '  style='color:#ffffff; '  itemprop=\"text\" ><p>Sie m\u00f6chten Ihren stressigen Alltag f\u00fcr eine Weile entkommen? Bei uns sind Sie richtig. Genie\u00dfen Sie unsere Wohlf\u00fchl Massagen und finden Sie Ihre Balance.<\/p>\n<p>Von dynamisch kraftvoll bis sanft entschleunigend &#8211; wir haben die richtige Massage f\u00fcr Sie: zur Lockerung Ihrer verspannten Muskeln oder einfach nur zum Entspannen von K\u00f6rper und Seele. Lassen Sie sich verw\u00f6hnen!<\/p>\n<\/div><\/section><\/div>\n<div class=\"flex_column av_one_third  flex_column_div av-zero-column-padding first  avia-builder-el-14  el_after_av_one_full  el_before_av_one_third  column-top-margin\" style='border-radius:0px; '><p><div  class='avia-image-container  av-styling-    avia-builder-el-15  el_before_av_textblock  avia-builder-el-first  avia-align-center '  itemprop=\"image\" itemscope=\"itemscope\" itemtype=\"https:\/\/schema.org\/ImageObject\"  ><div class='avia-image-container-inner'><div class='avia-image-overlay-wrap'><a href='https:\/\/thaibalancemassage.at\/de\/massagen\/thai-pur\/' class='avia_image'  ><img decoding=\"async\" width=\"1400\" height=\"934\" class='wp-image-1187 avia-img-lazy-loading-not-1187 avia_image' src=\"https:\/\/thaibalancemassage.at\/wp-content\/uploads\/2015\/07\/01-thai-pur.jpg\" alt='Thai Massage' title='01-thai-pur'  itemprop=\"thumbnailUrl\" srcset=\"https:\/\/thaibalancemassage.at\/wp-content\/uploads\/2015\/07\/01-thai-pur.jpg 1400w, https:\/\/thaibalancemassage.at\/wp-content\/uploads\/2015\/07\/01-thai-pur-300x200.jpg 300w, https:\/\/thaibalancemassage.at\/wp-content\/uploads\/2015\/07\/01-thai-pur-768x512.jpg 768w, https:\/\/thaibalancemassage.at\/wp-content\/uploads\/2015\/07\/01-thai-pur-1030x687.jpg 1030w, https:\/\/thaibalancemassage.at\/wp-content\/uploads\/2015\/07\/01-thai-pur-705x470.jpg 705w, https:\/\/thaibalancemassage.at\/wp-content\/uploads\/2015\/07\/01-thai-pur-450x300.jpg 450w\" sizes=\"(max-width: 1400px) 100vw, 1400px\" \/><\/a><\/div><\/div><\/div><br \/>\n<section class=\"av_textblock_section \"  itemscope=\"itemscope\" itemtype=\"https:\/\/schema.org\/CreativeWork\" ><div class='avia_textblock  '   itemprop=\"text\" ><h3 style=\"text-align: center;\"><a href=\"https:\/\/thaibalancemassage.at\/massagen\/thai-pur\/\">Thai pur*<\/a><\/h3>\n<p style=\"text-align: center;\">Thai Massage<\/p>\n<\/div><\/section><\/p><\/div>\n<div class=\"flex_column av_one_third  flex_column_div av-zero-column-padding   avia-builder-el-17  el_after_av_one_third  el_before_av_one_third  column-top-margin\" style='border-radius:0px; '><p><div  class='avia-image-container  av-styling-    avia-builder-el-18  el_before_av_textblock  avia-builder-el-first  avia-align-center '  itemprop=\"image\" itemscope=\"itemscope\" itemtype=\"https:\/\/schema.org\/ImageObject\"  ><div class='avia-image-container-inner'><div class='avia-image-overlay-wrap'><a href='https:\/\/thaibalancemassage.at\/de\/massagen\/thai-relax\/' class='avia_image'  ><img decoding=\"async\" width=\"1400\" height=\"934\" class='wp-image-2391 avia-img-lazy-loading-not-2391 avia_image' src=\"https:\/\/thaibalancemassage.at\/wp-content\/uploads\/2020\/11\/thai-relax-2020.jpg\" alt='\u00d6lmassage Thai relax' title='thai-relax-2020'  itemprop=\"thumbnailUrl\" srcset=\"https:\/\/thaibalancemassage.at\/wp-content\/uploads\/2020\/11\/thai-relax-2020.jpg 1400w, https:\/\/thaibalancemassage.at\/wp-content\/uploads\/2020\/11\/thai-relax-2020-300x200.jpg 300w, https:\/\/thaibalancemassage.at\/wp-content\/uploads\/2020\/11\/thai-relax-2020-1030x687.jpg 1030w, https:\/\/thaibalancemassage.at\/wp-content\/uploads\/2020\/11\/thai-relax-2020-768x512.jpg 768w, https:\/\/thaibalancemassage.at\/wp-content\/uploads\/2020\/11\/thai-relax-2020-705x470.jpg 705w\" sizes=\"(max-width: 1400px) 100vw, 1400px\" \/><\/a><\/div><\/div><\/div><br \/>\n<section class=\"av_textblock_section \"  itemscope=\"itemscope\" itemtype=\"https:\/\/schema.org\/CreativeWork\" ><div class='avia_textblock  '   itemprop=\"text\" ><h3 style=\"text-align: center;\"><a href=\"https:\/\/thaibalancemassage.at\/massagen\/thai-relax\/\">Thai relax*<\/a><\/h3>\n<p style=\"text-align: center;\">\u00d6lmassage<\/p>\n<\/div><\/section><\/p><\/div>\n<div class=\"flex_column av_one_third  flex_column_div av-zero-column-padding   avia-builder-el-20  el_after_av_one_third  el_before_av_textblock  column-top-margin\" style='border-radius:0px; '><p><div  class='avia-image-container  av-styling-    avia-builder-el-21  el_before_av_textblock  avia-builder-el-first  avia-align-center '  itemprop=\"image\" itemscope=\"itemscope\" itemtype=\"https:\/\/schema.org\/ImageObject\"  ><div class='avia-image-container-inner'><div class='avia-image-overlay-wrap'><a href='https:\/\/thaibalancemassage.at\/de\/massagen\/thai-reflex\/' class='avia_image'  ><img decoding=\"async\" width=\"1400\" height=\"934\" class='wp-image-2403 avia-img-lazy-loading-not-2403 avia_image' src=\"https:\/\/thaibalancemassage.at\/wp-content\/uploads\/2020\/11\/thai-reflex-2020.jpg\" alt='Fu\u00dfreflexzonenmassage Thai reflex, Fu\u00dfmassage' title='thai-reflex-2020'  itemprop=\"thumbnailUrl\" srcset=\"https:\/\/thaibalancemassage.at\/wp-content\/uploads\/2020\/11\/thai-reflex-2020.jpg 1400w, https:\/\/thaibalancemassage.at\/wp-content\/uploads\/2020\/11\/thai-reflex-2020-300x200.jpg 300w, https:\/\/thaibalancemassage.at\/wp-content\/uploads\/2020\/11\/thai-reflex-2020-1030x687.jpg 1030w, https:\/\/thaibalancemassage.at\/wp-content\/uploads\/2020\/11\/thai-reflex-2020-768x512.jpg 768w, https:\/\/thaibalancemassage.at\/wp-content\/uploads\/2020\/11\/thai-reflex-2020-705x470.jpg 705w\" sizes=\"(max-width: 1400px) 100vw, 1400px\" \/><\/a><\/div><\/div><\/div><br \/>\n<section class=\"av_textblock_section \"  itemscope=\"itemscope\" itemtype=\"https:\/\/schema.org\/CreativeWork\" ><div class='avia_textblock  '   itemprop=\"text\" ><h3 style=\"text-align: center;\"><a href=\"https:\/\/thaibalancemassage.at\/massagen\/thai-reflex\/\">Thai Reflex<\/a><\/h3>\n<p style=\"text-align: center;\">Fu\u00dfmassage<\/p>\n<\/div><\/section><\/p><\/div>\n<section class=\"av_textblock_section \"  itemscope=\"itemscope\" itemtype=\"https:\/\/schema.org\/CreativeWork\" ><div class='avia_textblock  '   itemprop=\"text\" ><p style=\"text-align: center;\">(*) Diese Ganzk\u00f6rpermassagen k\u00f6nnen Sie als Wohlf\u00fchlmassage oder mit einem der folgenden therapeutischen Schwerpunkte zur Verbesserung Ihres Wohlbefindens genie\u00dfen.<\/p>\n<\/div><\/section>\n<div class=\"flex_column av_one_full  flex_column_div first  avia-builder-el-24  el_after_av_textblock  el_before_av_one_full  column-top-margin\" style='padding:10% 0px 0px 0px ; border-radius:0px; '><section class=\"av_textblock_section \"  itemscope=\"itemscope\" itemtype=\"https:\/\/schema.org\/CreativeWork\" ><div class='avia_textblock  '   itemprop=\"text\" ><h2 class=\"title\" style=\"text-align: center;\">Therapeutische Schwerpunkte &#8211; Tut mir gut!<\/h2>\n<p style=\"text-align: center;\">\n<\/div><\/section><\/div>\n<div class=\"flex_column av_one_full  flex_column_div first  avia-builder-el-26  el_after_av_one_full  el_before_av_one_third  column-top-margin\" style='padding:30px; background-color:#9bb19a; border-radius:0px; '><section class=\"av_textblock_section \"  itemscope=\"itemscope\" itemtype=\"https:\/\/schema.org\/CreativeWork\" ><div class='avia_textblock  av_inherit_color '  style='color:#ffffff; '  itemprop=\"text\" ><p>Eine professionell durchgef\u00fchrte Massage f\u00fchrt nicht nur zu einem Wohlf\u00fchl-Effekt, sondern kann k\u00f6rperliche und seelische Blockaden l\u00f6sen, Kreislauf und Stoffwechsel anregen und die Selbstheilungskr\u00e4fte aktivieren. Das kann ein wichtiger Beitrag sein, um typische Alltagsbeschwerden wie Verspannungen, Kopfschmerz, Energiemangel, Schlafst\u00f6rungen, Ersch\u00f6pfung oder R\u00fcckenschmerzen zu reduzieren.<\/p>\n<\/div><\/section><\/div>\n<div class=\"flex_column av_one_third  flex_column_div av-zero-column-padding first  avia-builder-el-28  el_after_av_one_full  el_before_av_one_third  column-top-margin\" style='border-radius:0px; '><p><div  class='avia-image-container  av-styling-    avia-builder-el-29  el_before_av_textblock  avia-builder-el-first  avia-align-center '  itemprop=\"image\" itemscope=\"itemscope\" itemtype=\"https:\/\/schema.org\/ImageObject\"  ><div class='avia-image-container-inner'><div class='avia-image-overlay-wrap'><a href='https:\/\/thaibalancemassage.at\/de\/massagen\/kopfweh-ade\/' class='avia_image'  ><img decoding=\"async\" width=\"1400\" height=\"934\" class='wp-image-2405 avia-img-lazy-loading-not-2405 avia_image' src=\"https:\/\/thaibalancemassage.at\/wp-content\/uploads\/2020\/11\/kopfweh-ade-2020.jpg\" alt='Kopfmassage gegen Kopfweh' title='kopfweh-ade-2020'  itemprop=\"thumbnailUrl\" srcset=\"https:\/\/thaibalancemassage.at\/wp-content\/uploads\/2020\/11\/kopfweh-ade-2020.jpg 1400w, https:\/\/thaibalancemassage.at\/wp-content\/uploads\/2020\/11\/kopfweh-ade-2020-300x200.jpg 300w, https:\/\/thaibalancemassage.at\/wp-content\/uploads\/2020\/11\/kopfweh-ade-2020-1030x687.jpg 1030w, https:\/\/thaibalancemassage.at\/wp-content\/uploads\/2020\/11\/kopfweh-ade-2020-768x512.jpg 768w, https:\/\/thaibalancemassage.at\/wp-content\/uploads\/2020\/11\/kopfweh-ade-2020-705x470.jpg 705w\" sizes=\"(max-width: 1400px) 100vw, 1400px\" \/><\/a><\/div><\/div><\/div><br \/>\n<section class=\"av_textblock_section \"  itemscope=\"itemscope\" itemtype=\"https:\/\/schema.org\/CreativeWork\" ><div class='avia_textblock  '   itemprop=\"text\" ><h3 style=\"text-align: center;\"><a href=\"https:\/\/thaibalancemassage.at\/massagen\/kopfweh-ade\/\">Kopfweh Ad\u00e9<\/a><\/h3>\n<p style=\"text-align: center;\">Massage bei Kopfweh<\/p>\n<\/div><\/section><\/p><\/div>\n<div class=\"flex_column av_one_third  flex_column_div av-zero-column-padding   avia-builder-el-31  el_after_av_one_third  el_before_av_one_third  column-top-margin\" style='border-radius:0px; '><p><div  class='avia-image-container  av-styling-    avia-builder-el-32  el_before_av_textblock  avia-builder-el-first  avia-align-center '  itemprop=\"image\" itemscope=\"itemscope\" itemtype=\"https:\/\/schema.org\/ImageObject\"  ><div class='avia-image-container-inner'><div class='avia-image-overlay-wrap'><a href='https:\/\/thaibalancemassage.at\/de\/massagen\/agiler-nacken\/' class='avia_image'  ><img decoding=\"async\" width=\"1400\" height=\"934\" class='wp-image-2407 avia-img-lazy-loading-not-2407 avia_image' src=\"https:\/\/thaibalancemassage.at\/wp-content\/uploads\/2020\/11\/agilernacken-2020.jpg\" alt='Nackenmassage f\u00fcr agilen Nacken' title='agilernacken-2020'  itemprop=\"thumbnailUrl\" srcset=\"https:\/\/thaibalancemassage.at\/wp-content\/uploads\/2020\/11\/agilernacken-2020.jpg 1400w, https:\/\/thaibalancemassage.at\/wp-content\/uploads\/2020\/11\/agilernacken-2020-300x200.jpg 300w, https:\/\/thaibalancemassage.at\/wp-content\/uploads\/2020\/11\/agilernacken-2020-1030x687.jpg 1030w, https:\/\/thaibalancemassage.at\/wp-content\/uploads\/2020\/11\/agilernacken-2020-768x512.jpg 768w, https:\/\/thaibalancemassage.at\/wp-content\/uploads\/2020\/11\/agilernacken-2020-705x470.jpg 705w\" sizes=\"(max-width: 1400px) 100vw, 1400px\" \/><\/a><\/div><\/div><\/div><br \/>\n<section class=\"av_textblock_section \"  itemscope=\"itemscope\" itemtype=\"https:\/\/schema.org\/CreativeWork\" ><div class='avia_textblock  '   itemprop=\"text\" ><h3 style=\"text-align: center;\"><a href=\"https:\/\/thaibalancemassage.at\/massagen\/agiler-nacken\/\">Agiler Nacken<\/a><\/h3>\n<p style=\"text-align: center;\">Massage bei Nackenverspannungen<\/p>\n<\/div><\/section><\/p><\/div>\n<div class=\"flex_column av_one_third  flex_column_div av-zero-column-padding   avia-builder-el-34  el_after_av_one_third  el_before_av_one_third  column-top-margin\" style='border-radius:0px; '><p><div  class='avia-image-container  av-styling-    avia-builder-el-35  el_before_av_textblock  avia-builder-el-first  avia-align-center '  itemprop=\"image\" itemscope=\"itemscope\" itemtype=\"https:\/\/schema.org\/ImageObject\"  ><div class='avia-image-container-inner'><div class='avia-image-overlay-wrap'><a href='https:\/\/thaibalancemassage.at\/de\/massagen\/mobile-schultern\/' class='avia_image'  ><img decoding=\"async\" width=\"1400\" height=\"934\" class='wp-image-2409 avia-img-lazy-loading-not-2409 avia_image' src=\"https:\/\/thaibalancemassage.at\/wp-content\/uploads\/2020\/11\/mobile-schultern-2020.jpg\" alt='Massage Schultern f\u00fcr Mobile Schultern' title='mobile-schultern-2020'  itemprop=\"thumbnailUrl\" srcset=\"https:\/\/thaibalancemassage.at\/wp-content\/uploads\/2020\/11\/mobile-schultern-2020.jpg 1400w, https:\/\/thaibalancemassage.at\/wp-content\/uploads\/2020\/11\/mobile-schultern-2020-300x200.jpg 300w, https:\/\/thaibalancemassage.at\/wp-content\/uploads\/2020\/11\/mobile-schultern-2020-1030x687.jpg 1030w, https:\/\/thaibalancemassage.at\/wp-content\/uploads\/2020\/11\/mobile-schultern-2020-768x512.jpg 768w, https:\/\/thaibalancemassage.at\/wp-content\/uploads\/2020\/11\/mobile-schultern-2020-705x470.jpg 705w\" sizes=\"(max-width: 1400px) 100vw, 1400px\" \/><\/a><\/div><\/div><\/div><br \/>\n<section class=\"av_textblock_section \"  itemscope=\"itemscope\" itemtype=\"https:\/\/schema.org\/CreativeWork\" ><div class='avia_textblock  '   itemprop=\"text\" ><h3 style=\"text-align: center;\"><a href=\"https:\/\/thaibalancemassage.at\/massagen\/mobile-schultern\/\">Mobile Schultern<\/a><\/h3>\n<p style=\"text-align: center;\">Massage bei verspannten Schultern<\/p>\n<\/div><\/section><\/p><\/div>\n<div class=\"flex_column av_one_third  flex_column_div av-zero-column-padding first  avia-builder-el-37  el_after_av_one_third  el_before_av_one_third  column-top-margin\" style='border-radius:0px; '><\/div>\n<div class=\"flex_column av_one_third  flex_column_div av-zero-column-padding   avia-builder-el-38  el_after_av_one_third  el_before_av_one_full  column-top-margin\" style='border-radius:0px; '><p><div  class='avia-image-container  av-styling-    avia-builder-el-39  el_before_av_textblock  avia-builder-el-first  avia-align-center '  itemprop=\"image\" itemscope=\"itemscope\" itemtype=\"https:\/\/schema.org\/ImageObject\"  ><div class='avia-image-container-inner'><div class='avia-image-overlay-wrap'><a href='https:\/\/thaibalancemassage.at\/de\/massagen\/gesunder-ruecken\/' class='avia_image'  ><img decoding=\"async\" width=\"1400\" height=\"934\" class='wp-image-2411 avia-img-lazy-loading-not-2411 avia_image' src=\"https:\/\/thaibalancemassage.at\/wp-content\/uploads\/2020\/11\/gesunder-ruecken-2020.jpg\" alt='R\u00fcckenmassage f\u00fcr Gesunden R\u00fccken' title='gesunder-ruecken-2020'  itemprop=\"thumbnailUrl\" srcset=\"https:\/\/thaibalancemassage.at\/wp-content\/uploads\/2020\/11\/gesunder-ruecken-2020.jpg 1400w, https:\/\/thaibalancemassage.at\/wp-content\/uploads\/2020\/11\/gesunder-ruecken-2020-300x200.jpg 300w, https:\/\/thaibalancemassage.at\/wp-content\/uploads\/2020\/11\/gesunder-ruecken-2020-1030x687.jpg 1030w, https:\/\/thaibalancemassage.at\/wp-content\/uploads\/2020\/11\/gesunder-ruecken-2020-768x512.jpg 768w, https:\/\/thaibalancemassage.at\/wp-content\/uploads\/2020\/11\/gesunder-ruecken-2020-705x470.jpg 705w\" sizes=\"(max-width: 1400px) 100vw, 1400px\" \/><\/a><\/div><\/div><\/div><br \/>\n<section class=\"av_textblock_section \"  itemscope=\"itemscope\" itemtype=\"https:\/\/schema.org\/CreativeWork\" ><div class='avia_textblock  '   itemprop=\"text\" ><h3 style=\"text-align: center;\"><a href=\"https:\/\/thaibalancemassage.at\/massagen\/gesunder-ruecken\/\">Gesunder R\u00fccken<\/a><\/h3>\n<p style=\"text-align: center;\">Massage bei R\u00fcckenbeschwerden<\/p>\n<\/div><\/section><\/p><\/div>\n<div class=\"flex_column av_one_full  flex_column_div av-zero-column-padding first  avia-builder-el-41  el_after_av_one_third  el_before_av_one_third  column-top-margin\" style='border-radius:0px; '><section class=\"av_textblock_section \"  itemscope=\"itemscope\" itemtype=\"https:\/\/schema.org\/CreativeWork\" ><div class='avia_textblock  '   itemprop=\"text\" ><h2 class=\"title\" style=\"text-align: center;\">Unser Angebot\u00a0f\u00fcr schmerzgeplagte B\u00fcromenschen<\/h2>\n<p style=\"text-align: center;\">\n<\/div><\/section><\/div>\n<div class=\"flex_column av_one_third  flex_column_div av-zero-column-padding first  avia-builder-el-43  el_after_av_one_full  el_before_av_one_third  column-top-margin\" style='border-radius:0px; '><\/div>\n<div class=\"flex_column av_one_third  flex_column_div av-zero-column-padding   avia-builder-el-44  el_after_av_one_third  el_before_av_button_big  avia-builder-el-last  column-top-margin\" style='border-radius:0px; '><p><div  class='avia-image-container  av-styling-    avia-builder-el-45  el_before_av_textblock  avia-builder-el-first  avia-align-center '  itemprop=\"image\" itemscope=\"itemscope\" itemtype=\"https:\/\/schema.org\/ImageObject\"  ><div class='avia-image-container-inner'><div class='avia-image-overlay-wrap'><a href='https:\/\/thaibalancemassage.at\/de\/massagen\/kurz-und-schmerz-los\/' class='avia_image'  ><img decoding=\"async\" width=\"1400\" height=\"934\" class='wp-image-2413 avia-img-lazy-loading-not-2413 avia_image' src=\"https:\/\/thaibalancemassage.at\/wp-content\/uploads\/2020\/11\/kurz-und-schmerzlos-2020.jpg\" alt='Kurz und Schmerz los Massage' title='kurz-und-schmerzlos-2020'  itemprop=\"thumbnailUrl\" srcset=\"https:\/\/thaibalancemassage.at\/wp-content\/uploads\/2020\/11\/kurz-und-schmerzlos-2020.jpg 1400w, https:\/\/thaibalancemassage.at\/wp-content\/uploads\/2020\/11\/kurz-und-schmerzlos-2020-300x200.jpg 300w, https:\/\/thaibalancemassage.at\/wp-content\/uploads\/2020\/11\/kurz-und-schmerzlos-2020-1030x687.jpg 1030w, https:\/\/thaibalancemassage.at\/wp-content\/uploads\/2020\/11\/kurz-und-schmerzlos-2020-768x512.jpg 768w, https:\/\/thaibalancemassage.at\/wp-content\/uploads\/2020\/11\/kurz-und-schmerzlos-2020-705x470.jpg 705w\" sizes=\"(max-width: 1400px) 100vw, 1400px\" \/><\/a><\/div><\/div><\/div><br \/>\n<section class=\"av_textblock_section \"  itemscope=\"itemscope\" itemtype=\"https:\/\/schema.org\/CreativeWork\" ><div class='avia_textblock  '   itemprop=\"text\" ><h3 style=\"text-align: center;\"><a href=\"https:\/\/thaibalancemassage.at\/massagen\/kurz-und-schmerz-los\/\">Kurz und Schmerz los<\/a><\/h3>\n<p style=\"text-align: center;\">Massage f\u00fcr Nacken und oberen R\u00fccken<\/p>\n<\/div><\/section><\/p><\/div>\n<div  class='avia-button-wrap avia-button-center  avia-builder-el-47  el_after_av_one_third  avia-builder-el-last ' ><a href='https:\/\/thaibalancemassage.at\/de\/massage-buchen\/' class='avia-button avia-button-fullwidth   avia-icon_select-no avia-color-theme-color '  style='color:#ffffff; ' ><span class='avia_iconbox_title' >Jetzt reservieren<\/span><span class='avia_button_background avia-button avia-button-fullwidth avia-color-theme-color' ><\/span><\/a><\/div>\n","protected":false},"excerpt":{"rendered":"","protected":false},"author":1,"featured_media":0,"parent":0,"menu_order":0,"comment_status":"closed","ping_status":"closed","template":"","meta":{"footnotes":""},"class_list":["post-940","page","type-page","status-publish","hentry"],"_links":{"self":[{"href":"https:\/\/thaibalancemassage.at\/de\/wp-json\/wp\/v2\/pages\/940","targetHints":{"allow":["GET"]}}],"collection":[{"href":"https:\/\/thaibalancemassage.at\/de\/wp-json\/wp\/v2\/pages"}],"about":[{"href":"https:\/\/thaibalancemassage.at\/de\/wp-json\/wp\/v2\/types\/page"}],"author":[{"embeddable":true,"href":"https:\/\/thaibalancemassage.at\/de\/wp-json\/wp\/v2\/users\/1"}],"replies":[{"embeddable":true,"href":"https:\/\/thaibalancemassage.at\/de\/wp-json\/wp\/v2\/comments?post=940"}],"version-history":[{"count":70,"href":"https:\/\/thaibalancemassage.at\/de\/wp-json\/wp\/v2\/pages\/940\/revisions"}],"predecessor-version":[{"id":3569,"href":"https:\/\/thaibalancemassage.at\/de\/wp-json\/wp\/v2\/pages\/940\/revisions\/3569"}],"wp:attachment":[{"href":"https:\/\/thaibalancemassage.at\/de\/wp-json\/wp\/v2\/media?parent=940"}],"curies":[{"name":"wp","href":"https:\/\/api.w.org\/{rel}","templated":true}]}}