{"id":2534,"date":"2021-01-27T10:25:54","date_gmt":"2021-01-27T09:25:54","guid":{"rendered":"https:\/\/thaibalancemassage.at\/?page_id=2534"},"modified":"2024-12-26T22:47:16","modified_gmt":"2024-12-26T21:47:16","slug":"home","status":"publish","type":"page","link":"https:\/\/thaibalancemassage.at\/de\/","title":{"rendered":"Tut mir gut"},"content":{"rendered":"<div id='full_slider_1'  class='avia-fullwidth-slider main_color avia-shadow   avia-builder-el-0  el_before_av_layout_row  avia-builder-el-first   container_wrap fullsize'  ><div  class='avia-slideshow av-6dpf8e-73e4b91979c56571dd0443ad71d84b81 avia-slideshow-no scaling av_slideshow_full avia-fade-slider av-slideshow-ui av-control-default av-slideshow-autoplay av-loop-endless av-loop-manual-endless av-default-height-applied   avia-slideshow-1' data-slideshow-options=\"{&quot;animation&quot;:&quot;fade&quot;,&quot;autoplay&quot;:true,&quot;loop_autoplay&quot;:&quot;endless&quot;,&quot;interval&quot;:10,&quot;loop_manual&quot;:&quot;manual-endless&quot;,&quot;autoplay_stopper&quot;:false,&quot;noNavigation&quot;:false,&quot;bg_slider&quot;:false,&quot;keep_padding&quot;:false,&quot;hoverpause&quot;:false,&quot;show_slide_delay&quot;:0}\"  itemprop=\"image\" itemscope=\"itemscope\" itemtype=\"https:\/\/schema.org\/ImageObject\" ><ul class='avia-slideshow-inner ' style='padding-bottom: 48.589164785553%;'><li  class='avia-slideshow-slide av-6dpf8e-73e4b91979c56571dd0443ad71d84b81__0  av-single-slide slide-1 slide-odd'><a href=\"https:\/\/thaibalancemassage.at\/de\/gutscheine\/\"  data-rel='slideshow-1' class='avia-slide-wrap '   ><img decoding=\"async\" fetchpriority=\"high\" class=\"wp-image-1633 avia-img-lazy-loading-not-1633\"  src=\"https:\/\/thaibalancemassage.at\/wp-content\/uploads\/2018\/10\/TBM-Gutschein-Rueckseite.png\" width=\"1772\" height=\"861\" title='TBM-Gutschein-Rueckseite' alt=''  itemprop=\"thumbnailUrl\" srcset=\"https:\/\/thaibalancemassage.at\/wp-content\/uploads\/2018\/10\/TBM-Gutschein-Rueckseite.png 1772w, https:\/\/thaibalancemassage.at\/wp-content\/uploads\/2018\/10\/TBM-Gutschein-Rueckseite-300x146.png 300w, https:\/\/thaibalancemassage.at\/wp-content\/uploads\/2018\/10\/TBM-Gutschein-Rueckseite-768x373.png 768w, https:\/\/thaibalancemassage.at\/wp-content\/uploads\/2018\/10\/TBM-Gutschein-Rueckseite-1030x500.png 1030w, https:\/\/thaibalancemassage.at\/wp-content\/uploads\/2018\/10\/TBM-Gutschein-Rueckseite-1500x729.png 1500w, https:\/\/thaibalancemassage.at\/wp-content\/uploads\/2018\/10\/TBM-Gutschein-Rueckseite-705x343.png 705w, https:\/\/thaibalancemassage.at\/wp-content\/uploads\/2018\/10\/TBM-Gutschein-Rueckseite-450x219.png 450w\" sizes=\"(max-width: 1772px) 100vw, 1772px\" \/><\/a><\/li><\/ul><\/div><\/div>\n<div id='av-layout-grid-1'  class='av-layout-grid-container av-5szk5i-1fc0b25ba23fd70e222874e5ec128cf7 entry-content-wrapper main_color av-flex-cells  avia-builder-el-1  el_after_av_slideshow_full  el_before_av_layout_row  grid-row-not-first  container_wrap fullsize'  >\n\n<style type=\"text\/css\" data-created_by=\"avia_inline_auto\" id=\"style-css-av-5s7p2e-73d0596897a793c1bfbd20f8142d533f\">\n.flex_cell.av-5s7p2e-73d0596897a793c1bfbd20f8142d533f{\nvertical-align:top;\n}\n.responsive #top #wrap_all .flex_cell.av-5s7p2e-73d0596897a793c1bfbd20f8142d533f{\npadding:30px 30px 30px 30px !important;\n}\n<\/style>\n<div class='flex_cell av-5s7p2e-73d0596897a793c1bfbd20f8142d533f av-gridrow-cell av_one_fifth no_margin  avia-builder-el-2  el_before_av_cell_three_fifth  avia-builder-el-first  content-align-top'  ><div class='flex_cell_inner'><\/div><\/div>\n<style type=\"text\/css\" data-created_by=\"avia_inline_auto\" id=\"style-css-av-k6vli-450181e92e5641a6609878edcfb118fa\">\n.flex_cell.av-k6vli-450181e92e5641a6609878edcfb118fa{\nvertical-align:top;\n}\n.responsive #top #wrap_all .flex_cell.av-k6vli-450181e92e5641a6609878edcfb118fa{\npadding:10% 30px 10% 100px !important;\n}\n<\/style>\n<div class='flex_cell av-k6vli-450181e92e5641a6609878edcfb118fa av-gridrow-cell av_three_fifth no_margin  avia-builder-el-3  el_after_av_cell_one_fifth  el_before_av_cell_one_fifth  content-align-top'  ><div class='flex_cell_inner'><section  class='av_textblock_section av-5fiowm-bdcf7a86e6a287cd1f74edc3f0f39ce2 '   itemscope=\"itemscope\" itemtype=\"https:\/\/schema.org\/CreativeWork\" ><div class='avia_textblock'  itemprop=\"text\" ><h1 class=\"title\" style=\"text-align: center;\">Wir sind ein Thai Massage Team aus Profis. Wir begleiten Sie zu Gl\u00fcck und Balance.<\/h1>\n<h3 class=\"subtitle\" style=\"text-align: center;\">Tut mir gut &#8211; Thai Massagen zum Wohlf\u00fchlen und als Therapie.<\/h3>\n<p class=\"mehr\" style=\"text-align: center;\">\n<p class=\"mehr\" style=\"text-align: center;\">\n<\/div><\/section><br \/>\n\n<style type=\"text\/css\" data-created_by=\"avia_inline_auto\" id=\"style-css-av-57i73q-8e72a18d49332c0325e86c6786190dc0\">\n#top .hr.hr-invisible.av-57i73q-8e72a18d49332c0325e86c6786190dc0{\nheight:20px;\n}\n<\/style>\n<div  class='hr av-57i73q-8e72a18d49332c0325e86c6786190dc0 hr-invisible  avia-builder-el-5  el_after_av_textblock  el_before_av_textblock '><span class='hr-inner '><span class=\"hr-inner-style\"><\/span><\/span><\/div><br \/>\n<section  class='av_textblock_section av-50izw6-df34da0e39410a416fff9ec69adb05f5 '   itemscope=\"itemscope\" itemtype=\"https:\/\/schema.org\/CreativeWork\" ><div class='avia_textblock'  itemprop=\"text\" ><p style=\"text-align: center;\">Entspannung statt Verspannung. Dem Alltag entfliehen. Schmerzen l\u00f6sen statt ertragen. Authentische Behandlungen, langj\u00e4hrige Erfahrung und pers\u00f6nliche Beratung in unserem zentral in Wien gelegenen Massagestudio N\u00e4he Schwedenplatz\/Taborstra\u00dfe.<\/p>\n<\/div><\/section><\/p>\n<\/div><\/div>\n<style type=\"text\/css\" data-created_by=\"avia_inline_auto\" id=\"style-css-av-4vr7ha-976426ba8b8ea91efe6571e36ba4450e\">\n.flex_cell.av-4vr7ha-976426ba8b8ea91efe6571e36ba4450e{\nvertical-align:top;\n}\n.responsive #top #wrap_all .flex_cell.av-4vr7ha-976426ba8b8ea91efe6571e36ba4450e{\npadding:30px 30px 30px 30px !important;\n}\n<\/style>\n<div class='flex_cell av-4vr7ha-976426ba8b8ea91efe6571e36ba4450e av-gridrow-cell av_one_fifth no_margin  avia-builder-el-7  el_after_av_cell_three_fifth  avia-builder-el-last  content-align-top'  ><div class='flex_cell_inner'><\/div><\/div>\n<\/div>\n<div id='av-layout-grid-2'  class='av-layout-grid-container av-4nvsjq-0ca5c9565c976de9d010a8435b47e30e entry-content-wrapper main_color av-fixed-cells  avia-builder-el-8  el_after_av_layout_row  el_before_av_one_full  grid-row-not-first  container_wrap fullsize'  >\n\n<style type=\"text\/css\" data-created_by=\"avia_inline_auto\" id=\"style-css-av-4iyavy-41a93bd91c852739d97a52ead17c3b37\">\n.flex_cell.av-4iyavy-41a93bd91c852739d97a52ead17c3b37{\nvertical-align:middle;\n}\n.responsive #top #wrap_all .flex_cell.av-4iyavy-41a93bd91c852739d97a52ead17c3b37{\npadding:0px 0px 0px 0px !important;\n}\n<\/style>\n<div class='flex_cell av-4iyavy-41a93bd91c852739d97a52ead17c3b37 av-gridrow-cell av_one_full no_margin  avia-builder-el-9  avia-builder-el-no-sibling  content-align-middle av-zero-padding'  ><div class='flex_cell_inner'>\n<style type=\"text\/css\" data-created_by=\"avia_inline_auto\" id=\"style-css-av-4blqyu-c300b9516d322a5d90e904e4696d4152\">\n.avia-image-container.av-4blqyu-c300b9516d322a5d90e904e4696d4152 img.avia_image{\nbox-shadow:none;\n}\n.avia-image-container.av-4blqyu-c300b9516d322a5d90e904e4696d4152 .av-image-caption-overlay-center{\ncolor:#ffffff;\n}\n<\/style>\n<div  class='avia-image-container av-4blqyu-c300b9516d322a5d90e904e4696d4152 av-styling- avia_animated_image av-animated-when-visible-95 fade-in avia-align-center  avia-builder-el-10  avia-builder-el-no-sibling '   itemprop=\"image\" itemscope=\"itemscope\" itemtype=\"https:\/\/schema.org\/ImageObject\" ><div class=\"avia-image-container-inner\"><div class=\"avia-image-overlay-wrap\"><img decoding=\"async\" fetchpriority=\"high\" class='wp-image-1188 avia-img-lazy-loading-not-1188 avia_image ' src=\"https:\/\/thaibalancemassage.at\/wp-content\/uploads\/2015\/07\/header-homepage-scroll.jpg\" alt='Kopfmassage und Buddha' title='header-homepage-scroll'  height=\"1080\" width=\"1920\"  itemprop=\"thumbnailUrl\" srcset=\"https:\/\/thaibalancemassage.at\/wp-content\/uploads\/2015\/07\/header-homepage-scroll.jpg 1920w, https:\/\/thaibalancemassage.at\/wp-content\/uploads\/2015\/07\/header-homepage-scroll-300x169.jpg 300w, https:\/\/thaibalancemassage.at\/wp-content\/uploads\/2015\/07\/header-homepage-scroll-768x432.jpg 768w, https:\/\/thaibalancemassage.at\/wp-content\/uploads\/2015\/07\/header-homepage-scroll-1030x579.jpg 1030w, https:\/\/thaibalancemassage.at\/wp-content\/uploads\/2015\/07\/header-homepage-scroll-1500x844.jpg 1500w, https:\/\/thaibalancemassage.at\/wp-content\/uploads\/2015\/07\/header-homepage-scroll-705x397.jpg 705w, https:\/\/thaibalancemassage.at\/wp-content\/uploads\/2015\/07\/header-homepage-scroll-450x253.jpg 450w\" sizes=\"(max-width: 1920px) 100vw, 1920px\" \/><\/div><\/div><\/div>\n<\/div><\/div>\n<\/div><div id='after_grid_row_2'  class='main_color av_default_container_wrap container_wrap fullsize'  ><div class='container av-section-cont-open' ><div class='template-page content  av-content-full alpha units'><div class='post-entry post-entry-type-page post-entry-2534'><div class='entry-content-wrapper clearfix'>\n\n<style type=\"text\/css\" data-created_by=\"avia_inline_auto\" id=\"style-css-av-47tpla-001ddabb0c529783a28bc98798f33094\">\n.flex_column.av-47tpla-001ddabb0c529783a28bc98798f33094{\nborder-radius:0px 0px 0px 0px;\npadding:50px 0px 0px 0px;\n}\n<\/style>\n<div  class='flex_column av-47tpla-001ddabb0c529783a28bc98798f33094 av_one_full  avia-builder-el-11  el_after_av_layout_row  el_before_av_one_fifth  avia-builder-el-first  first flex_column_div  '     ><section  class='av_textblock_section av-410bhi-e6fc8034228b211c4370f442ea7f6f1d '   itemscope=\"itemscope\" itemtype=\"https:\/\/schema.org\/CreativeWork\" ><div class='avia_textblock'  itemprop=\"text\" ><h1 style=\"text-align: center;\">Die Entspannung im Alltag k\u00f6nnen Sie jeden Tag haben.<\/h1>\n<h3 style=\"text-align: center;\">Unsere Klassiker. Bew\u00e4hrt und unentbehrlicher denn je.<\/h3>\n<\/div><\/section><\/div>\n\n<style type=\"text\/css\" data-created_by=\"avia_inline_auto\" id=\"style-css-av-3xaque-f25a0b19c2de3febf3b740656267ee26\">\n.flex_column.av-3xaque-f25a0b19c2de3febf3b740656267ee26{\nborder-radius:0px 0px 0px 0px;\npadding:0px 0px 0px 0px;\n}\n<\/style>\n<div  class='flex_column av-3xaque-f25a0b19c2de3febf3b740656267ee26 av_one_fifth  avia-builder-el-13  el_after_av_one_full  el_before_av_three_fifth  first flex_column_div av-zero-column-padding  column-top-margin'     ><\/div>\n\n<style type=\"text\/css\" data-created_by=\"avia_inline_auto\" id=\"style-css-av-3qabni-02d4beff78259032238857ecd75d3837\">\n.flex_column.av-3qabni-02d4beff78259032238857ecd75d3837{\nborder-radius:0px 0px 0px 0px;\npadding:0px 0px 0px 0px;\n}\n<\/style>\n<div  class='flex_column av-3qabni-02d4beff78259032238857ecd75d3837 av_three_fifth  avia-builder-el-14  el_after_av_one_fifth  el_before_av_one_fifth  flex_column_div av-zero-column-padding  column-top-margin'     ><section  class='av_textblock_section av-3jp1zi-50065a1670ecf436758078c27f13a663 '   itemscope=\"itemscope\" itemtype=\"https:\/\/schema.org\/CreativeWork\" ><div class='avia_textblock'  itemprop=\"text\" ><p style=\"text-align: center;\">Thai Massage und \u00d6lmassage sind Ganzk\u00f6rpermassagen, buchbar als Wohlf\u00fchlmassage oder mit einem der folgenden therapeutischen Schwerpunkte:<\/p>\n<p style=\"text-align: center;\">\u201cKopfweh Ad\u00e9\u201d &#8211; Massage bei Kopfweh<br \/>\n\u201cAgiler Nacken\u201d &#8211; Massage bei Nackenverspannungen<br \/>\n\u201cMobile Schultern\u201d &#8211; Massage bei verspannten Schultern<br \/>\n\u201cGesunder R\u00fccken\u201d &#8211; Massage bei R\u00fcckenbeschwerden<\/p>\n<\/div><\/section><\/div>\n\n<style type=\"text\/css\" data-created_by=\"avia_inline_auto\" id=\"style-css-av-3bwq5y-cb061df36e4facfcbe5960c5c2a42209\">\n.flex_column.av-3bwq5y-cb061df36e4facfcbe5960c5c2a42209{\nborder-radius:0px 0px 0px 0px;\npadding:0px 0px 0px 0px;\n}\n<\/style>\n<div  class='flex_column av-3bwq5y-cb061df36e4facfcbe5960c5c2a42209 av_one_fifth  avia-builder-el-16  el_after_av_three_fifth  el_before_av_layout_row  avia-builder-el-last  flex_column_div av-zero-column-padding  column-top-margin'     ><\/div>\n<\/div><\/div><\/div><!-- close content main div --><\/div><\/div><div id='av-layout-grid-3'  class='av-layout-grid-container av-3a6zxy-fe433d4e7b9baa08797033db60b362e7 entry-content-wrapper main_color av-flex-cells  avia-builder-el-17  el_after_av_one_fifth  el_before_av_textblock  grid-row-not-first  container_wrap fullsize'  >\n\n<style type=\"text\/css\" data-created_by=\"avia_inline_auto\" id=\"style-css-av-31sfyu-36e6b20ddbd4ec41da3b96c7f2d80a6b\">\n.flex_cell.av-31sfyu-36e6b20ddbd4ec41da3b96c7f2d80a6b{\nvertical-align:top;\n}\n.responsive #top #wrap_all .flex_cell.av-31sfyu-36e6b20ddbd4ec41da3b96c7f2d80a6b{\npadding:30px 30px 30px 30px !important;\n}\n<\/style>\n<div class='flex_cell av-31sfyu-36e6b20ddbd4ec41da3b96c7f2d80a6b av-gridrow-cell av_one_half no_margin  avia-builder-el-18  el_before_av_cell_one_half  avia-builder-el-first  content-align-top'  ><div class='flex_cell_inner'><p>\n<style type=\"text\/css\" data-created_by=\"avia_inline_auto\" id=\"style-css-av-2xxifa-76b16df4795f73711a46563f38db3f15\">\n.avia-image-container.av-2xxifa-76b16df4795f73711a46563f38db3f15 img.avia_image{\nbox-shadow:none;\n}\n.avia-image-container.av-2xxifa-76b16df4795f73711a46563f38db3f15 .av-image-caption-overlay-center{\ncolor:#ffffff;\n}\n<\/style>\n<div  class='avia-image-container av-2xxifa-76b16df4795f73711a46563f38db3f15 av-styling- av-img-linked avia_animated_image av-animated-when-visible-95 bottom-to-top avia-align-center  avia-builder-el-19  el_before_av_textblock  avia-builder-el-first '   itemprop=\"image\" itemscope=\"itemscope\" itemtype=\"https:\/\/schema.org\/ImageObject\" ><div class=\"avia-image-container-inner\"><div class=\"avia-image-overlay-wrap\"><a href=\"https:\/\/thaibalancemassage.at\/de\/massagen\/thai-pur\/\" class='avia_image '  aria-label='01-thai-pur'><img decoding=\"async\" fetchpriority=\"high\" class='wp-image-1187 avia-img-lazy-loading-not-1187 avia_image ' src=\"https:\/\/thaibalancemassage.at\/wp-content\/uploads\/2015\/07\/01-thai-pur.jpg\" alt='Thai Massage' title='01-thai-pur'  height=\"934\" width=\"1400\"  itemprop=\"thumbnailUrl\" srcset=\"https:\/\/thaibalancemassage.at\/wp-content\/uploads\/2015\/07\/01-thai-pur.jpg 1400w, https:\/\/thaibalancemassage.at\/wp-content\/uploads\/2015\/07\/01-thai-pur-300x200.jpg 300w, https:\/\/thaibalancemassage.at\/wp-content\/uploads\/2015\/07\/01-thai-pur-768x512.jpg 768w, https:\/\/thaibalancemassage.at\/wp-content\/uploads\/2015\/07\/01-thai-pur-1030x687.jpg 1030w, https:\/\/thaibalancemassage.at\/wp-content\/uploads\/2015\/07\/01-thai-pur-705x470.jpg 705w, https:\/\/thaibalancemassage.at\/wp-content\/uploads\/2015\/07\/01-thai-pur-450x300.jpg 450w\" sizes=\"(max-width: 1400px) 100vw, 1400px\" \/><\/a><\/div><\/div><\/div><br \/>\n<section  class='av_textblock_section av-2pwzum-d1c383e8a79462dfac754cf9366c397a '   itemscope=\"itemscope\" itemtype=\"https:\/\/schema.org\/CreativeWork\" ><div class='avia_textblock'  itemprop=\"text\" ><p style=\"text-align: center;\"><a href=\"https:\/\/thaibalancemassage.at\/massagen\/thai-pur\/\"><strong>Thai pur<\/strong><\/a><\/p>\n<p style=\"text-align: center;\">Thai Massage<\/p>\n<\/div><\/section><\/p>\n<\/div><\/div>\n<style type=\"text\/css\" data-created_by=\"avia_inline_auto\" id=\"style-css-av-2j3mim-d556ed8936e90aee4d73a106583f2639\">\n.flex_cell.av-2j3mim-d556ed8936e90aee4d73a106583f2639{\nvertical-align:top;\n}\n.responsive #top #wrap_all .flex_cell.av-2j3mim-d556ed8936e90aee4d73a106583f2639{\npadding:30px 30px 30px 30px !important;\n}\n<\/style>\n<div class='flex_cell av-2j3mim-d556ed8936e90aee4d73a106583f2639 av-gridrow-cell av_one_half no_margin  avia-builder-el-21  el_after_av_cell_one_half  avia-builder-el-last  content-align-top'  ><div class='flex_cell_inner'><p>\n<style type=\"text\/css\" data-created_by=\"avia_inline_auto\" id=\"style-css-av-2dhj1y-9a3f8d2dfa2b2069ab29ffc3d1722aba\">\n.avia-image-container.av-2dhj1y-9a3f8d2dfa2b2069ab29ffc3d1722aba img.avia_image{\nbox-shadow:none;\n}\n.avia-image-container.av-2dhj1y-9a3f8d2dfa2b2069ab29ffc3d1722aba .av-image-caption-overlay-center{\ncolor:#ffffff;\n}\n<\/style>\n<div  class='avia-image-container av-2dhj1y-9a3f8d2dfa2b2069ab29ffc3d1722aba av-styling- av-img-linked avia_animated_image av-animated-when-visible-95 bottom-to-top avia-align-center  avia-builder-el-22  el_before_av_textblock  avia-builder-el-first '   itemprop=\"image\" itemscope=\"itemscope\" itemtype=\"https:\/\/schema.org\/ImageObject\" ><div class=\"avia-image-container-inner\"><div class=\"avia-image-overlay-wrap\"><a href=\"https:\/\/thaibalancemassage.at\/de\/massagen\/thai-relax\/\" class='avia_image '  aria-label='thai-relax-2020'><img decoding=\"async\" fetchpriority=\"high\" class='wp-image-2391 avia-img-lazy-loading-not-2391 avia_image ' src=\"https:\/\/thaibalancemassage.at\/wp-content\/uploads\/2020\/11\/thai-relax-2020.jpg\" alt='\u00d6lmassage' title='thai-relax-2020'  height=\"934\" width=\"1400\"  itemprop=\"thumbnailUrl\" srcset=\"https:\/\/thaibalancemassage.at\/wp-content\/uploads\/2020\/11\/thai-relax-2020.jpg 1400w, https:\/\/thaibalancemassage.at\/wp-content\/uploads\/2020\/11\/thai-relax-2020-300x200.jpg 300w, https:\/\/thaibalancemassage.at\/wp-content\/uploads\/2020\/11\/thai-relax-2020-1030x687.jpg 1030w, https:\/\/thaibalancemassage.at\/wp-content\/uploads\/2020\/11\/thai-relax-2020-768x512.jpg 768w, https:\/\/thaibalancemassage.at\/wp-content\/uploads\/2020\/11\/thai-relax-2020-705x470.jpg 705w\" sizes=\"(max-width: 1400px) 100vw, 1400px\" \/><\/a><\/div><\/div><\/div><br \/>\n<section  class='av_textblock_section av-26hccm-4a13b6e3fe813d72df01d6295f4b0071 '   itemscope=\"itemscope\" itemtype=\"https:\/\/schema.org\/CreativeWork\" ><div class='avia_textblock'  itemprop=\"text\" ><p style=\"text-align: center;\"><a href=\"https:\/\/thaibalancemassage.at\/massagen\/thai-relax\/\"><strong>Thai relax<\/strong><\/a><\/p>\n<p style=\"text-align: center;\">\u00d6lmassage<\/p>\n<\/div><\/section><\/p>\n<\/div><\/div>\n<\/div><div id='after_grid_row_3'  class='main_color av_default_container_wrap container_wrap fullsize'  ><div class='container av-section-cont-open' ><div class='template-page content  av-content-full alpha units'><div class='post-entry post-entry-type-page post-entry-2534'><div class='entry-content-wrapper clearfix'>\n<section  class='av_textblock_section av-5o8s6-4ebcdcd8d132622e0d4b58def4eb76f3 '   itemscope=\"itemscope\" itemtype=\"https:\/\/schema.org\/CreativeWork\" ><div class='avia_textblock'  itemprop=\"text\" ><p style=\"text-align: center;\"><u><a href=\"https:\/\/thaibalancemassage.at\/massagen\/\">Alle Massagen anzeigen<\/a><\/u><\/p>\n<\/div><\/section>\n<div  class='hr av-1hdyqu-ba8ce239f41e0615bdd9e1315aa9403c hr-default  avia-builder-el-25  el_after_av_textblock  el_before_av_one_full  av-small-hide av-mini-hide'><span class='hr-inner '><span class=\"hr-inner-style\"><\/span><\/span><\/div>\n\n<style type=\"text\/css\" data-created_by=\"avia_inline_auto\" id=\"style-css-av-ufkqu-0280669a802367e6f2031fcaef5e3b76\">\n.flex_column.av-ufkqu-0280669a802367e6f2031fcaef5e3b76{\nborder-radius:0px 0px 0px 0px;\npadding:0px 0px 0px 0px;\n}\n<\/style>\n<div  class='flex_column av-ufkqu-0280669a802367e6f2031fcaef5e3b76 av_one_full  avia-builder-el-26  el_after_av_hr  el_before_av_hr  first flex_column_div av-zero-column-padding  '     ><style type=\"text\/css\" data-created_by=\"avia_inline_auto\" id=\"style-css-av-p0ida-558b12a69eeed40303a16daf7e8ef640\">\n.avia-image-container.av-p0ida-558b12a69eeed40303a16daf7e8ef640 img.avia_image{\nbox-shadow:none;\n}\n.avia-image-container.av-p0ida-558b12a69eeed40303a16daf7e8ef640 .av-image-caption-overlay-center{\ncolor:#ffffff;\n}\n<\/style>\n<div  class='avia-image-container av-p0ida-558b12a69eeed40303a16daf7e8ef640 av-styling- av-hover-grow av-img-linked avia-align-center  avia-builder-el-27  avia-builder-el-no-sibling '   itemprop=\"image\" itemscope=\"itemscope\" itemtype=\"https:\/\/schema.org\/ImageObject\" ><div class=\"avia-image-container-inner\"><div class=\"avia-image-overlay-wrap\"><a href=\"https:\/\/g.page\/r\/CaGKcF2QFkgJEAg\/review\" class='avia_image '  target=\"_blank\"  rel=\"noopener noreferrer\" aria-label='Bewerten Sie uns auf Google'><img decoding=\"async\" fetchpriority=\"high\" class='wp-image-2118 avia-img-lazy-loading-not-2118 avia_image ' src=\"https:\/\/thaibalancemassage.at\/wp-content\/uploads\/2019\/06\/Google-bewertung-710x233-300x98.png\" alt='Google Bewertung' title='Bewerten Sie uns auf Google'  height=\"98\" width=\"300\"  itemprop=\"thumbnailUrl\" srcset=\"https:\/\/thaibalancemassage.at\/wp-content\/uploads\/2019\/06\/Google-bewertung-710x233-300x98.png 300w, https:\/\/thaibalancemassage.at\/wp-content\/uploads\/2019\/06\/Google-bewertung-710x233.png 710w, https:\/\/thaibalancemassage.at\/wp-content\/uploads\/2019\/06\/Google-bewertung-710x233-705x231.png 705w, https:\/\/thaibalancemassage.at\/wp-content\/uploads\/2019\/06\/Google-bewertung-710x233-450x148.png 450w\" sizes=\"(max-width: 300px) 100vw, 300px\" \/><\/a><\/div><\/div><\/div><\/div>\n<div  class='hr av-nhj7a-b04ca0df1a751e411a0fef5260b89526 hr-default  avia-builder-el-28  el_after_av_one_full  el_before_av_button_big  avia-builder-el-last '><span class='hr-inner '><span class=\"hr-inner-style\"><\/span><\/span><\/div>\n<div  class='avia-button-wrap avia-button-center  avia-builder-el-29  el_after_av_hr  el_before_av_slideshow_full '>\n<style type=\"text\/css\" data-created_by=\"avia_inline_auto\" id=\"style-css-av-gkciu-f69d47e07930cf4ab2d088de4a9032fc\">\n#top #wrap_all .avia-button.av-gkciu-f69d47e07930cf4ab2d088de4a9032fc{\ncolor:#ffffff;\ntransition:all 0.4s ease-in-out;\n}\n#top #wrap_all .avia-button.av-gkciu-f69d47e07930cf4ab2d088de4a9032fc:hover{\ncolor:#ffffff;\ntransition:all 0.4s ease-in-out;\n}\n#top #wrap_all .avia-button.av-gkciu-f69d47e07930cf4ab2d088de4a9032fc .avia-svg-icon svg:first-child{\nfill:#ffffff;\nstroke:#ffffff;\n}\n#top #wrap_all .avia-button.av-gkciu-f69d47e07930cf4ab2d088de4a9032fc:hover .avia-svg-icon svg:first-child{\nfill:#ffffff;\nstroke:#ffffff;\n}\n<\/style>\n<a href='https:\/\/thaibalancemassage.at\/de\/massage-buchen\/' class='avia-color-theme-color avia-button avia-button-fullwidth av-gkciu-f69d47e07930cf4ab2d088de4a9032fc avia-icon_select-no avia-color-theme-color'   aria-label=\"Jetzt reservieren\"><span class='avia_iconbox_title' >Jetzt reservieren<\/span><span class='avia_button_background avia-button avia-button-fullwidth avia-color-theme-color-highlight'><\/span><\/a><\/div>\n<div id='full_slider_2'  class='avia-fullwidth-slider main_color avia-shadow   avia-builder-el-30  el_after_av_button_big  avia-builder-el-last   slider-not-first container_wrap fullsize'  ><\/div>\n","protected":false},"excerpt":{"rendered":"","protected":false},"author":1,"featured_media":0,"parent":0,"menu_order":0,"comment_status":"closed","ping_status":"closed","template":"","meta":{"footnotes":""},"class_list":["post-2534","page","type-page","status-publish","hentry"],"_links":{"self":[{"href":"https:\/\/thaibalancemassage.at\/de\/wp-json\/wp\/v2\/pages\/2534","targetHints":{"allow":["GET"]}}],"collection":[{"href":"https:\/\/thaibalancemassage.at\/de\/wp-json\/wp\/v2\/pages"}],"about":[{"href":"https:\/\/thaibalancemassage.at\/de\/wp-json\/wp\/v2\/types\/page"}],"author":[{"embeddable":true,"href":"https:\/\/thaibalancemassage.at\/de\/wp-json\/wp\/v2\/users\/1"}],"replies":[{"embeddable":true,"href":"https:\/\/thaibalancemassage.at\/de\/wp-json\/wp\/v2\/comments?post=2534"}],"version-history":[{"count":87,"href":"https:\/\/thaibalancemassage.at\/de\/wp-json\/wp\/v2\/pages\/2534\/revisions"}],"predecessor-version":[{"id":3916,"href":"https:\/\/thaibalancemassage.at\/de\/wp-json\/wp\/v2\/pages\/2534\/revisions\/3916"}],"wp:attachment":[{"href":"https:\/\/thaibalancemassage.at\/de\/wp-json\/wp\/v2\/media?parent=2534"}],"curies":[{"name":"wp","href":"https:\/\/api.w.org\/{rel}","templated":true}]}}