{"id":2517,"date":"2021-01-26T17:48:29","date_gmt":"2021-01-26T16:48:29","guid":{"rendered":"https:\/\/thaibalancemassage.at\/?page_id=2517"},"modified":"2025-12-30T22:26:48","modified_gmt":"2025-12-30T21:26:48","slug":"lage-kontakt","status":"publish","type":"page","link":"https:\/\/thaibalancemassage.at\/de\/lage-kontakt\/","title":{"rendered":"Lage &#038; Kontakt"},"content":{"rendered":"<div id='av-layout-grid-1'  class='av-layout-grid-container av-3xwpde-ccebbae434c4b8468b68f3f94721cce8 entry-content-wrapper main_color av-flex-cells  avia-builder-el-0  el_before_av_one_fifth  avia-builder-el-first   container_wrap fullsize'  >\n\n<style type=\"text\/css\" data-created_by=\"avia_inline_auto\" id=\"style-css-av-3qubyq-de824271d74764f63faae8b931298504\">\n.flex_cell.av-3qubyq-de824271d74764f63faae8b931298504{\nvertical-align:top;\n}\n.responsive #top #wrap_all .flex_cell.av-3qubyq-de824271d74764f63faae8b931298504{\npadding:10% 30px 0 30px !important;\n}\n<\/style>\n<div class='flex_cell av-3qubyq-de824271d74764f63faae8b931298504 av-gridrow-cell av_one_full no_margin  avia-builder-el-1  avia-builder-el-no-sibling  content-align-top'  ><div class='flex_cell_inner'><section  class='av_textblock_section av-cq4ui-a12cbb13dd63eb0e743ee492a2aac18f '   itemscope=\"itemscope\" itemtype=\"https:\/\/schema.org\/CreativeWork\" ><div class='avia_textblock'  itemprop=\"text\" ><h1 style=\"text-align: center;\">Lage und Kontakt<\/h1>\n<\/div><\/section><br \/>\n\n<style type=\"text\/css\" data-created_by=\"avia_inline_auto\" id=\"style-css-av-2uybv9-429e50eac7accaa4ba4b2bb5fa92c539\">\n.flex_column.av-2uybv9-429e50eac7accaa4ba4b2bb5fa92c539{\nborder-radius:0px 0px 0px 0px;\npadding:0px 0px 0px 0px;\n}\n<\/style>\n<div  class='flex_column av-2uybv9-429e50eac7accaa4ba4b2bb5fa92c539 av_one_full  avia-builder-el-3  el_after_av_textblock  el_before_av_textblock  first flex_column_div av-zero-column-padding  column-top-margin'     ><\/div><section  class='av_textblock_section av-3erq4q-d33726a32a420036ae2828bb02ede23f '   itemscope=\"itemscope\" itemtype=\"https:\/\/schema.org\/CreativeWork\" ><div class='avia_textblock'  itemprop=\"text\" ><p style=\"text-align: center;\"><strong><a href=\"https:\/\/www.google.com\/maps\/dir\/\/Thai+Balance+Massage,+Gredlerstra%C3%9Fe+10,+1020+Wien\/@48.2137591,16.3765863,16z\/data=!3m1!5s0x476d07a0cf8b6ded:0xc678576248ae9b85!4m17!1m7!3m6!1s0x476d07a8811bb8bd:0x94816905d708aa1!2sThai+Balance+Massage!8m2!3d48.2137591!4d16.3791612!16s%2Fg%2F11fd740963!4m8!1m0!1m5!1m1!1s0x476d07a8811bb8bd:0x94816905d708aa1!2m2!1d16.3791612!2d48.2137591!3e3?entry=ttu&amp;g_ep=EgoyMDI1MTIwOS4wIKXMDSoASAFQAw%3D%3D\" target=\"_blank\" rel=\"noopener\">Routenplaner starten (Google Maps)<\/a><\/strong><\/p>\n<\/div><\/section><\/p>\n<\/div><\/div>\n<\/div><div id='after_grid_row_1'  class='main_color av_default_container_wrap container_wrap fullsize'  ><div class='container av-section-cont-open' ><div class='template-page content  av-content-full alpha units'><div class='post-entry post-entry-type-page post-entry-2517'><div class='entry-content-wrapper clearfix'>\n\n<style type=\"text\/css\" data-created_by=\"avia_inline_auto\" id=\"style-css-av-36xm9m-76d89948d99d77bc9a1d221f01827bb4\">\n.flex_column.av-36xm9m-76d89948d99d77bc9a1d221f01827bb4{\nborder-radius:0px 0px 0px 0px;\npadding:0px 0px 0px 0px;\n}\n<\/style>\n<div  class='flex_column av-36xm9m-76d89948d99d77bc9a1d221f01827bb4 av_one_fifth  avia-builder-el-6  el_after_av_layout_row  el_before_av_three_fifth  avia-builder-el-first  first flex_column_div av-zero-column-padding  '     ><\/div>\n\n<style type=\"text\/css\" data-created_by=\"avia_inline_auto\" id=\"style-css-av-300r5u-9e428476f4c2432480b2a5ab3d36c341\">\n.flex_column.av-300r5u-9e428476f4c2432480b2a5ab3d36c341{\nborder-radius:0px 0px 0px 0px;\npadding:0px 0px 0px 0px;\n}\n<\/style>\n<div  class='flex_column av-300r5u-9e428476f4c2432480b2a5ab3d36c341 av_three_fifth  avia-builder-el-7  el_after_av_one_fifth  el_before_av_one_fifth  flex_column_div av-zero-column-padding  '     ><section  class='av_textblock_section av-2x2xqy-e0f60b5cc40ec1debd95c5db7bf2d75f '   itemscope=\"itemscope\" itemtype=\"https:\/\/schema.org\/CreativeWork\" ><div class='avia_textblock'  itemprop=\"text\" ><h2 class=\"title\" style=\"text-align: center;\">Nur ein Weg f\u00fchrt zum Gl\u00fcck.<\/h2>\n<h3 class=\"subtitle\" style=\"text-align: center;\">Thai Massagen zum Wohlf\u00fchlen und als Therapie.<\/h3>\n<\/div><\/section><br \/>\n<div  class='hr av-2nyg4q-e18b0dab4067b4e4644e7feffbe1ea4e hr-default  avia-builder-el-9  el_after_av_textblock  el_before_av_textblock '><span class='hr-inner '><span class=\"hr-inner-style\"><\/span><\/span><\/div><br \/>\n<section  class='av_textblock_section av-2ehjr6-b377bdcd2fe0811baea9e2b074bcbb67 '   itemscope=\"itemscope\" itemtype=\"https:\/\/schema.org\/CreativeWork\" ><div class='avia_textblock'  itemprop=\"text\" ><h2 style=\"text-align: center;\">Anfahrt<\/h2>\n<h3 class=\"\" style=\"text-align: center;\">Von Station Schwedenplatz (U1, U4, Bim, Bus, etc.)<\/h3>\n<p class=\"\" style=\"text-align: center;\">Zu Fu\u00df \u00fcber die Marienbr\u00fccke direkt zur Gredlerstra\u00dfe (ca. 4 Minuten Fu\u00dfweg)<\/p>\n<h3><\/h3>\n<h3 style=\"text-align: center;\">Stra\u00dfenbahn Linie 2<\/h3>\n<p style=\"text-align: center;\">Haltestelle Gredlerstra\u00dfe (direkt vor dem Eingang) bzw. Marienbr\u00fccke (ca. 1 Minute Fu\u00dfweg)<\/p>\n<h3 style=\"text-align: center;\">Auto<\/h3>\n<p style=\"text-align: center;\">Unser Massagesalon befindet sich in der Kurzparkzone f\u00fcr den 2. Bezirk. Garagen: <a href=\"http:\/\/www.bestinparking.at\/garage\/wien\/lilienbrunngasse-6-12\" target=\"_blank\" rel=\"noopener\">BIP Lilienbrunngasse<\/a>, <a href=\"http:\/\/www.garage-capricorno.at\/garage\/Home.html\" target=\"_blank\" rel=\"noopener\">Garage Capricorno\u00a0Schwedenplatz<\/a>, <a href=\"http:\/\/www.boe-parking.at\/boe\/de\/garagen\/custom.garagen\/3.html\" target=\"_blank\" rel=\"noopener\">BOE Garage Franz Josefs Kai<\/a><\/p>\n<\/div><\/section><br \/>\n<section  class='av_textblock_section av-2inoui-d66a6d566f0fd514ca35eb5187ba1fa6 '   itemscope=\"itemscope\" itemtype=\"https:\/\/schema.org\/CreativeWork\" ><div class='avia_textblock'  itemprop=\"text\" ><h2 class=\"\" style=\"text-align: center;\">Adresse und Kontakt<\/h2>\n<h3 class=\"\" style=\"text-align: center;\">Thai Balance Massage<\/h3>\n<div class=\"\">\n<p style=\"text-align: center;\">Gredlerstra\u00dfe 10<br \/>\n1020 Wien<\/p>\n<p style=\"text-align: center;\"><a href=\"tel:+4313865180\">+43 1 386 51 80<\/a><br \/>\n<a href=\"mailto:tutmirgut@thaibalancemassage.at\">tutmirgut@thaibalancemassage.at<\/a><\/p>\n<\/div>\n<\/div><\/section><\/p><\/div>\n<style type=\"text\/css\" data-created_by=\"avia_inline_auto\" id=\"style-css-av-2amyk2-28ac75bfd47db6b2939def5879999765\">\n.flex_column.av-2amyk2-28ac75bfd47db6b2939def5879999765{\nborder-radius:0px 0px 0px 0px;\npadding:0px 0px 0px 0px;\n}\n<\/style>\n<div  class='flex_column av-2amyk2-28ac75bfd47db6b2939def5879999765 av_one_fifth  avia-builder-el-12  el_after_av_three_fifth  el_before_av_contact  flex_column_div av-zero-column-padding  '     ><\/div><\/p>\n<form action=\"https:\/\/thaibalancemassage.at\/de\/lage-kontakt\/\" method=\"post\" data-fields-with-error=\"Fehler wurden in folgenden Feld(ern) gefunden:\" class=\"avia_ajax_form av-form-labels-visible   avia-builder-el-13  el_after_av_one_fifth  el_before_av_hr   \" data-avia-form-id=\"1\" data-avia-redirect='' ><h3 class=''>Kontakt<\/h3><fieldset><p class='  first_form  form_element form_fullwidth' id='element_avia_1_1'><label for=\"avia_1_1\">Ihr Name <abbr class=\"required\" title=\"ben\u00f6tigt\">*<\/abbr><\/label> <input name=\"avia_1_1\" class=\"text_input is_empty\" type=\"text\" id=\"avia_1_1\" value=\"\" \/><\/p><p class='  first_form  form_element form_fullwidth' id='element_avia_2_1'><label for=\"avia_2_1\">Ihre E-Mail <abbr class=\"required\" title=\"ben\u00f6tigt\">*<\/abbr><\/label> <input name=\"avia_2_1\" class=\"text_input is_email\" type=\"text\" id=\"avia_2_1\" value=\"\" \/><\/p><p class='  first_form  form_element form_fullwidth' id='element_avia_3_1'><label for=\"avia_3_1\">Betreff <abbr class=\"required\" title=\"ben\u00f6tigt\">*<\/abbr><\/label> <input name=\"avia_3_1\" class=\"text_input is_empty\" type=\"text\" id=\"avia_3_1\" value=\"\" \/><\/p><p class='  first_form  form_element form_fullwidth' id='element_avia_4_1'><label for=\"avia_4_1\" class=\"textare_label hidden textare_label_avia_4_1\">Ihre Nachricht <abbr class=\"required\" title=\"ben\u00f6tigt\">*<\/abbr><\/label><textarea  name=\"avia_4_1\" class=\"text_area is_empty\" cols=\"40\" rows=\"7\" id=\"avia_4_1\" ><\/textarea><\/p><div id='avia_5_1' class='av-form-text'><p>\n<strong>Datenschutzhinweis<\/strong><\/p>\n<p>Ihre Eingaben werden gem\u00e4\u00df Datenschutzgrundverordnung vertraulich behandelt und nicht weitergegeben.<\/p>\n<\/div><p class=\"hidden\"><input type=\"text\" name=\"avia_6_1\" class=\"hidden \" id=\"avia_6_1\" value=\"\" \/><\/p><div id='avia_7_1' class='av-recaptcha-area  first_form  form_element form_fullwidth '  data-container_class=\"\" data-custom_class=\"\" data-context=\"av_contact_form\" data-token_input=\"av_recaptcha_token\" data-version=\"avia_recaptcha_v2\" data-theme=\"light\" data-size=\"normal\" data-score=\"0.5\" data-text_to_preview=\"\" data-value=\"\"><div class=\"av-google-badge-message hidden\">This site is protected by reCAPTCHA and the Google <a href=\"https:\/\/policies.google.com\/privacy\" target=\"_blank\" rel=\"noopener noreferrer\">Datenschutzrichtlinie<\/a> and <a href=\"https:\/\/policies.google.com\/terms\" target=\"_blank\" rel=\"noopener noreferrer\">Terms of Service<\/a> apply.<\/div><\/div><p class=\"form_element \"><input type=\"hidden\" value=\"1\" name=\"avia_generated_form1\" \/><input type=\"submit\" value=\"Absenden\" class=\"button\"  data-sending-label=\"Sende\"\/><\/p><\/fieldset><div class=\"avia-disabled-form\">Dieses Kontaktformular ist momentan deaktiviert, da Sie den Google reCAPTCHA-Service noch nicht akzeptiert haben. Dieser ist f\u00fcr die Validierung des Sendevorgangs jedoch notwendig<\/div><\/form><div id=\"ajaxresponse_1\" class=\"ajaxresponse ajaxresponse_1 hidden\"><\/div>\n<div  class='hr av-10efpu-75b0c64252728a868da4f87e4947462a hr-default  avia-builder-el-14  el_after_av_contact  el_before_av_one_full '><span class='hr-inner '><span class=\"hr-inner-style\"><\/span><\/span><\/div>\n\n<style type=\"text\/css\" data-created_by=\"avia_inline_auto\" id=\"style-css-av-k0tmy-70e2774550c6291ade0dfbc4ee3ca489\">\n.flex_column.av-k0tmy-70e2774550c6291ade0dfbc4ee3ca489{\nborder-radius:0px 0px 0px 0px;\npadding:0px 0px 0px 0px;\n}\n<\/style>\n<div  class='flex_column av-k0tmy-70e2774550c6291ade0dfbc4ee3ca489 av_one_full  avia-builder-el-15  el_after_av_hr  el_before_av_button_big  avia-builder-el-last  first flex_column_div av-zero-column-padding  '     ><style type=\"text\/css\" data-created_by=\"avia_inline_auto\" id=\"style-css-av-dczdm-8cf55d6e47aadd38b201b422236ba198\">\n.avia-image-container.av-dczdm-8cf55d6e47aadd38b201b422236ba198 img.avia_image{\nbox-shadow:none;\n}\n.avia-image-container.av-dczdm-8cf55d6e47aadd38b201b422236ba198 .av-image-caption-overlay-center{\ncolor:#ffffff;\n}\n<\/style>\n<div  class='avia-image-container av-dczdm-8cf55d6e47aadd38b201b422236ba198 av-styling- av-hover-grow av-img-linked avia-align-center  avia-builder-el-16  avia-builder-el-no-sibling '   itemprop=\"image\" itemscope=\"itemscope\" itemtype=\"https:\/\/schema.org\/ImageObject\" ><div class=\"avia-image-container-inner\"><div class=\"avia-image-overlay-wrap\"><a href=\"https:\/\/g.page\/r\/CaGKcF2QFkgJEAg\/review\" class='avia_image '  target=\"_blank\"  rel=\"noopener noreferrer\" aria-label='Bewerten Sie uns auf Google'><img decoding=\"async\" fetchpriority=\"high\" class='wp-image-2118 avia-img-lazy-loading-not-2118 avia_image ' src=\"https:\/\/thaibalancemassage.at\/wp-content\/uploads\/2019\/06\/Google-bewertung-710x233-300x98.png\" alt='Link zur Bewertung auf Google' title='Bewerten Sie uns auf Google'  height=\"98\" width=\"300\"  itemprop=\"thumbnailUrl\" srcset=\"https:\/\/thaibalancemassage.at\/wp-content\/uploads\/2019\/06\/Google-bewertung-710x233-300x98.png 300w, https:\/\/thaibalancemassage.at\/wp-content\/uploads\/2019\/06\/Google-bewertung-710x233.png 710w, https:\/\/thaibalancemassage.at\/wp-content\/uploads\/2019\/06\/Google-bewertung-710x233-705x231.png 705w, https:\/\/thaibalancemassage.at\/wp-content\/uploads\/2019\/06\/Google-bewertung-710x233-450x148.png 450w\" sizes=\"(max-width: 300px) 100vw, 300px\" \/><\/a><\/div><\/div><\/div><\/div>\n<div  class='avia-button-wrap avia-button-center  avia-builder-el-17  el_after_av_one_full  avia-builder-el-last '>\n<style type=\"text\/css\" data-created_by=\"avia_inline_auto\" id=\"style-css-av-8kkl6-24f5e17e3b3da066389b2ff29affc9ad\">\n#top #wrap_all .avia-button.av-8kkl6-24f5e17e3b3da066389b2ff29affc9ad{\ncolor:#ffffff;\ntransition:all 0.4s ease-in-out;\n}\n#top #wrap_all .avia-button.av-8kkl6-24f5e17e3b3da066389b2ff29affc9ad:hover{\ncolor:#ffffff;\ntransition:all 0.4s ease-in-out;\n}\n#top #wrap_all .avia-button.av-8kkl6-24f5e17e3b3da066389b2ff29affc9ad .avia-svg-icon svg:first-child{\nfill:#ffffff;\nstroke:#ffffff;\n}\n#top #wrap_all .avia-button.av-8kkl6-24f5e17e3b3da066389b2ff29affc9ad:hover .avia-svg-icon svg:first-child{\nfill:#ffffff;\nstroke:#ffffff;\n}\n<\/style>\n<a href='https:\/\/thaibalancemassage.at\/de\/massage-buchen\/' class='avia-color-theme-color avia-button avia-button-fullwidth av-8kkl6-24f5e17e3b3da066389b2ff29affc9ad avia-icon_select-no avia-color-theme-color'   aria-label=\"Jetzt reservieren\"><span class='avia_iconbox_title' >Jetzt reservieren<\/span><span class='avia_button_background avia-button avia-button-fullwidth avia-color-theme-color'><\/span><\/a><\/div>\n","protected":false},"excerpt":{"rendered":"","protected":false},"author":1,"featured_media":0,"parent":0,"menu_order":0,"comment_status":"closed","ping_status":"closed","template":"","meta":{"footnotes":""},"class_list":["post-2517","page","type-page","status-publish","hentry"],"_links":{"self":[{"href":"https:\/\/thaibalancemassage.at\/de\/wp-json\/wp\/v2\/pages\/2517","targetHints":{"allow":["GET"]}}],"collection":[{"href":"https:\/\/thaibalancemassage.at\/de\/wp-json\/wp\/v2\/pages"}],"about":[{"href":"https:\/\/thaibalancemassage.at\/de\/wp-json\/wp\/v2\/types\/page"}],"author":[{"embeddable":true,"href":"https:\/\/thaibalancemassage.at\/de\/wp-json\/wp\/v2\/users\/1"}],"replies":[{"embeddable":true,"href":"https:\/\/thaibalancemassage.at\/de\/wp-json\/wp\/v2\/comments?post=2517"}],"version-history":[{"count":139,"href":"https:\/\/thaibalancemassage.at\/de\/wp-json\/wp\/v2\/pages\/2517\/revisions"}],"predecessor-version":[{"id":4175,"href":"https:\/\/thaibalancemassage.at\/de\/wp-json\/wp\/v2\/pages\/2517\/revisions\/4175"}],"wp:attachment":[{"href":"https:\/\/thaibalancemassage.at\/de\/wp-json\/wp\/v2\/media?parent=2517"}],"curies":[{"name":"wp","href":"https:\/\/api.w.org\/{rel}","templated":true}]}}