{"id":1630,"date":"2018-10-27T20:56:46","date_gmt":"2018-10-27T18:56:46","guid":{"rendered":"https:\/\/thaibalancemassage.at\/?page_id=1630"},"modified":"2025-12-30T18:09:05","modified_gmt":"2025-12-30T17:09:05","slug":"gutscheine","status":"publish","type":"page","link":"https:\/\/thaibalancemassage.at\/de\/gutscheine\/","title":{"rendered":"Gutscheine"},"content":{"rendered":"<div class=\"flex_column av_one_full  flex_column_div av-zero-column-padding first  avia-builder-el-0  el_before_av_two_third  avia-builder-el-first  \" style='border-radius:0px; '><section class=\"av_textblock_section \"  itemscope=\"itemscope\" itemtype=\"https:\/\/schema.org\/CreativeWork\" ><div class='avia_textblock  '   itemprop=\"text\" ><h1>Thai Balance Massage Gutscheine<\/h1>\n<\/div><\/section><\/div>\n<div class=\"flex_column av_two_third  flex_column_div av-zero-column-padding first  avia-builder-el-2  el_after_av_one_full  el_before_av_one_third  column-top-margin\" style='border-radius:0px; '><div   data-size='featured'  data-lightbox_size='large'  data-animation='slide'  data-conditional_play=''  data-ids='1633'  data-video_counter='0'  data-autoplay='false'  data-bg_slider='false'  data-slide_height=''  data-handle='av_slideshow'  data-interval='5'  data-class=' avia-builder-el-3  avia-builder-el-no-sibling  '  data-el_id=''  data-css_id=''  data-scroll_down=''  data-control_layout='av-control-default'  data-custom_markup=''  data-perma_caption=''  data-autoplay_stopper=''  data-image_attachment=''  data-min_height='0px'  data-lazy_loading='disabled'  data-default-height='28.666666666667'  class='avia-slideshow avia-slideshow-1  av-control-default av-default-height-applied avia-slideshow-featured av_slideshow  avia-builder-el-3  avia-builder-el-no-sibling   avia-slide-slider '  itemprop=\"image\" itemscope=\"itemscope\" itemtype=\"https:\/\/schema.org\/ImageObject\" ><ul class='avia-slideshow-inner ' style='padding-bottom: 28.666666666667%;' ><li  class=' av-single-slide slide-1 ' ><div data-rel='slideshow-1' class='avia-slide-wrap '   ><img decoding=\"async\" class=\"wp-image-1633 avia-img-lazy-loading-not-1633\"  src=\"https:\/\/thaibalancemassage.at\/wp-content\/uploads\/2018\/10\/TBM-Gutschein-Rueckseite-1500x430.png\" width=\"1500\" height=\"430\" title='TBM-Gutschein-Rueckseite' alt=''  itemprop=\"thumbnailUrl\"   \/><\/div><\/li><\/ul><\/div><\/div><div class=\"flex_column av_one_third  flex_column_div av-zero-column-padding   avia-builder-el-4  el_after_av_two_third  el_before_av_one_full  column-top-margin\" style='border-radius:0px; '><section class=\"av_textblock_section \"  itemscope=\"itemscope\" itemtype=\"https:\/\/schema.org\/CreativeWork\" ><div class='avia_textblock  '   itemprop=\"text\" ><h3>Wohlf\u00fchlen zum Verschenken:<\/h3>\n<p>So einfach kann gl\u00fccklich machen sein: Thai Balance Massage Gutschein kaufen und ihren Liebsten, Freundinnen und Freunden oder auch Kolleginnen und Kollegen eine gro\u00dfe Freude machen.<\/p>\n<\/div><\/section><\/div><\/p>\n<div class=\"flex_column av_one_full  flex_column_div av-zero-column-padding first  avia-builder-el-6  el_after_av_one_third  el_before_av_contact  column-top-margin\" style='border-radius:0px; '><section class=\"av_textblock_section \"  itemscope=\"itemscope\" itemtype=\"https:\/\/schema.org\/CreativeWork\" ><div class='avia_textblock  '   itemprop=\"text\" ><h3>Regeln f\u00fcr das Einl\u00f6sen der Gutscheine:<\/h3>\n<ul>\n<li>Gutscheine sind nur in Originalform g\u00fcltig (keine Kopien oder Nachbildungen).<\/li>\n<li>Leistungsgebundene Gutscheine k\u00f6nnen nur f\u00fcr die angegebene Behandlungsdauer verwendet werden. Eine k\u00fcrzere Dauer wird nicht verg\u00fctet, eine l\u00e4ngere muss aufgezahlt werden.<\/li>\n<li>In Ausnahmef\u00e4llen k\u00f6nnen Gutscheine nach vorheriger R\u00fccksprache f\u00fcr eine gleichwertige Behandlung eingel\u00f6st werden.<\/li>\n<li>Leistungsgutscheine sind ab dem Ausstellungsdatum 5 Jahre g\u00fcltig. Nach einem Jahr kann bei einer Preisanpassung eine Differenzzahlung erforderlich sein.<\/li>\n<\/ul>\n<p><strong>F\u00fcr weitere Details lesen Sie bitte unsere <a href=\"https:\/\/thaibalancemassage.at\/de\/agb\/\">AGB<\/a>.<\/strong><\/p>\n<\/div><\/section><\/div>\n<form action=\"https:\/\/thaibalancemassage.at\/de\/gutscheine\/\" method=\"post\"  class=\"avia_ajax_form av-form-labels-visible   avia-builder-el-8  el_after_av_one_full  avia-builder-el-last    av-desktop-hide av-medium-hide av-small-hide av-mini-hide\" data-avia-form-id=\"1\" data-avia-redirect='' ><h3 class=''>Gutschein reservieren<\/h3><fieldset><p class=' first_form  form_element form_fullwidth' id='element_avia_1_1'><label for=\"avia_1_1\">Anrede <abbr class=\"required\" title=\"ben\u00f6tigt\">*<\/abbr><\/label> <select  name=\"avia_1_1\" class=\"select is_empty\" id=\"avia_1_1\"><option  value ='Frau'>Frau<\/option><option  value ='Herr'>Herr<\/option><\/select><\/p><p class='  first_form  form_element form_fullwidth' id='element_avia_2_1'><label for=\"avia_2_1\">Vorname<\/label> <input name=\"avia_2_1\" class=\"text_input \" type=\"text\" id=\"avia_2_1\" value=\"\" \/><\/p><p class='  first_form  form_element form_fullwidth' id='element_avia_3_1'><label for=\"avia_3_1\">Nachname <abbr class=\"required\" title=\"ben\u00f6tigt\">*<\/abbr><\/label> <input name=\"avia_3_1\" class=\"text_input is_empty\" type=\"text\" id=\"avia_3_1\" value=\"\" \/><\/p><p class='  first_form  form_element form_fullwidth' id='element_avia_4_1'><label for=\"avia_4_1\">E-Mail <abbr class=\"required\" title=\"ben\u00f6tigt\">*<\/abbr><\/label> <input name=\"avia_4_1\" class=\"text_input is_email\" type=\"text\" id=\"avia_4_1\" value=\"\" \/><\/p><p class='  first_form  form_element form_fullwidth' id='element_avia_5_1'><label for=\"avia_5_1\">Telefon<\/label> <input name=\"avia_5_1\" class=\"text_input \" type=\"text\" id=\"avia_5_1\" value=\"\" \/><\/p><p class=' first_form  form_element form_fullwidth' id='element_avia_6_1'><label for=\"avia_6_1\">Gutschein <abbr class=\"required\" title=\"ben\u00f6tigt\">*<\/abbr><\/label> <select  name=\"avia_6_1\" class=\"select is_empty\" id=\"avia_6_1\"><option  value ='30 Minuten'>30 Minuten<\/option><option  value ='60 Minuten'>60 Minuten<\/option><option  value ='90 Minuten'>90 Minuten<\/option><option  value ='120 Minuten'>120 Minuten<\/option><\/select><\/p><p class=' first_form  form_element form_fullwidth' id='element_avia_7_1'><label for=\"avia_7_1\">Anzahl <abbr class=\"required\" title=\"ben\u00f6tigt\">*<\/abbr><\/label> <select  name=\"avia_7_1\" class=\"select is_empty\" id=\"avia_7_1\"><option  value ='1'>1<\/option><option  value ='2'>2<\/option><option  value ='3'>3<\/option><option  value ='4'>4<\/option><option  value ='5'>5<\/option><option  value ='6'>6<\/option><option  value ='7'>7<\/option><option  value ='8'>8<\/option><option  value ='9'>9<\/option><\/select><\/p><p class='  first_form  form_element form_fullwidth av-last-visible-form-element' id='element_avia_8_1'><label for=\"avia_8_1\" class=\"textare_label hidden textare_label_avia_8_1\">Anmerkungen<\/label><textarea  name=\"avia_8_1\" class=\"text_area \" cols=\"40\" rows=\"7\" id=\"avia_8_1\" ><\/textarea><\/p><p class=\"hidden\"><input type=\"text\" name=\"avia_9_1\" class=\"hidden \" id=\"avia_9_1\" value=\"\" \/><\/p><p class=\"form_element \"><input type=\"hidden\" value=\"1\" name=\"avia_generated_form1\" \/><input type=\"submit\" value=\"Gutschein reservieren\" class=\"button\"  data-sending-label=\"Sende\"\/><\/p><\/fieldset><\/form><div id=\"ajaxresponse_1\" class=\"ajaxresponse ajaxresponse_1 hidden\"><\/div>\n","protected":false},"excerpt":{"rendered":"","protected":false},"author":1,"featured_media":0,"parent":0,"menu_order":0,"comment_status":"closed","ping_status":"closed","template":"","meta":{"footnotes":""},"class_list":["post-1630","page","type-page","status-publish","hentry"],"_links":{"self":[{"href":"https:\/\/thaibalancemassage.at\/de\/wp-json\/wp\/v2\/pages\/1630","targetHints":{"allow":["GET"]}}],"collection":[{"href":"https:\/\/thaibalancemassage.at\/de\/wp-json\/wp\/v2\/pages"}],"about":[{"href":"https:\/\/thaibalancemassage.at\/de\/wp-json\/wp\/v2\/types\/page"}],"author":[{"embeddable":true,"href":"https:\/\/thaibalancemassage.at\/de\/wp-json\/wp\/v2\/users\/1"}],"replies":[{"embeddable":true,"href":"https:\/\/thaibalancemassage.at\/de\/wp-json\/wp\/v2\/comments?post=1630"}],"version-history":[{"count":38,"href":"https:\/\/thaibalancemassage.at\/de\/wp-json\/wp\/v2\/pages\/1630\/revisions"}],"predecessor-version":[{"id":4133,"href":"https:\/\/thaibalancemassage.at\/de\/wp-json\/wp\/v2\/pages\/1630\/revisions\/4133"}],"wp:attachment":[{"href":"https:\/\/thaibalancemassage.at\/de\/wp-json\/wp\/v2\/media?parent=1630"}],"curies":[{"name":"wp","href":"https:\/\/api.w.org\/{rel}","templated":true}]}}