{"id":1434,"date":"2017-10-16T21:18:43","date_gmt":"2017-10-16T21:18:43","guid":{"rendered":"https:\/\/thaibalancemassage.at\/?page_id=1434"},"modified":"2025-01-05T16:26:51","modified_gmt":"2025-01-05T15:26:51","slug":"massage-buchen","status":"publish","type":"page","link":"https:\/\/thaibalancemassage.at\/de\/massage-buchen\/","title":{"rendered":"Massage reservieren"},"content":{"rendered":"<\/p>\n\n<style type=\"text\/css\" data-created_by=\"avia_inline_auto\" id=\"style-css-av-1dffqsq-60fc0896b60249bcfb6ee867ece45b62\">\n.flex_column.av-1dffqsq-60fc0896b60249bcfb6ee867ece45b62{\nborder-radius:0px 0px 0px 0px;\npadding:0px 0px 0px 0px;\n}\n<\/style>\n<div  class='flex_column av-1dffqsq-60fc0896b60249bcfb6ee867ece45b62 av_one_full  avia-builder-el-0  el_before_av_two_third  avia-builder-el-first  first flex_column_div av-zero-column-padding  '     ><section  class='av_textblock_section av-1bip1ai-b12e4ceab5b55a54a045dddfa0f1af2e '   itemscope=\"itemscope\" itemtype=\"https:\/\/schema.org\/CreativeWork\" ><div class='avia_textblock'  itemprop=\"text\" ><h1>Massage reservieren<\/h1>\n<\/div><\/section><\/div>\n\n<style type=\"text\/css\" data-created_by=\"avia_inline_auto\" id=\"style-css-av-194cjfe-dc79cd8984041597c2eb3dfcf97f7c9f\">\n.flex_column.av-194cjfe-dc79cd8984041597c2eb3dfcf97f7c9f{\nborder-radius:0px 0px 0px 0px;\npadding:0px 0px 0px 0px;\n}\n<\/style>\n<div  class='flex_column av-194cjfe-dc79cd8984041597c2eb3dfcf97f7c9f av_two_third  avia-builder-el-2  el_after_av_one_full  el_before_av_one_third  first flex_column_div av-zero-column-padding  column-top-margin'     ><section  class='av_textblock_section av-17vb3ii-3f1e7158354384997e403462515e426a '   itemscope=\"itemscope\" itemtype=\"https:\/\/schema.org\/CreativeWork\" ><div class='avia_textblock'  itemprop=\"text\" ><h2>Massage telefonisch reservieren<\/h2>\n<p>Rufen Sie uns ganz einfach an und sagen Sie uns wann und wie wir sie verw\u00f6hnen d\u00fcrfen.<\/p>\n<\/div><\/section><\/div>\n\n<style type=\"text\/css\" data-created_by=\"avia_inline_auto\" id=\"style-css-av-16u4si2-e7d55ac7784f3171a5cb92e597a05ebd\">\n.flex_column.av-16u4si2-e7d55ac7784f3171a5cb92e597a05ebd{\nborder-radius:0px 0px 0px 0px;\npadding:0px 0px 0px 0px;\n}\n<\/style>\n<div  class='flex_column av-16u4si2-e7d55ac7784f3171a5cb92e597a05ebd av_one_third  avia-builder-el-4  el_after_av_two_third  el_before_av_two_third  flex_column_div av-zero-column-padding  column-top-margin'     ><style type=\"text\/css\" data-created_by=\"avia_inline_auto\" id=\"style-css-av-141ljai-c5ab851810316b6e96a60079a0f9c6f0\">\n#top .av_textblock_section.av-141ljai-c5ab851810316b6e96a60079a0f9c6f0 .avia_textblock{\nfont-size:24px;\n}\n<\/style>\n<section  class='av_textblock_section av-141ljai-c5ab851810316b6e96a60079a0f9c6f0 '   itemscope=\"itemscope\" itemtype=\"https:\/\/schema.org\/CreativeWork\" ><div class='avia_textblock'  itemprop=\"text\" ><p style=\"text-align: center;\"><strong><a href=\"tel:+43 1 38 65 180\">+43 1 38 65 180<\/a><br \/>\n<\/strong><\/p>\n<\/div><\/section><\/div>\n\n<style type=\"text\/css\" data-created_by=\"avia_inline_auto\" id=\"style-css-av-13eizlm-66004370434a7d9bc5f0261c06cc06d5\">\n.flex_column.av-13eizlm-66004370434a7d9bc5f0261c06cc06d5{\nborder-radius:0px 0px 0px 0px;\npadding:0px 0px 0px 0px;\n}\n<\/style>\n<div  class='flex_column av-13eizlm-66004370434a7d9bc5f0261c06cc06d5 av_two_third  avia-builder-el-6  el_after_av_one_third  el_before_av_one_third  first flex_column_div av-zero-column-padding  column-top-margin'     ><section  class='av_textblock_section av-11ub8nu-90224c0164b992cb7f5fdd8cf131a5e0 '   itemscope=\"itemscope\" itemtype=\"https:\/\/schema.org\/CreativeWork\" ><div class='avia_textblock'  itemprop=\"text\" ><h2>Massage per E-Mail reservieren<\/h2>\n<p>Schreiben Sie uns, wann Sie welche Behandlung w\u00fcnschen. Wir best\u00e4tigen Ihnen umgehend den Termin oder machen Ihnen andere Vorschl\u00e4ge.<\/p>\n<\/div><\/section><\/div>\n\n<style type=\"text\/css\" data-created_by=\"avia_inline_auto\" id=\"style-css-av-ze7aui-53614aff7911bdc4e4335877af67ab53\">\n.flex_column.av-ze7aui-53614aff7911bdc4e4335877af67ab53{\nborder-radius:0px 0px 0px 0px;\npadding:0px 0px 0px 0px;\n}\n<\/style>\n<div  class='flex_column av-ze7aui-53614aff7911bdc4e4335877af67ab53 av_one_third  avia-builder-el-8  el_after_av_two_third  el_before_av_two_third  flex_column_div av-zero-column-padding  column-top-margin'     ><section  class='av_textblock_section av-xxrnlm-024b5161e722ec1c45e6208d021fe1e6 '   itemscope=\"itemscope\" itemtype=\"https:\/\/schema.org\/CreativeWork\" ><div class='avia_textblock'  itemprop=\"text\" ><p style=\"text-align: center;\"><a href=\"mailto:tutmirgut@thaibalancemassage.at\">tutmirgut@thaibalancemassage.at<\/a><\/p>\n<\/div><\/section><\/div>\n\n<style type=\"text\/css\" data-created_by=\"avia_inline_auto\" id=\"style-css-av-vuxokq-607d38cc6efa2630dd8798ca27118ea0\">\n.flex_column.av-vuxokq-607d38cc6efa2630dd8798ca27118ea0{\nborder-radius:0px 0px 0px 0px;\npadding:0px 0px 0px 0px;\n}\n<\/style>\n<div  class='flex_column av-vuxokq-607d38cc6efa2630dd8798ca27118ea0 av_two_third  avia-builder-el-10  el_after_av_one_third  el_before_av_one_third  first flex_column_div av-zero-column-padding  column-top-margin'     ><section  class='av_textblock_section av-uzd2d6-4a71dbb5ab543573e1695f7a68e025f1 '   itemscope=\"itemscope\" itemtype=\"https:\/\/schema.org\/CreativeWork\" ><div class='av-small-hide av-mini-hide avia_textblock'  itemprop=\"text\" ><h2>Massage mit Anmeldung reservieren<\/h2>\n<p>Wenn Sie sich registrieren lassen k\u00f6nnen Sie Ihre Wohlf\u00fchl-Behandlung mit Anmeldung reservieren. Sie brauchen Ihre Daten nur einmal eingeben, auch wenn Sie \u00f6fters kommen.<\/p>\n<\/div><\/section><br \/>\n<section  class='av_textblock_section av-t9kwx6-5b5ebe8633b508224d038db5b88f3582 '   itemscope=\"itemscope\" itemtype=\"https:\/\/schema.org\/CreativeWork\" ><div class='av-desktop-hide av-medium-hide avia_textblock'  itemprop=\"text\" ><h2>Massage mit Anmeldung reservieren<\/h2>\n<p>Wenn Sie sich registrieren lassen k\u00f6nnen Sie Ihre Wohlf\u00fchl-Behandlung mit Anmeldung reservieren. Sie brauchen Ihre Daten nur einmal eingeben, auch wenn Sie \u00f6fters kommen.<\/p>\n<\/div><\/section><\/p><\/div>\n\n<style type=\"text\/css\" data-created_by=\"avia_inline_auto\" id=\"style-css-av-r0tw56-17fc48e285b65f7e7749d099141364eb\">\n.flex_column.av-r0tw56-17fc48e285b65f7e7749d099141364eb{\nborder-radius:0px 0px 0px 0px;\npadding:0px 0px 0px 0px;\n}\n<\/style>\n<div  class='flex_column av-r0tw56-17fc48e285b65f7e7749d099141364eb av_one_third  avia-builder-el-13  el_after_av_two_third  el_before_av_two_third  flex_column_div av-zero-column-padding  column-top-margin'     ><p><div  class='avia-button-wrap av-qakgne-dc10625e0e63a87435f6507e734fc41d-wrap avia-button-center  avia-builder-el-14  el_before_av_button  avia-builder-el-first '><a href='https:\/\/thaibalancemassage.belbo.com\/login'  class='avia-button av-qakgne-dc10625e0e63a87435f6507e734fc41d av-link-btn avia-icon_select-no avia-size-x-large avia-position-center av-small-hide av-mini-hide avia-color-theme-color-highlight'  target=\"_blank\"  rel=\"noopener noreferrer\"  aria-label=\"Mit Anmeldung reservieren\"><span class='avia_iconbox_title' >Mit Anmeldung reservieren<\/span><\/a><\/div><br \/>\n<div  class='avia-button-wrap av-nwk6lm-556ff89f2b3b40d1f6e916a1b3506246-wrap avia-button-center  avia-builder-el-15  el_after_av_button  avia-builder-el-last '><a href='https:\/\/thaibalancemassage.belbo.com\/login'  class='avia-button av-nwk6lm-556ff89f2b3b40d1f6e916a1b3506246 av-link-btn avia-icon_select-no avia-size-x-large avia-position-center av-desktop-hide av-medium-hide avia-color-theme-color-highlight'  target=\"_blank\"  rel=\"noopener noreferrer\"  aria-label=\"Mit Anmeldung reservieren\"><span class='avia_iconbox_title' >Mit Anmeldung reservieren<\/span><\/a><\/div><\/p><\/div>\n\n<style type=\"text\/css\" data-created_by=\"avia_inline_auto\" id=\"style-css-av-mqic56-b6ac7fefbacb6d32914ba6a63501c10c\">\n.flex_column.av-mqic56-b6ac7fefbacb6d32914ba6a63501c10c{\nborder-radius:0px 0px 0px 0px;\npadding:0px 0px 0px 0px;\n}\n<\/style>\n<div  class='flex_column av-mqic56-b6ac7fefbacb6d32914ba6a63501c10c av_two_third  avia-builder-el-16  el_after_av_one_third  el_before_av_one_third  first flex_column_div av-zero-column-padding  column-top-margin'     ><section  class='av_textblock_section av-kpxdsa-2ce0a5cd534c3c9843a7773daffea574 '   itemscope=\"itemscope\" itemtype=\"https:\/\/schema.org\/CreativeWork\" ><div class='av-small-hide av-mini-hide avia_textblock'  itemprop=\"text\" ><h2>Massage ohne Anmeldung reservieren<\/h2>\n<p>Wenn Sie sich nicht registrieren wollen k\u00f6nnen Sie auch ohne Anmeldung eine Massage reservieren.<\/p>\n<\/div><\/section><br \/>\n<section  class='av_textblock_section av-j1tvze-6457ebfbc0c3185b842fee77e8ba3f2d '   itemscope=\"itemscope\" itemtype=\"https:\/\/schema.org\/CreativeWork\" ><div class='av-desktop-hide av-medium-hide avia_textblock'  itemprop=\"text\" ><h2>Massage ohne Anmeldung reservieren<\/h2>\n<p>Wenn Sie sich nicht registrieren wollen k\u00f6nnen Sie auch ohne Anmeldung eine Massage reservieren.<\/p>\n<\/div><\/section><\/p><\/div>\n\n<style type=\"text\/css\" data-created_by=\"avia_inline_auto\" id=\"style-css-av-hd7bga-e893848c8842c704199d80de27172a7d\">\n.flex_column.av-hd7bga-e893848c8842c704199d80de27172a7d{\nborder-radius:0px 0px 0px 0px;\npadding:0px 0px 0px 0px;\n}\n<\/style>\n<div  class='flex_column av-hd7bga-e893848c8842c704199d80de27172a7d av_one_third  avia-builder-el-19  el_after_av_two_third  el_before_av_hr  flex_column_div av-zero-column-padding  column-top-margin'     ><p><div  class='avia-button-wrap av-f4axru-69d706c64f6805130d28d9ed2e05b5a2-wrap avia-button-center  avia-builder-el-20  el_before_av_button  avia-builder-el-first '><a href='https:\/\/thaibalancemassage.at\/de\/massage-buchen\/buchen\/'  class='avia-button av-f4axru-69d706c64f6805130d28d9ed2e05b5a2 av-link-btn avia-icon_select-no avia-size-x-large avia-position-center av-small-hide av-mini-hide avia-color-theme-color'   aria-label=\"Ohne Anmeldung reservieren\"><span class='avia_iconbox_title' >Ohne Anmeldung reservieren<\/span><\/a><\/div><br \/>\n<div  class='avia-button-wrap av-1f8t56-5753e4ad9759809cd5510f6888eb511e-wrap avia-button-center  avia-builder-el-21  el_after_av_button  avia-builder-el-last '><a href='https:\/\/thaibalancemassage.belbo.com\/termin?'  class='avia-button av-1f8t56-5753e4ad9759809cd5510f6888eb511e av-link-btn avia-icon_select-no avia-size-x-large avia-position-center av-desktop-hide av-medium-hide avia-color-theme-color'  target=\"_blank\"  rel=\"noopener noreferrer\"  aria-label=\"Ohne Anmeldung reservieren\"><span class='avia_iconbox_title' >Ohne Anmeldung reservieren<\/span><\/a><\/div><\/p><\/div>\n<div  class='hr av-cchtx6-521acce8685a7151c464cc48bdbfbe36 hr-default  avia-builder-el-22  el_after_av_one_third  el_before_av_textblock '><span class='hr-inner '><span class=\"hr-inner-style\"><\/span><\/span><\/div>\n<section  class='av_textblock_section av-ay3wzu-f61d058c971ea2f4105d0870b8005526 '   itemscope=\"itemscope\" itemtype=\"https:\/\/schema.org\/CreativeWork\" ><div class='avia_textblock'  itemprop=\"text\" ><h2>Hinweise zur Online-Reservierung<\/h2>\n<p>F\u00fcr die Reservierung ben\u00f6tigen wir zumindest Ihren Namen und Ihre E-Mail-Adresse.\u00a0Sie bekommen f\u00fcr jede Reservierung eine Best\u00e4tigung per E-Mail.<\/p>\n<p>Au\u00dferdem senden wir Ihnen rechtzeitig vor Beginn der Behandlung eine Erinnerung per E-Mail. Bitte sagen Sie rechtzeitig ab wenn Sie den Termin nicht wahrnehmen k\u00f6nnen.<\/p>\n<p>Sie k\u00f6nnen uns jederzeit anrufen oder uns eine E-Mail schicken falls Sie Ihren Termin verschieben m\u00f6chten.<\/p>\n<h2>Termin absagen<\/h2>\n<p>Bitte sagen Sie Ihren Termin m\u00f6glichst rechtzeitig (sp\u00e4testens 24 Stunden vor Beginn) ab, wenn Sie ihn nicht wahrnehmen k\u00f6nnen. Andernfalls, besonders in wiederholten F\u00e4llen, behalten wir uns vor den vollen Betrag der Behandlung in Rechnung zu stellen.<\/p>\n<\/div><\/section>\n<div  class='hr av-9osefe-3c7839e7d7ab7337bbd506d1883a7a8e hr-default  avia-builder-el-24  el_after_av_textblock  el_before_av_one_full '><span class='hr-inner '><span class=\"hr-inner-style\"><\/span><\/span><\/div>\n\n<style type=\"text\/css\" data-created_by=\"avia_inline_auto\" id=\"style-css-av-4op7d6-a82f4994a4590073323836597c298b45\">\n.flex_column.av-4op7d6-a82f4994a4590073323836597c298b45{\nborder-radius:0px 0px 0px 0px;\npadding:0px 0px 0px 0px;\n}\n<\/style>\n<div  class='flex_column av-4op7d6-a82f4994a4590073323836597c298b45 av_one_full  avia-builder-el-25  el_after_av_hr  avia-builder-el-last  first flex_column_div av-zero-column-padding  '     ><style type=\"text\/css\" data-created_by=\"avia_inline_auto\" id=\"style-css-av-1wi5yy-9d2f4e7837ed9c46822ca61112b2400f\">\n.avia-image-container.av-1wi5yy-9d2f4e7837ed9c46822ca61112b2400f img.avia_image{\nbox-shadow:none;\n}\n.avia-image-container.av-1wi5yy-9d2f4e7837ed9c46822ca61112b2400f .av-image-caption-overlay-center{\ncolor:#ffffff;\n}\n<\/style>\n<div  class='avia-image-container av-1wi5yy-9d2f4e7837ed9c46822ca61112b2400f av-styling- av-hover-grow av-img-linked avia-align-center  avia-builder-el-26  avia-builder-el-no-sibling '   itemprop=\"image\" itemscope=\"itemscope\" itemtype=\"https:\/\/schema.org\/ImageObject\" ><div class=\"avia-image-container-inner\"><div class=\"avia-image-overlay-wrap\"><a href=\"https:\/\/g.page\/r\/CaGKcF2QFkgJEAg\/review\" class='avia_image '  target=\"_blank\"  rel=\"noopener noreferrer\" aria-label='Bewerten Sie uns auf Google'><img decoding=\"async\" fetchpriority=\"high\" class='wp-image-2118 avia-img-lazy-loading-not-2118 avia_image ' src=\"https:\/\/thaibalancemassage.at\/wp-content\/uploads\/2019\/06\/Google-bewertung-710x233-300x98.png\" alt='Link zur Bewertung auf Google' title='Bewerten Sie uns auf Google'  height=\"98\" width=\"300\"  itemprop=\"thumbnailUrl\" srcset=\"https:\/\/thaibalancemassage.at\/wp-content\/uploads\/2019\/06\/Google-bewertung-710x233-300x98.png 300w, https:\/\/thaibalancemassage.at\/wp-content\/uploads\/2019\/06\/Google-bewertung-710x233.png 710w, https:\/\/thaibalancemassage.at\/wp-content\/uploads\/2019\/06\/Google-bewertung-710x233-705x231.png 705w, https:\/\/thaibalancemassage.at\/wp-content\/uploads\/2019\/06\/Google-bewertung-710x233-450x148.png 450w\" sizes=\"(max-width: 300px) 100vw, 300px\" \/><\/a><\/div><\/div><\/div><\/div>\n","protected":false},"excerpt":{"rendered":"","protected":false},"author":1,"featured_media":0,"parent":0,"menu_order":0,"comment_status":"closed","ping_status":"closed","template":"","meta":{"footnotes":""},"class_list":["post-1434","page","type-page","status-publish","hentry"],"_links":{"self":[{"href":"https:\/\/thaibalancemassage.at\/de\/wp-json\/wp\/v2\/pages\/1434","targetHints":{"allow":["GET"]}}],"collection":[{"href":"https:\/\/thaibalancemassage.at\/de\/wp-json\/wp\/v2\/pages"}],"about":[{"href":"https:\/\/thaibalancemassage.at\/de\/wp-json\/wp\/v2\/types\/page"}],"author":[{"embeddable":true,"href":"https:\/\/thaibalancemassage.at\/de\/wp-json\/wp\/v2\/users\/1"}],"replies":[{"embeddable":true,"href":"https:\/\/thaibalancemassage.at\/de\/wp-json\/wp\/v2\/comments?post=1434"}],"version-history":[{"count":69,"href":"https:\/\/thaibalancemassage.at\/de\/wp-json\/wp\/v2\/pages\/1434\/revisions"}],"predecessor-version":[{"id":3956,"href":"https:\/\/thaibalancemassage.at\/de\/wp-json\/wp\/v2\/pages\/1434\/revisions\/3956"}],"wp:attachment":[{"href":"https:\/\/thaibalancemassage.at\/de\/wp-json\/wp\/v2\/media?parent=1434"}],"curies":[{"name":"wp","href":"https:\/\/api.w.org\/{rel}","templated":true}]}}