{"id":1154,"date":"2017-07-25T05:54:07","date_gmt":"2017-07-25T05:54:07","guid":{"rendered":"https:\/\/thaibalancemassage.at\/?page_id=1154"},"modified":"2023-02-25T11:52:07","modified_gmt":"2023-02-25T10:52:07","slug":"thai-reflex","status":"publish","type":"page","link":"https:\/\/thaibalancemassage.at\/de\/massagen\/thai-reflex\/","title":{"rendered":"Thai reflex"},"content":{"rendered":"<div class=\"flex_column av_one_half  flex_column_div av-zero-column-padding first  avia-builder-el-0  el_before_av_one_half  avia-builder-el-first  \" style='border-radius:0px; '><p><div   class='hr hr-default   avia-builder-el-1  el_before_av_image  avia-builder-el-first '><span class='hr-inner ' ><span class='hr-inner-style'><\/span><\/span><\/div><br \/>\n<div  class='avia-image-container  av-styling-    avia-builder-el-2  el_after_av_hr  avia-builder-el-last  avia-align-center '  itemprop=\"image\" itemscope=\"itemscope\" itemtype=\"https:\/\/schema.org\/ImageObject\"  ><div class='avia-image-container-inner'><div class='avia-image-overlay-wrap'><img decoding=\"async\" class='wp-image-2403 avia-img-lazy-loading-not-2403 avia_image' src=\"https:\/\/thaibalancemassage.at\/wp-content\/uploads\/2020\/11\/thai-reflex-2020.jpg\" alt='Fu\u00dfreflexzonenmassage Thai reflex, Fu\u00dfmassage' title='thai-reflex-2020' height=\"934\" width=\"1400\"  itemprop=\"thumbnailUrl\" srcset=\"https:\/\/thaibalancemassage.at\/wp-content\/uploads\/2020\/11\/thai-reflex-2020.jpg 1400w, https:\/\/thaibalancemassage.at\/wp-content\/uploads\/2020\/11\/thai-reflex-2020-300x200.jpg 300w, https:\/\/thaibalancemassage.at\/wp-content\/uploads\/2020\/11\/thai-reflex-2020-1030x687.jpg 1030w, https:\/\/thaibalancemassage.at\/wp-content\/uploads\/2020\/11\/thai-reflex-2020-768x512.jpg 768w, https:\/\/thaibalancemassage.at\/wp-content\/uploads\/2020\/11\/thai-reflex-2020-705x470.jpg 705w\" sizes=\"(max-width: 1400px) 100vw, 1400px\" \/><\/div><\/div><\/div><\/p><\/div>\n<div class=\"flex_column av_one_half  flex_column_div av-zero-column-padding   avia-builder-el-3  el_after_av_one_half  el_before_av_hr  \" style='border-radius:0px; '><section class=\"av_textblock_section \"  itemscope=\"itemscope\" itemtype=\"https:\/\/schema.org\/CreativeWork\" ><div class='avia_textblock  '   itemprop=\"text\" ><h1>Thai reflex<\/h1>\n<h3>Fu\u00dfmassage<\/h3>\n<p><strong>Traditionelle Massage der F\u00fc\u00dfe, Waden und Unterschenkel. Ausgangspunkte sind die Reflexpunkte an den F\u00fc\u00dfen, in denen sich die Energiebahnen des K\u00f6rpers b\u00fcndeln. Durch die Massage der Reflexpunkte werden die Selbstheilungs- und Regenerationskr\u00e4fte des K\u00f6rpers aktiviert.<\/strong><\/p>\n<p><span style=\"font-weight: 400;\">Jedem Organ und jeder K\u00f6rperpartie wird am Fu\u00df ein Energiepunkt zugeordnet. Durch Dr\u00fccken oder Streicheln des entsprechenden Energiepunktes k\u00f6nnen positive Wirkungen auf die jeweilige K\u00f6rperpartie erreicht werden. F\u00fcr einige Bereiche wird ein h\u00f6lzerner Massagestabs verwendet, mit dem jeweils ein paar Sekunden lang punktueller Druck auf verschiedene Punkte am Fu\u00df ausge\u00fcbt wird.<\/span><\/p>\n<p><span style=\"font-weight: 400;\">Eine Fu\u00dfmassage dient der Regeneration des komplexen Systems aus Muskeln, Sehnen und Nerven innerhalb der F\u00fc\u00dfe. Die Massage der F\u00fc\u00dfe bringt den F\u00fc\u00dfen Entspannung und kann sich gleichzeitig positiv auf das Wohlbefinden des ganzen K\u00f6rpers auswirken. Auch die Fu\u00dfmassage wirkt beruhigend und baut Stress ab.<\/span><\/p>\n<p><span style=\"font-weight: 400;\">Wirkungen:<\/span><\/p>\n<ul>\n<li style=\"font-weight: 400;\"><span style=\"font-weight: 400;\">Verbesserung der Durchblutung<\/span><\/li>\n<li style=\"font-weight: 400;\"><span style=\"font-weight: 400;\">Tiefenentspannung des K\u00f6rpers<\/span><\/li>\n<li style=\"font-weight: 400;\"><span style=\"font-weight: 400;\">St\u00e4rkung des Immunsystems<\/span><\/li>\n<li style=\"font-weight: 400;\">L\u00f6sung von Verspannungen<\/li>\n<\/ul>\n<p><span style=\"font-weight: 400;\">Die Fu\u00dfmassage findet bekleidet auf der Massageliege statt. Es empfiehlt sich, leichte und weite Beinbekleidung statt eng anliegender Hosen zu tragen, weil nicht nur Ihre F\u00fc\u00dfe sondern auch die Unterschenkel und Waden massiert werden.<\/span><\/p>\n<p><span style=\"font-weight: 400;\">Auch wenn zu Beginn der Behandlung Ihre F\u00fc\u00dfe gewaschen werden setzen wir eine ausreichende K\u00f6rperpflege und Hygiene voraus.<\/span><\/p>\n<p>Dauer: 1 Stunde | 1,5 Stunden | 2 Stunden<\/p>\n<p><span style=\"font-weight: 400;\">Charakter: dynamisch, kraftvoll<\/span><\/p>\n<\/div><\/section><\/div>\n<div   class='hr hr-default   avia-builder-el-5  el_after_av_one_half  el_before_av_textblock '><span class='hr-inner ' ><span class='hr-inner-style'><\/span><\/span><\/div>\n<section class=\"av_textblock_section \"  itemscope=\"itemscope\" itemtype=\"https:\/\/schema.org\/CreativeWork\" ><div class='avia_textblock  '   itemprop=\"text\" ><h2 style=\"text-align: center;\">Weitere Wohlf\u00fchl Massagen<\/h2>\n<\/div><\/section>\n<\/div><\/div><\/div><!-- close content main div --><\/div><\/div><div id='av-layout-grid-1'  class='av-layout-grid-container entry-content-wrapper main_color av-flex-cells     avia-builder-el-7  el_after_av_textblock  el_before_av_hr  submenu-not-first container_wrap fullsize' style=' '  >\n<div class=\"flex_cell no_margin av_one_fourth  avia-builder-el-8  el_before_av_cell_one_fourth  avia-builder-el-first   \"  style='vertical-align:top; padding:30px; ' ><div class='flex_cell_inner' ><div class=\"flex_column av_one_full  flex_column_div av-zero-column-padding first  avia-builder-el-9  avia-builder-el-no-sibling  \" style='border-radius:0px; '><p><div  class='avia-image-container  av-styling-    avia-builder-el-10  el_before_av_textblock  avia-builder-el-first  avia-align-center '  itemprop=\"image\" itemscope=\"itemscope\" itemtype=\"https:\/\/schema.org\/ImageObject\"  ><div class='avia-image-container-inner'><div class='avia-image-overlay-wrap'><a href='https:\/\/thaibalancemassage.at\/de\/massagen\/thai-pur\/' class='avia_image'  ><img decoding=\"async\" width=\"1400\" height=\"934\" class='wp-image-1187 avia-img-lazy-loading-not-1187 avia_image' src=\"https:\/\/thaibalancemassage.at\/wp-content\/uploads\/2015\/07\/01-thai-pur.jpg\" alt='Thai Massage' title='01-thai-pur'  itemprop=\"thumbnailUrl\" srcset=\"https:\/\/thaibalancemassage.at\/wp-content\/uploads\/2015\/07\/01-thai-pur.jpg 1400w, https:\/\/thaibalancemassage.at\/wp-content\/uploads\/2015\/07\/01-thai-pur-300x200.jpg 300w, https:\/\/thaibalancemassage.at\/wp-content\/uploads\/2015\/07\/01-thai-pur-768x512.jpg 768w, https:\/\/thaibalancemassage.at\/wp-content\/uploads\/2015\/07\/01-thai-pur-1030x687.jpg 1030w, https:\/\/thaibalancemassage.at\/wp-content\/uploads\/2015\/07\/01-thai-pur-705x470.jpg 705w, https:\/\/thaibalancemassage.at\/wp-content\/uploads\/2015\/07\/01-thai-pur-450x300.jpg 450w\" sizes=\"(max-width: 1400px) 100vw, 1400px\" \/><\/a><\/div><\/div><\/div><br \/>\n<section class=\"av_textblock_section \"  itemscope=\"itemscope\" itemtype=\"https:\/\/schema.org\/CreativeWork\" ><div class='avia_textblock  '   itemprop=\"text\" ><h3 style=\"text-align: center;\">Thai pur<\/h3>\n<p style=\"text-align: center;\">Klassische Thai Massage<\/p>\n<\/div><\/section><\/p><\/div>\n<\/div><\/div><div class=\"flex_cell no_margin av_one_fourth  avia-builder-el-12  el_after_av_cell_one_fourth  el_before_av_cell_one_fourth   \"  style='vertical-align:top; padding:30px; ' ><div class='flex_cell_inner' ><div class=\"flex_column av_one_full  flex_column_div av-zero-column-padding first  avia-builder-el-13  avia-builder-el-no-sibling  \" style='border-radius:0px; '><p><div  class='avia-image-container  av-styling-    avia-builder-el-14  el_before_av_textblock  avia-builder-el-first  avia-align-center '  itemprop=\"image\" itemscope=\"itemscope\" itemtype=\"https:\/\/schema.org\/ImageObject\"  ><div class='avia-image-container-inner'><div class='avia-image-overlay-wrap'><a href='https:\/\/thaibalancemassage.at\/de\/massagen\/thai-relax\/' class='avia_image'  ><img decoding=\"async\" width=\"1400\" height=\"934\" class='wp-image-1186 avia-img-lazy-loading-not-1186 avia_image' src=\"https:\/\/thaibalancemassage.at\/wp-content\/uploads\/2015\/07\/02-thai-relax.jpg\" alt='\u00d6lmassage' title='02-thai-relax'  itemprop=\"thumbnailUrl\" srcset=\"https:\/\/thaibalancemassage.at\/wp-content\/uploads\/2015\/07\/02-thai-relax.jpg 1400w, https:\/\/thaibalancemassage.at\/wp-content\/uploads\/2015\/07\/02-thai-relax-300x200.jpg 300w, https:\/\/thaibalancemassage.at\/wp-content\/uploads\/2015\/07\/02-thai-relax-1030x687.jpg 1030w, https:\/\/thaibalancemassage.at\/wp-content\/uploads\/2015\/07\/02-thai-relax-768x512.jpg 768w, https:\/\/thaibalancemassage.at\/wp-content\/uploads\/2015\/07\/02-thai-relax-705x470.jpg 705w\" sizes=\"(max-width: 1400px) 100vw, 1400px\" \/><\/a><\/div><\/div><\/div><br \/>\n<section class=\"av_textblock_section \"  itemscope=\"itemscope\" itemtype=\"https:\/\/schema.org\/CreativeWork\" ><div class='avia_textblock  '   itemprop=\"text\" ><h3 style=\"text-align: center;\">Thai relax<\/h3>\n<p style=\"text-align: center;\">Thai \u00d6lmassage<\/p>\n<\/div><\/section><\/p><\/div>\n<\/div><\/div><div class=\"flex_cell no_margin av_one_fourth  avia-builder-el-16  el_after_av_cell_one_fourth  el_before_av_cell_one_fourth   \"  style='vertical-align:top; padding:30px; ' ><div class='flex_cell_inner' ><div class=\"flex_column av_one_full  flex_column_div av-zero-column-padding first  avia-builder-el-17  avia-builder-el-no-sibling  \" style='border-radius:0px; '><p><div  class='avia-image-container  av-styling-    avia-builder-el-18  el_before_av_textblock  avia-builder-el-first  avia-align-center '  itemprop=\"image\" itemscope=\"itemscope\" itemtype=\"https:\/\/schema.org\/ImageObject\"  ><div class='avia-image-container-inner'><div class='avia-image-overlay-wrap'><a href='https:\/\/thaibalancemassage.at\/de\/massagen\/thai-reflex\/' class='avia_image'  ><img decoding=\"async\" width=\"1400\" height=\"934\" class='wp-image-1184 avia-img-lazy-loading-not-1184 avia_image' src=\"https:\/\/thaibalancemassage.at\/wp-content\/uploads\/2015\/07\/04-flinke-beine.jpg\" alt='Fu\u00dfmassage' title='04-flinke-beine'  itemprop=\"thumbnailUrl\" srcset=\"https:\/\/thaibalancemassage.at\/wp-content\/uploads\/2015\/07\/04-flinke-beine.jpg 1400w, https:\/\/thaibalancemassage.at\/wp-content\/uploads\/2015\/07\/04-flinke-beine-300x200.jpg 300w, https:\/\/thaibalancemassage.at\/wp-content\/uploads\/2015\/07\/04-flinke-beine-1030x687.jpg 1030w, https:\/\/thaibalancemassage.at\/wp-content\/uploads\/2015\/07\/04-flinke-beine-768x512.jpg 768w, https:\/\/thaibalancemassage.at\/wp-content\/uploads\/2015\/07\/04-flinke-beine-705x470.jpg 705w\" sizes=\"(max-width: 1400px) 100vw, 1400px\" \/><\/a><\/div><\/div><\/div><br \/>\n<section class=\"av_textblock_section \"  itemscope=\"itemscope\" itemtype=\"https:\/\/schema.org\/CreativeWork\" ><div class='avia_textblock  '   itemprop=\"text\" ><h3 style=\"text-align: center;\">Thai reflex<\/h3>\n<p style=\"text-align: center;\">Fu\u00dfmassage<\/p>\n<\/div><\/section><\/p><\/div>\n<\/div><\/div><div class=\"flex_cell no_margin av_one_fourth  avia-builder-el-20  el_after_av_cell_one_fourth  avia-builder-el-last   \"  style='vertical-align:top; padding:30px; ' ><div class='flex_cell_inner' ><div class=\"flex_column av_one_full  flex_column_div av-zero-column-padding first  avia-builder-el-21  avia-builder-el-no-sibling  \" style='border-radius:0px; '><p><div  class='avia-image-container  av-styling-    avia-builder-el-22  el_before_av_textblock  avia-builder-el-first  avia-align-center '  itemprop=\"image\" itemscope=\"itemscope\" itemtype=\"https:\/\/schema.org\/ImageObject\"  ><div class='avia-image-container-inner'><div class='avia-image-overlay-wrap'><a href='https:\/\/thaibalancemassage.at\/de\/massagen\/kurz-und-schmerz-los\/' class='avia_image'  ><img decoding=\"async\" width=\"1400\" height=\"934\" class='wp-image-1183 avia-img-lazy-loading-not-1183 avia_image' src=\"https:\/\/thaibalancemassage.at\/wp-content\/uploads\/2015\/07\/05-kurz-und-schmerzlos.jpg\" alt='' title='05-kurz-und-schmerzlos'  itemprop=\"thumbnailUrl\" srcset=\"https:\/\/thaibalancemassage.at\/wp-content\/uploads\/2015\/07\/05-kurz-und-schmerzlos.jpg 1400w, https:\/\/thaibalancemassage.at\/wp-content\/uploads\/2015\/07\/05-kurz-und-schmerzlos-300x200.jpg 300w, https:\/\/thaibalancemassage.at\/wp-content\/uploads\/2015\/07\/05-kurz-und-schmerzlos-1030x687.jpg 1030w, https:\/\/thaibalancemassage.at\/wp-content\/uploads\/2015\/07\/05-kurz-und-schmerzlos-768x512.jpg 768w, https:\/\/thaibalancemassage.at\/wp-content\/uploads\/2015\/07\/05-kurz-und-schmerzlos-705x470.jpg 705w\" sizes=\"(max-width: 1400px) 100vw, 1400px\" \/><\/a><\/div><\/div><\/div><br \/>\n<section class=\"av_textblock_section \"  itemscope=\"itemscope\" itemtype=\"https:\/\/schema.org\/CreativeWork\" ><div class='avia_textblock  '   itemprop=\"text\" ><h3 style=\"text-align: center;\">Kurz und schmerzlos<\/h3>\n<p style=\"text-align: center;\">Massage f\u00fcr Nacken und oberen R\u00fccken f\u00fcr schmerzgeplagte B\u00fcromenschen<\/p>\n<\/div><\/section><\/p><\/div>\n<\/div><\/div>\n<\/div><div id='after_submenu_1'  class='main_color av_default_container_wrap container_wrap fullsize' style=' '  ><div class='container' ><div class='template-page content  av-content-full alpha units'><div class='post-entry post-entry-type-page post-entry-1154'><div class='entry-content-wrapper clearfix'>\n<div   class='hr hr-default   avia-builder-el-24  el_after_av_layout_row  el_before_av_textblock  avia-builder-el-first '><span class='hr-inner ' ><span class='hr-inner-style'><\/span><\/span><\/div>\n<section class=\"av_textblock_section \"  itemscope=\"itemscope\" itemtype=\"https:\/\/schema.org\/CreativeWork\" ><div class='avia_textblock  '   itemprop=\"text\" ><p style=\"text-align: center;\"><a href=\"https:\/\/thaibalancemassage.at\/de\/massagen\/\">Zur \u00dcbersicht alle Massagen<\/a><\/p>\n<\/div><\/section>\n<div  class='avia-button-wrap avia-button-center  avia-builder-el-26  el_after_av_textblock  avia-builder-el-last ' ><a href='https:\/\/thaibalancemassage.at\/de\/massage-buchen\/' class='avia-button avia-button-fullwidth   avia-icon_select-no avia-color-theme-color '  style='color:#ffffff; ' ><span class='avia_iconbox_title' >Massage reservieren<\/span><span class='avia_button_background avia-button avia-button-fullwidth avia-color-theme-color' ><\/span><\/a><\/div>\n","protected":false},"excerpt":{"rendered":"","protected":false},"author":1,"featured_media":0,"parent":940,"menu_order":40,"comment_status":"closed","ping_status":"closed","template":"","meta":{"footnotes":""},"class_list":["post-1154","page","type-page","status-publish","hentry"],"_links":{"self":[{"href":"https:\/\/thaibalancemassage.at\/de\/wp-json\/wp\/v2\/pages\/1154","targetHints":{"allow":["GET"]}}],"collection":[{"href":"https:\/\/thaibalancemassage.at\/de\/wp-json\/wp\/v2\/pages"}],"about":[{"href":"https:\/\/thaibalancemassage.at\/de\/wp-json\/wp\/v2\/types\/page"}],"author":[{"embeddable":true,"href":"https:\/\/thaibalancemassage.at\/de\/wp-json\/wp\/v2\/users\/1"}],"replies":[{"embeddable":true,"href":"https:\/\/thaibalancemassage.at\/de\/wp-json\/wp\/v2\/comments?post=1154"}],"version-history":[{"count":24,"href":"https:\/\/thaibalancemassage.at\/de\/wp-json\/wp\/v2\/pages\/1154\/revisions"}],"predecessor-version":[{"id":3643,"href":"https:\/\/thaibalancemassage.at\/de\/wp-json\/wp\/v2\/pages\/1154\/revisions\/3643"}],"up":[{"embeddable":true,"href":"https:\/\/thaibalancemassage.at\/de\/wp-json\/wp\/v2\/pages\/940"}],"wp:attachment":[{"href":"https:\/\/thaibalancemassage.at\/de\/wp-json\/wp\/v2\/media?parent=1154"}],"curies":[{"name":"wp","href":"https:\/\/api.w.org\/{rel}","templated":true}]}}