{"id":1145,"date":"2017-07-25T05:49:58","date_gmt":"2017-07-25T05:49:58","guid":{"rendered":"https:\/\/thaibalancemassage.at\/?page_id=1145"},"modified":"2023-02-25T11:58:15","modified_gmt":"2023-02-25T10:58:15","slug":"gesunder-ruecken","status":"publish","type":"page","link":"https:\/\/thaibalancemassage.at\/de\/massagen\/gesunder-ruecken\/","title":{"rendered":"Gesunder R\u00fccken"},"content":{"rendered":"\n<style type=\"text\/css\" data-created_by=\"avia_inline_auto\" id=\"style-css-av-193slm1-8c042735a72c8a1ac66e8e745d862feb\">\n.flex_column.av-193slm1-8c042735a72c8a1ac66e8e745d862feb{\nborder-radius:0px 0px 0px 0px;\npadding:0px 0px 0px 0px;\n}\n<\/style>\n<div  class='flex_column av-193slm1-8c042735a72c8a1ac66e8e745d862feb av_one_half  avia-builder-el-0  el_before_av_one_half  avia-builder-el-first  first flex_column_div av-zero-column-padding  '     ><p><div  class='hr av-17gkm2h-4bf6e2af544c6e1989872137a7d5f405 hr-default  avia-builder-el-1  el_before_av_image  avia-builder-el-first '><span class='hr-inner '><span class=\"hr-inner-style\"><\/span><\/span><\/div><br \/>\n\n<style type=\"text\/css\" data-created_by=\"avia_inline_auto\" id=\"style-css-av-46xu61-051d0a2dc34c57ebd0058db4a71e15f6\">\n.avia-image-container.av-46xu61-051d0a2dc34c57ebd0058db4a71e15f6 img.avia_image{\nbox-shadow:none;\n}\n.avia-image-container.av-46xu61-051d0a2dc34c57ebd0058db4a71e15f6 .av-image-caption-overlay-center{\ncolor:#ffffff;\n}\n<\/style>\n<div  class='avia-image-container av-46xu61-051d0a2dc34c57ebd0058db4a71e15f6 av-styling- avia-align-center  avia-builder-el-2  el_after_av_hr  avia-builder-el-last '   itemprop=\"image\" itemscope=\"itemscope\" itemtype=\"https:\/\/schema.org\/ImageObject\" ><div class=\"avia-image-container-inner\"><div class=\"avia-image-overlay-wrap\"><img decoding=\"async\" fetchpriority=\"high\" class='wp-image-2411 avia-img-lazy-loading-not-2411 avia_image ' src=\"https:\/\/thaibalancemassage.at\/wp-content\/uploads\/2020\/11\/gesunder-ruecken-2020.jpg\" alt='R\u00fcckenmassage f\u00fcr Gesunden R\u00fccken' title='gesunder-ruecken-2020'  height=\"934\" width=\"1400\"  itemprop=\"thumbnailUrl\" srcset=\"https:\/\/thaibalancemassage.at\/wp-content\/uploads\/2020\/11\/gesunder-ruecken-2020.jpg 1400w, https:\/\/thaibalancemassage.at\/wp-content\/uploads\/2020\/11\/gesunder-ruecken-2020-300x200.jpg 300w, https:\/\/thaibalancemassage.at\/wp-content\/uploads\/2020\/11\/gesunder-ruecken-2020-1030x687.jpg 1030w, https:\/\/thaibalancemassage.at\/wp-content\/uploads\/2020\/11\/gesunder-ruecken-2020-768x512.jpg 768w, https:\/\/thaibalancemassage.at\/wp-content\/uploads\/2020\/11\/gesunder-ruecken-2020-705x470.jpg 705w\" sizes=\"(max-width: 1400px) 100vw, 1400px\" \/><\/div><\/div><\/div><\/p><\/div>\n\n<style type=\"text\/css\" data-created_by=\"avia_inline_auto\" id=\"style-css-av-14ooah5-873379bede6d26bbe59bcb717876e998\">\n.flex_column.av-14ooah5-873379bede6d26bbe59bcb717876e998{\nborder-radius:0px 0px 0px 0px;\npadding:0px 0px 0px 0px;\n}\n<\/style>\n<div  class='flex_column av-14ooah5-873379bede6d26bbe59bcb717876e998 av_one_half  avia-builder-el-3  el_after_av_one_half  el_before_av_hr  flex_column_div av-zero-column-padding  '     ><section  class='av_textblock_section av-130lftl-19a3322655d294f922a96b49fe93f6ce '   itemscope=\"itemscope\" itemtype=\"https:\/\/schema.org\/CreativeWork\" ><div class='avia_textblock'  itemprop=\"text\" ><h1>Gesunder R\u00fccken<\/h1>\n<h3>Massage gegen R\u00fcckenschmerzen<\/h3>\n<p><strong>Kombination verschiedener Massagetechniken mit entspannender Wirkung f\u00fcr den gesamten R\u00fccken. Wahlweise als Thai Massage oder \u00d6lmassage.<\/strong><\/p>\n<p><span style=\"font-weight: 400;\">M\u00f6gliche Ursachen f\u00fcr h\u00e4ufige oder chronische R\u00fcckenbeschwerden sind zum Beispiel langes Sitzen und\/oder Stehen, eine suboptimale K\u00f6rperhaltung, Stress oder emotional belastende Situationen. <\/span><\/p>\n<p><span style=\"font-weight: 400;\">Versuchen Sie den Ursachen auch im Alltag entgegenzuwirken. Versuchen Sie Ihre K\u00f6rperhaltung zu straffen. Nutzen Sie jede M\u00f6glichkeit sich ein bisschen zu bewegen.<\/span><\/p>\n<p><span style=\"font-weight: 400;\">Unsere Behandlung richtet sich nach Ihren Bed\u00fcrfnissen und wird vor Beginn der Behandlung mit Ihnen besprochen. Bei \u201cGesunder R\u00fccken\u201d massieren wir im Vergleich zur normalen Ganzk\u00f6rpermassage verst\u00e4rkt folgende Bereiche:<\/span><\/p>\n<ul>\n<li style=\"font-weight: 400;\"><span style=\"font-weight: 400;\">Bei R\u00fcckenbeschwerden zeigen sich die Verspannung meistens im oberen oder unteren Teil der Wirbels\u00e4ule. <\/span><\/li>\n<li style=\"font-weight: 400;\"><span style=\"font-weight: 400;\">Oft ist Beweglichkeit eingeschr\u00e4nkt oder es sind chronische Schmerzen und Verspannungen sp\u00fcrbar.<\/span><\/li>\n<li style=\"font-weight: 400;\"><span style=\"font-weight: 400;\">Daher wird eine Massage des gesamten R\u00fcckens durchgef\u00fchrt.<\/span><\/li>\n<li style=\"font-weight: 400;\"><span style=\"font-weight: 400;\">Die Anwendung verschiedener Techniken, von festem, punktuellen Druck bis hin \u00a0zu sanften Streichungen des gesamten R\u00fcckens, eventuell aber auch der verspannten Muskeln im Schulter- und Nackenbereich kann die Verspannungen l\u00f6sen.<\/span><\/li>\n<\/ul>\n<p><span style=\"font-weight: 400;\">Bei Bandscheibenproblemen f\u00fchren wir keine Behandlungen durch. Hier kann eine Massage sogar hinderlich sein weil die verh\u00e4rtete Muskulatur zu einer n\u00fctzlichen Versteifung der Wirbels\u00e4ule f\u00fchrt.<\/span><\/p>\n<p><span style=\"font-weight: 400;\">\u201cGesunder R\u00fccken\u201c k\u00f6nnen Sie als Therapeutischen Schwerpunkt auf Basis von Thai Massage und \u00d6lmassage buchen.<\/span><\/p>\n<p><strong>Wichtiger Hinweis:<br \/>\n<\/strong><span style=\"font-weight: 400;\">Wir f\u00fchren keine Heilmassagen durch. Unsere Wellnessmassagen k\u00f6nnen jedoch\u00a0<\/span>Verspannungen abbauen und dadurch Schmerzen lindern.<\/p>\n<\/div><\/section><\/div>\n<div  class='hr av-10tnd09-37df61f681ad39314ff9d8501c9fa413 hr-default  avia-builder-el-5  el_after_av_one_half  el_before_av_textblock '><span class='hr-inner '><span class=\"hr-inner-style\"><\/span><\/span><\/div>\n<section  class='av_textblock_section av-104vq8p-badfd20c60a71fadd64ae1be207cacae '   itemscope=\"itemscope\" itemtype=\"https:\/\/schema.org\/CreativeWork\" ><div class='avia_textblock'  itemprop=\"text\" ><h2 style=\"text-align: center;\">Weitere Wohlf\u00fchl Massagen<\/h2>\n<\/div><\/section>\n<\/div><\/div><\/div><!-- close content main div --><\/div><\/div><div id='av-layout-grid-1'  class='av-layout-grid-container av-xucu2x-cebeaa201bd7cbaca85c0dca6dadb8d1 entry-content-wrapper main_color av-flex-cells  avia-builder-el-7  el_after_av_textblock  el_before_av_hr  grid-row-not-first  container_wrap fullsize'  >\n<div class='flex_cell av-wlzed5-5ec8fdc0ea763c7b9effeccb0d2a35ab av-gridrow-cell av_one_fourth no_margin  avia-builder-el-8  el_before_av_cell_one_fourth  avia-builder-el-first '  ><div class='flex_cell_inner'>\n<style type=\"text\/css\" data-created_by=\"avia_inline_auto\" id=\"style-css-av-uhvk3t-8dc7751eb39b80a45302c1b8b42663bc\">\n.flex_column.av-uhvk3t-8dc7751eb39b80a45302c1b8b42663bc{\nborder-radius:0px 0px 0px 0px;\npadding:0px 0px 0px 0px;\n}\n<\/style>\n<div  class='flex_column av-uhvk3t-8dc7751eb39b80a45302c1b8b42663bc av_one_full  avia-builder-el-9  avia-builder-el-no-sibling  first flex_column_div av-zero-column-padding  '     ><p>\n<style type=\"text\/css\" data-created_by=\"avia_inline_auto\" id=\"style-css-av-tcb2nd-7ecd751eb2d863aabfc36a1642017f9e\">\n.avia-image-container.av-tcb2nd-7ecd751eb2d863aabfc36a1642017f9e img.avia_image{\nbox-shadow:none;\n}\n.avia-image-container.av-tcb2nd-7ecd751eb2d863aabfc36a1642017f9e .av-image-caption-overlay-center{\ncolor:#ffffff;\n}\n<\/style>\n<div  class='avia-image-container av-tcb2nd-7ecd751eb2d863aabfc36a1642017f9e av-styling- av-img-linked avia-align-center  avia-builder-el-10  el_before_av_textblock  avia-builder-el-first '   itemprop=\"image\" itemscope=\"itemscope\" itemtype=\"https:\/\/schema.org\/ImageObject\" ><div class=\"avia-image-container-inner\"><div class=\"avia-image-overlay-wrap\"><a href=\"https:\/\/thaibalancemassage.at\/de\/massagen\/kopfweh-ade\/\" class='avia_image '  aria-label='06-kopfweh-ade'><img decoding=\"async\" fetchpriority=\"high\" class='wp-image-1182 avia-img-lazy-loading-not-1182 avia_image ' src=\"https:\/\/thaibalancemassage.at\/wp-content\/uploads\/2015\/07\/06-kopfweh-ade.jpg\" alt='' title='06-kopfweh-ade'  height=\"934\" width=\"1400\"  itemprop=\"thumbnailUrl\" srcset=\"https:\/\/thaibalancemassage.at\/wp-content\/uploads\/2015\/07\/06-kopfweh-ade.jpg 1400w, https:\/\/thaibalancemassage.at\/wp-content\/uploads\/2015\/07\/06-kopfweh-ade-300x200.jpg 300w, https:\/\/thaibalancemassage.at\/wp-content\/uploads\/2015\/07\/06-kopfweh-ade-1030x687.jpg 1030w, https:\/\/thaibalancemassage.at\/wp-content\/uploads\/2015\/07\/06-kopfweh-ade-768x512.jpg 768w, https:\/\/thaibalancemassage.at\/wp-content\/uploads\/2015\/07\/06-kopfweh-ade-705x470.jpg 705w\" sizes=\"(max-width: 1400px) 100vw, 1400px\" \/><\/a><\/div><\/div><\/div><br \/>\n<section  class='av_textblock_section av-qn5k5l-b35e24a46b6b1c66e0d5c638fb3be587 '   itemscope=\"itemscope\" itemtype=\"https:\/\/schema.org\/CreativeWork\" ><div class='avia_textblock'  itemprop=\"text\" ><h3 style=\"text-align: center;\">Kopfweh Ad\u00e9<\/h3>\n<p style=\"text-align: center;\">Massage bei Kopfweh<\/p>\n<\/div><\/section><\/p><\/div>\n<\/div><\/div><div class='flex_cell av-q2266x-974c2c0ed4e7657524ae5d1e7119bb07 av-gridrow-cell av_one_fourth no_margin  avia-builder-el-12  el_after_av_cell_one_fourth  el_before_av_cell_one_fourth '  ><div class='flex_cell_inner'>\n<style type=\"text\/css\" data-created_by=\"avia_inline_auto\" id=\"style-css-av-nehgg9-43f43f5b535ef0c789a0b0e6d4be123a\">\n.flex_column.av-nehgg9-43f43f5b535ef0c789a0b0e6d4be123a{\nborder-radius:0px 0px 0px 0px;\npadding:0px 0px 0px 0px;\n}\n<\/style>\n<div  class='flex_column av-nehgg9-43f43f5b535ef0c789a0b0e6d4be123a av_one_full  avia-builder-el-13  avia-builder-el-no-sibling  first flex_column_div av-zero-column-padding  '     ><p>\n<style type=\"text\/css\" data-created_by=\"avia_inline_auto\" id=\"style-css-av-n4rvkp-cf449bacfdb732b42313d16cdb253e70\">\n.avia-image-container.av-n4rvkp-cf449bacfdb732b42313d16cdb253e70 img.avia_image{\nbox-shadow:none;\n}\n.avia-image-container.av-n4rvkp-cf449bacfdb732b42313d16cdb253e70 .av-image-caption-overlay-center{\ncolor:#ffffff;\n}\n<\/style>\n<div  class='avia-image-container av-n4rvkp-cf449bacfdb732b42313d16cdb253e70 av-styling- av-img-linked avia-align-center  avia-builder-el-14  el_before_av_textblock  avia-builder-el-first '   itemprop=\"image\" itemscope=\"itemscope\" itemtype=\"https:\/\/schema.org\/ImageObject\" ><div class=\"avia-image-container-inner\"><div class=\"avia-image-overlay-wrap\"><a href=\"https:\/\/thaibalancemassage.at\/de\/massagen\/agiler-nacken\/\" class='avia_image '  aria-label='07-agiler-nacken'><img decoding=\"async\" fetchpriority=\"high\" class='wp-image-1181 avia-img-lazy-loading-not-1181 avia_image ' src=\"https:\/\/thaibalancemassage.at\/wp-content\/uploads\/2015\/07\/07-agiler-nacken.jpg\" alt='' title='07-agiler-nacken'  height=\"934\" width=\"1400\"  itemprop=\"thumbnailUrl\" srcset=\"https:\/\/thaibalancemassage.at\/wp-content\/uploads\/2015\/07\/07-agiler-nacken.jpg 1400w, https:\/\/thaibalancemassage.at\/wp-content\/uploads\/2015\/07\/07-agiler-nacken-300x200.jpg 300w, https:\/\/thaibalancemassage.at\/wp-content\/uploads\/2015\/07\/07-agiler-nacken-1030x687.jpg 1030w, https:\/\/thaibalancemassage.at\/wp-content\/uploads\/2015\/07\/07-agiler-nacken-768x512.jpg 768w, https:\/\/thaibalancemassage.at\/wp-content\/uploads\/2015\/07\/07-agiler-nacken-705x470.jpg 705w\" sizes=\"(max-width: 1400px) 100vw, 1400px\" \/><\/a><\/div><\/div><\/div><br \/>\n<section  class='av_textblock_section av-24nsqh-c5d29201bce711ca6f92409ac13e26af '   itemscope=\"itemscope\" itemtype=\"https:\/\/schema.org\/CreativeWork\" ><div class='avia_textblock'  itemprop=\"text\" ><h3 style=\"text-align: center;\">Agiler Nacken<\/h3>\n<p style=\"text-align: center;\">Massage bei Nackenverspannungen<\/p>\n<\/div><\/section><\/p><\/div>\n<\/div><\/div>\n<style type=\"text\/css\" data-created_by=\"avia_inline_auto\" id=\"style-css-av-j664rd-a36389101037deee8d9071af94fc4ccc\">\n.flex_cell.av-j664rd-a36389101037deee8d9071af94fc4ccc{\nvertical-align:top;\n}\n.responsive #top #wrap_all .flex_cell.av-j664rd-a36389101037deee8d9071af94fc4ccc{\npadding:30px 30px 30px 30px !important;\n}\n<\/style>\n<div class='flex_cell av-j664rd-a36389101037deee8d9071af94fc4ccc av-gridrow-cell av_one_fourth no_margin  avia-builder-el-16  el_after_av_cell_one_fourth  el_before_av_cell_one_fourth  content-align-top'  ><div class='flex_cell_inner'>\n<style type=\"text\/css\" data-created_by=\"avia_inline_auto\" id=\"style-css-av-hxm9k9-8d28106c7c1ad35187b7cabc3026769b\">\n.flex_column.av-hxm9k9-8d28106c7c1ad35187b7cabc3026769b{\nborder-radius:0px 0px 0px 0px;\npadding:0px 0px 0px 0px;\n}\n<\/style>\n<div  class='flex_column av-hxm9k9-8d28106c7c1ad35187b7cabc3026769b av_one_full  avia-builder-el-17  avia-builder-el-no-sibling  first flex_column_div av-zero-column-padding  '     ><p>\n<style type=\"text\/css\" data-created_by=\"avia_inline_auto\" id=\"style-css-av-gh7h6h-c58027461da48f08b67e8e8e78aa9d2d\">\n.avia-image-container.av-gh7h6h-c58027461da48f08b67e8e8e78aa9d2d img.avia_image{\nbox-shadow:none;\n}\n.avia-image-container.av-gh7h6h-c58027461da48f08b67e8e8e78aa9d2d .av-image-caption-overlay-center{\ncolor:#ffffff;\n}\n<\/style>\n<div  class='avia-image-container av-gh7h6h-c58027461da48f08b67e8e8e78aa9d2d av-styling- av-img-linked avia-align-center  avia-builder-el-18  el_before_av_textblock  avia-builder-el-first '   itemprop=\"image\" itemscope=\"itemscope\" itemtype=\"https:\/\/schema.org\/ImageObject\" ><div class=\"avia-image-container-inner\"><div class=\"avia-image-overlay-wrap\"><a href=\"https:\/\/thaibalancemassage.at\/de\/massagen\/mobile-schultern\/\" class='avia_image '  aria-label='08-mobile-schultern'><img decoding=\"async\" fetchpriority=\"high\" class='wp-image-1180 avia-img-lazy-loading-not-1180 avia_image ' src=\"https:\/\/thaibalancemassage.at\/wp-content\/uploads\/2015\/07\/08-mobile-schultern.jpg\" alt='' title='08-mobile-schultern'  height=\"934\" width=\"1400\"  itemprop=\"thumbnailUrl\" srcset=\"https:\/\/thaibalancemassage.at\/wp-content\/uploads\/2015\/07\/08-mobile-schultern.jpg 1400w, https:\/\/thaibalancemassage.at\/wp-content\/uploads\/2015\/07\/08-mobile-schultern-300x200.jpg 300w, https:\/\/thaibalancemassage.at\/wp-content\/uploads\/2015\/07\/08-mobile-schultern-768x512.jpg 768w, https:\/\/thaibalancemassage.at\/wp-content\/uploads\/2015\/07\/08-mobile-schultern-1030x687.jpg 1030w, https:\/\/thaibalancemassage.at\/wp-content\/uploads\/2015\/07\/08-mobile-schultern-705x470.jpg 705w, https:\/\/thaibalancemassage.at\/wp-content\/uploads\/2015\/07\/08-mobile-schultern-450x300.jpg 450w\" sizes=\"(max-width: 1400px) 100vw, 1400px\" \/><\/a><\/div><\/div><\/div><br \/>\n<section  class='av_textblock_section av-dhtqih-3bb54ea70ed645f1523220509cd559f5 '   itemscope=\"itemscope\" itemtype=\"https:\/\/schema.org\/CreativeWork\" ><div class='avia_textblock'  itemprop=\"text\" ><h3 style=\"text-align: center;\">Mobile Schultern<\/h3>\n<p style=\"text-align: center;\">Massage bei verspannten Schultern<\/p>\n<\/div><\/section><\/p><\/div>\n<\/div><\/div>\n<style type=\"text\/css\" data-created_by=\"avia_inline_auto\" id=\"style-css-av-16qiop-6d4581c910e452ac04e8c25a6a201241\">\n.flex_cell.av-16qiop-6d4581c910e452ac04e8c25a6a201241{\nvertical-align:top;\n}\n.responsive #top #wrap_all .flex_cell.av-16qiop-6d4581c910e452ac04e8c25a6a201241{\npadding:30px 30px 30px 30px !important;\n}\n<\/style>\n<div class='flex_cell av-16qiop-6d4581c910e452ac04e8c25a6a201241 av-gridrow-cell av_one_fourth no_margin  avia-builder-el-20  el_after_av_cell_one_fourth  avia-builder-el-last  content-align-top'  ><div class='flex_cell_inner'>\n<style type=\"text\/css\" data-created_by=\"avia_inline_auto\" id=\"style-css-av-aje2p5-8e4a35249894d5e3e6bf5c2ea98eb0f4\">\n.flex_column.av-aje2p5-8e4a35249894d5e3e6bf5c2ea98eb0f4{\nborder-radius:0px 0px 0px 0px;\npadding:0px 0px 0px 0px;\n}\n<\/style>\n<div  class='flex_column av-aje2p5-8e4a35249894d5e3e6bf5c2ea98eb0f4 av_one_full  avia-builder-el-21  avia-builder-el-no-sibling  first flex_column_div av-zero-column-padding  '     ><p>\n<style type=\"text\/css\" data-created_by=\"avia_inline_auto\" id=\"style-css-av-91l4rd-a48ef333279613d0a781e6d67e389e83\">\n.avia-image-container.av-91l4rd-a48ef333279613d0a781e6d67e389e83 img.avia_image{\nbox-shadow:none;\n}\n.avia-image-container.av-91l4rd-a48ef333279613d0a781e6d67e389e83 .av-image-caption-overlay-center{\ncolor:#ffffff;\n}\n<\/style>\n<div  class='avia-image-container av-91l4rd-a48ef333279613d0a781e6d67e389e83 av-styling- av-img-linked avia-align-center  avia-builder-el-22  el_before_av_textblock  avia-builder-el-first '   itemprop=\"image\" itemscope=\"itemscope\" itemtype=\"https:\/\/schema.org\/ImageObject\" ><div class=\"avia-image-container-inner\"><div class=\"avia-image-overlay-wrap\"><a href=\"https:\/\/thaibalancemassage.at\/de\/massagen\/gesunder-ruecken\/\" class='avia_image '  aria-label='09-gesunder-ruecken'><img decoding=\"async\" fetchpriority=\"high\" class='wp-image-1179 avia-img-lazy-loading-not-1179 avia_image ' src=\"https:\/\/thaibalancemassage.at\/wp-content\/uploads\/2015\/07\/09-gesunder-ruecken.jpg\" alt='' title='09-gesunder-ruecken'  height=\"934\" width=\"1400\"  itemprop=\"thumbnailUrl\" srcset=\"https:\/\/thaibalancemassage.at\/wp-content\/uploads\/2015\/07\/09-gesunder-ruecken.jpg 1400w, https:\/\/thaibalancemassage.at\/wp-content\/uploads\/2015\/07\/09-gesunder-ruecken-300x200.jpg 300w, https:\/\/thaibalancemassage.at\/wp-content\/uploads\/2015\/07\/09-gesunder-ruecken-768x512.jpg 768w, https:\/\/thaibalancemassage.at\/wp-content\/uploads\/2015\/07\/09-gesunder-ruecken-1030x687.jpg 1030w, https:\/\/thaibalancemassage.at\/wp-content\/uploads\/2015\/07\/09-gesunder-ruecken-705x470.jpg 705w, https:\/\/thaibalancemassage.at\/wp-content\/uploads\/2015\/07\/09-gesunder-ruecken-450x300.jpg 450w\" sizes=\"(max-width: 1400px) 100vw, 1400px\" \/><\/a><\/div><\/div><\/div><br \/>\n<section  class='av_textblock_section av-89o47d-fd62020a60274f47aa3f2abda74fe2fb '   itemscope=\"itemscope\" itemtype=\"https:\/\/schema.org\/CreativeWork\" ><div class='avia_textblock'  itemprop=\"text\" ><h3 style=\"text-align: center;\">Gesunder R\u00fccken<\/h3>\n<p style=\"text-align: center;\">Massage bei R\u00fcckenbeschwerden<\/p>\n<\/div><\/section><\/p><\/div>\n<\/div><\/div>\n<\/div><div id='after_grid_row_1'  class='main_color av_default_container_wrap container_wrap fullsize'  ><div class='container av-section-cont-open' ><div class='template-page content  av-content-full alpha units'><div class='post-entry post-entry-type-page post-entry-1145'><div class='entry-content-wrapper clearfix'>\n<div  class='hr av-6gpq3t-1659d71bc4b8f73d7cd5240b4964f40c hr-default  avia-builder-el-24  el_after_av_layout_row  el_before_av_textblock  avia-builder-el-first '><span class='hr-inner '><span class=\"hr-inner-style\"><\/span><\/span><\/div>\n<section  class='av_textblock_section av-4yimwp-c1f4f97f52a179a586a1f6a6770830be '   itemscope=\"itemscope\" itemtype=\"https:\/\/schema.org\/CreativeWork\" ><div class='avia_textblock'  itemprop=\"text\" ><p style=\"text-align: center;\"><a href=\"https:\/\/thaibalancemassage.at\/de\/massagen\/\">Zur \u00dcbersicht alle Massagen<\/a><\/p>\n<\/div><\/section>\n<div  class='avia-button-wrap avia-button-center  avia-builder-el-26  el_after_av_textblock  avia-builder-el-last '>\n<style type=\"text\/css\" data-created_by=\"avia_inline_auto\" id=\"style-css-av-1u9s89-c8ad51253820ac93309a2879aa4315db\">\n#top #wrap_all .avia-button.av-1u9s89-c8ad51253820ac93309a2879aa4315db{\ncolor:#ffffff;\ntransition:all 0.4s ease-in-out;\n}\n#top #wrap_all .avia-button.av-1u9s89-c8ad51253820ac93309a2879aa4315db:hover{\ncolor:#ffffff;\ntransition:all 0.4s ease-in-out;\n}\n#top #wrap_all .avia-button.av-1u9s89-c8ad51253820ac93309a2879aa4315db .avia-svg-icon svg:first-child{\nfill:#ffffff;\nstroke:#ffffff;\n}\n#top #wrap_all .avia-button.av-1u9s89-c8ad51253820ac93309a2879aa4315db:hover .avia-svg-icon svg:first-child{\nfill:#ffffff;\nstroke:#ffffff;\n}\n<\/style>\n<a href='https:\/\/thaibalancemassage.at\/de\/massage-buchen\/' class='avia-color-theme-color avia-button avia-button-fullwidth av-1u9s89-c8ad51253820ac93309a2879aa4315db avia-icon_select-no avia-color-theme-color'   aria-label=\"Massage reservieren\"><span class='avia_iconbox_title' >Massage reservieren<\/span><span class='avia_button_background avia-button avia-button-fullwidth avia-color-theme-color'><\/span><\/a><\/div>\n","protected":false},"excerpt":{"rendered":"","protected":false},"author":1,"featured_media":0,"parent":940,"menu_order":80,"comment_status":"closed","ping_status":"closed","template":"","meta":{"footnotes":""},"class_list":["post-1145","page","type-page","status-publish","hentry"],"_links":{"self":[{"href":"https:\/\/thaibalancemassage.at\/de\/wp-json\/wp\/v2\/pages\/1145","targetHints":{"allow":["GET"]}}],"collection":[{"href":"https:\/\/thaibalancemassage.at\/de\/wp-json\/wp\/v2\/pages"}],"about":[{"href":"https:\/\/thaibalancemassage.at\/de\/wp-json\/wp\/v2\/types\/page"}],"author":[{"embeddable":true,"href":"https:\/\/thaibalancemassage.at\/de\/wp-json\/wp\/v2\/users\/1"}],"replies":[{"embeddable":true,"href":"https:\/\/thaibalancemassage.at\/de\/wp-json\/wp\/v2\/comments?post=1145"}],"version-history":[{"count":16,"href":"https:\/\/thaibalancemassage.at\/de\/wp-json\/wp\/v2\/pages\/1145\/revisions"}],"predecessor-version":[{"id":3660,"href":"https:\/\/thaibalancemassage.at\/de\/wp-json\/wp\/v2\/pages\/1145\/revisions\/3660"}],"up":[{"embeddable":true,"href":"https:\/\/thaibalancemassage.at\/de\/wp-json\/wp\/v2\/pages\/940"}],"wp:attachment":[{"href":"https:\/\/thaibalancemassage.at\/de\/wp-json\/wp\/v2\/media?parent=1145"}],"curies":[{"name":"wp","href":"https:\/\/api.w.org\/{rel}","templated":true}]}}