{"id":1143,"date":"2017-07-25T05:48:32","date_gmt":"2017-07-25T05:48:32","guid":{"rendered":"https:\/\/thaibalancemassage.at\/?page_id=1143"},"modified":"2023-02-25T11:57:20","modified_gmt":"2023-02-25T10:57:20","slug":"mobile-schultern","status":"publish","type":"page","link":"https:\/\/thaibalancemassage.at\/de\/massagen\/mobile-schultern\/","title":{"rendered":"Mobile Schultern"},"content":{"rendered":"\n<style type=\"text\/css\" data-created_by=\"avia_inline_auto\" id=\"style-css-av-18u4y6f-5bcf76266f4917472bb51f361c585632\">\n.flex_column.av-18u4y6f-5bcf76266f4917472bb51f361c585632{\nborder-radius:0px 0px 0px 0px;\npadding:0px 0px 0px 0px;\n}\n<\/style>\n<div  class='flex_column av-18u4y6f-5bcf76266f4917472bb51f361c585632 av_one_half  avia-builder-el-0  el_before_av_one_half  avia-builder-el-first  first flex_column_div av-zero-column-padding  '     ><p><div  class='hr av-182nslz-42da4b84e14a0a675fcb2daa2280a80b hr-default  avia-builder-el-1  el_before_av_image  avia-builder-el-first '><span class='hr-inner '><span class=\"hr-inner-style\"><\/span><\/span><\/div><br \/>\n\n<style type=\"text\/css\" data-created_by=\"avia_inline_auto\" id=\"style-css-av-16rgjrr-15ced5ed162b22b1f62c6b798d298777\">\n.avia-image-container.av-16rgjrr-15ced5ed162b22b1f62c6b798d298777 img.avia_image{\nbox-shadow:none;\n}\n.avia-image-container.av-16rgjrr-15ced5ed162b22b1f62c6b798d298777 .av-image-caption-overlay-center{\ncolor:#ffffff;\n}\n<\/style>\n<div  class='avia-image-container av-16rgjrr-15ced5ed162b22b1f62c6b798d298777 av-styling- avia-align-center  avia-builder-el-2  el_after_av_hr  avia-builder-el-last '   itemprop=\"image\" itemscope=\"itemscope\" itemtype=\"https:\/\/schema.org\/ImageObject\" ><div class=\"avia-image-container-inner\"><div class=\"avia-image-overlay-wrap\"><img decoding=\"async\" fetchpriority=\"high\" class='wp-image-2409 avia-img-lazy-loading-not-2409 avia_image ' src=\"https:\/\/thaibalancemassage.at\/wp-content\/uploads\/2020\/11\/mobile-schultern-2020-300x200.jpg\" alt='Massage Schultern f\u00fcr Mobile Schultern' title='mobile-schultern-2020'  height=\"200\" width=\"300\"  itemprop=\"thumbnailUrl\" srcset=\"https:\/\/thaibalancemassage.at\/wp-content\/uploads\/2020\/11\/mobile-schultern-2020-300x200.jpg 300w, https:\/\/thaibalancemassage.at\/wp-content\/uploads\/2020\/11\/mobile-schultern-2020-1030x687.jpg 1030w, https:\/\/thaibalancemassage.at\/wp-content\/uploads\/2020\/11\/mobile-schultern-2020-768x512.jpg 768w, https:\/\/thaibalancemassage.at\/wp-content\/uploads\/2020\/11\/mobile-schultern-2020-705x470.jpg 705w, https:\/\/thaibalancemassage.at\/wp-content\/uploads\/2020\/11\/mobile-schultern-2020.jpg 1400w\" sizes=\"(max-width: 300px) 100vw, 300px\" \/><\/div><\/div><\/div><\/p><\/div>\n\n<style type=\"text\/css\" data-created_by=\"avia_inline_auto\" id=\"style-css-av-14l01o7-39abeb499d93eb237418f07aacbee2b5\">\n.flex_column.av-14l01o7-39abeb499d93eb237418f07aacbee2b5{\nborder-radius:0px 0px 0px 0px;\npadding:0px 0px 0px 0px;\n}\n<\/style>\n<div  class='flex_column av-14l01o7-39abeb499d93eb237418f07aacbee2b5 av_one_half  avia-builder-el-3  el_after_av_one_half  el_before_av_hr  flex_column_div av-zero-column-padding  '     ><section  class='av_textblock_section av-13945hj-af3640e9195a1985ab91528fc6c738dc '   itemscope=\"itemscope\" itemtype=\"https:\/\/schema.org\/CreativeWork\" ><div class='avia_textblock'  itemprop=\"text\" ><h1>Mobile Schultern<\/h1>\n<h3>Massage bei Schulterbeschwerden<\/h3>\n<p><strong>Kombination verschiedener Massagetechniken mit entspannender Wirkung im Bereich der Schultern. Wahlweise als Thai Massage oder \u00d6lmassage.<\/strong><\/p>\n<p><span style=\"font-weight: 400;\">M\u00f6gliche Ursachen f\u00fcr Schulterbeschwerden sind zum Beispiel \u00dcberlastungen durch berufliche oder sportliche T\u00e4tigkeiten, eine suboptimale K\u00f6rperhaltung, falsche Haltung oder monotone Bewegungsabl\u00e4ufe, seltener auch Stress. Schulterschmerzen schr\u00e4nken die Beweglichkeit ein, und durch die mangelnde Bewegung der Muskeln werden die Schulterschmerzen immer schlimmer. <\/span><\/p>\n<p><span style=\"font-weight: 400;\">Versuchen Sie den Ursachen auch im Alltag entgegenzuwirken. Versuchen Sie eine gerade K\u00f6rperhaltung einzunehmen. Wenn die Beschwerden noch nicht so stark sind ist m\u00f6glichst viel, aber schulterschonende Bewegung zu empfehlen.<\/span><\/p>\n<p><span style=\"font-weight: 400;\">Unsere Behandlung richtet sich nach Ihren Bed\u00fcrfnissen und wird vor Beginn der Behandlung mit Ihnen besprochen. Bei \u201cMobile Schultern\u201d massieren wir im Vergleich zur normalen Ganzk\u00f6rpermassage verst\u00e4rkt folgende Bereiche:<\/span><\/p>\n<ul>\n<li style=\"font-weight: 400;\"><span style=\"font-weight: 400;\">Massage der Schultern und des oberen R\u00fcckens<\/span><\/li>\n<li style=\"font-weight: 400;\">Die Anwendung verschiedener Techniken, von festem, punktuellen Druck bis hin \u00a0zu sanften Streichungen kann die Verspannungen und Verh\u00e4rtungen l\u00f6sen.<\/li>\n<li style=\"font-weight: 400;\"><span style=\"font-weight: 400;\">Je nach Bedarf werden auch die Arme, der Nacken und der obere Bereich der Wirbels\u00e4ule einbezogen.<\/span><\/li>\n<\/ul>\n<p><span style=\"font-weight: 400;\">\u201cMobile Schultern\u201c k\u00f6nnen Sie als Therapeutischen Schwerpunkt auf Basis von Thai Massage und \u00d6lmassage buchen.<\/span><\/p>\n<p><span style=\"text-decoration: underline;\"><span style=\"font-weight: 400;\">Wichtiger Hinweis:<\/span><\/span><span style=\"font-weight: 400;\"><br \/>\n<\/span><span style=\"font-weight: 400;\">Wir f\u00fchren keine Heilmassagen durch. Unsere Wellnessmassagen k\u00f6nnen jedoch Verspannungen abbauen und dadurch Schmerzen lindern.<\/span><\/p>\n<\/div><\/section><\/div>\n<div  class='hr av-120izzr-455ca4d99475cd74178dfc349ff2d85e hr-default  avia-builder-el-5  el_after_av_one_half  el_before_av_textblock '><span class='hr-inner '><span class=\"hr-inner-style\"><\/span><\/span><\/div>\n<section  class='av_textblock_section av-zk924n-c788030928c60001c3baaa4c9bbf819a '   itemscope=\"itemscope\" itemtype=\"https:\/\/schema.org\/CreativeWork\" ><div class='avia_textblock'  itemprop=\"text\" ><h2 style=\"text-align: center;\">Weitere Therapie Massagen<\/h2>\n<\/div><\/section>\n<\/div><\/div><\/div><!-- close content main div --><\/div><\/div><div id='av-layout-grid-1'  class='av-layout-grid-container av-y6ixon-5c45ba9675b4f14d077def72c650c2bc entry-content-wrapper main_color av-flex-cells  avia-builder-el-7  el_after_av_textblock  el_before_av_hr  grid-row-not-first  container_wrap fullsize'  >\n<div class='flex_cell av-wcnr13-335fc1f1257ed280baa23cacac333a56 av-gridrow-cell av_one_fourth no_margin  avia-builder-el-8  el_before_av_cell_one_fourth  avia-builder-el-first '  ><div class='flex_cell_inner'>\n<style type=\"text\/css\" data-created_by=\"avia_inline_auto\" id=\"style-css-av-ugc1nb-b122caaf51972d13e589532be8843e3c\">\n.flex_column.av-ugc1nb-b122caaf51972d13e589532be8843e3c{\nborder-radius:0px 0px 0px 0px;\npadding:0px 0px 0px 0px;\n}\n<\/style>\n<div  class='flex_column av-ugc1nb-b122caaf51972d13e589532be8843e3c av_one_full  avia-builder-el-9  avia-builder-el-no-sibling  first flex_column_div av-zero-column-padding  '     ><p>\n<style type=\"text\/css\" data-created_by=\"avia_inline_auto\" id=\"style-css-av-se0ahj-ec68f07efa458ac35a2ba20116a03be8\">\n.avia-image-container.av-se0ahj-ec68f07efa458ac35a2ba20116a03be8 img.avia_image{\nbox-shadow:none;\n}\n.avia-image-container.av-se0ahj-ec68f07efa458ac35a2ba20116a03be8 .av-image-caption-overlay-center{\ncolor:#ffffff;\n}\n<\/style>\n<div  class='avia-image-container av-se0ahj-ec68f07efa458ac35a2ba20116a03be8 av-styling- av-img-linked avia-align-center  avia-builder-el-10  el_before_av_textblock  avia-builder-el-first '   itemprop=\"image\" itemscope=\"itemscope\" itemtype=\"https:\/\/schema.org\/ImageObject\" ><div class=\"avia-image-container-inner\"><div class=\"avia-image-overlay-wrap\"><a href=\"https:\/\/thaibalancemassage.at\/de\/massagen\/kopfweh-ade\/\" class='avia_image '  aria-label='06-kopfweh-ade'><img decoding=\"async\" fetchpriority=\"high\" class='wp-image-1182 avia-img-lazy-loading-not-1182 avia_image ' src=\"https:\/\/thaibalancemassage.at\/wp-content\/uploads\/2015\/07\/06-kopfweh-ade.jpg\" alt='' title='06-kopfweh-ade'  height=\"934\" width=\"1400\"  itemprop=\"thumbnailUrl\" srcset=\"https:\/\/thaibalancemassage.at\/wp-content\/uploads\/2015\/07\/06-kopfweh-ade.jpg 1400w, https:\/\/thaibalancemassage.at\/wp-content\/uploads\/2015\/07\/06-kopfweh-ade-300x200.jpg 300w, https:\/\/thaibalancemassage.at\/wp-content\/uploads\/2015\/07\/06-kopfweh-ade-1030x687.jpg 1030w, https:\/\/thaibalancemassage.at\/wp-content\/uploads\/2015\/07\/06-kopfweh-ade-768x512.jpg 768w, https:\/\/thaibalancemassage.at\/wp-content\/uploads\/2015\/07\/06-kopfweh-ade-705x470.jpg 705w\" sizes=\"(max-width: 1400px) 100vw, 1400px\" \/><\/a><\/div><\/div><\/div><br \/>\n<section  class='av_textblock_section av-r13bfb-b9b77e0ecb081b70da77c6b7a4135edd '   itemscope=\"itemscope\" itemtype=\"https:\/\/schema.org\/CreativeWork\" ><div class='avia_textblock'  itemprop=\"text\" ><h3 style=\"text-align: center;\">Kopfweh Ad\u00e9<\/h3>\n<p style=\"text-align: center;\">Massage bei Kopfweh<\/p>\n<\/div><\/section><\/p><\/div>\n<\/div><\/div><div class='flex_cell av-p8ji0n-3beb4e5079b776c886a94cb04118820f av-gridrow-cell av_one_fourth no_margin  avia-builder-el-12  el_after_av_cell_one_fourth  el_before_av_cell_one_fourth '  ><div class='flex_cell_inner'>\n<style type=\"text\/css\" data-created_by=\"avia_inline_auto\" id=\"style-css-av-or92lz-5fe8342a4d2369965455b24628cc98ae\">\n.flex_column.av-or92lz-5fe8342a4d2369965455b24628cc98ae{\nborder-radius:0px 0px 0px 0px;\npadding:0px 0px 0px 0px;\n}\n<\/style>\n<div  class='flex_column av-or92lz-5fe8342a4d2369965455b24628cc98ae av_one_full  avia-builder-el-13  avia-builder-el-no-sibling  first flex_column_div av-zero-column-padding  '     ><p>\n<style type=\"text\/css\" data-created_by=\"avia_inline_auto\" id=\"style-css-av-n35siv-694a6290b35ba21eb3299c37af86b155\">\n.avia-image-container.av-n35siv-694a6290b35ba21eb3299c37af86b155 img.avia_image{\nbox-shadow:none;\n}\n.avia-image-container.av-n35siv-694a6290b35ba21eb3299c37af86b155 .av-image-caption-overlay-center{\ncolor:#ffffff;\n}\n<\/style>\n<div  class='avia-image-container av-n35siv-694a6290b35ba21eb3299c37af86b155 av-styling- av-img-linked avia-align-center  avia-builder-el-14  el_before_av_textblock  avia-builder-el-first '   itemprop=\"image\" itemscope=\"itemscope\" itemtype=\"https:\/\/schema.org\/ImageObject\" ><div class=\"avia-image-container-inner\"><div class=\"avia-image-overlay-wrap\"><a href=\"https:\/\/thaibalancemassage.at\/de\/massagen\/agiler-nacken\/\" class='avia_image '  aria-label='07-agiler-nacken'><img decoding=\"async\" fetchpriority=\"high\" class='wp-image-1181 avia-img-lazy-loading-not-1181 avia_image ' src=\"https:\/\/thaibalancemassage.at\/wp-content\/uploads\/2015\/07\/07-agiler-nacken.jpg\" alt='' title='07-agiler-nacken'  height=\"934\" width=\"1400\"  itemprop=\"thumbnailUrl\" srcset=\"https:\/\/thaibalancemassage.at\/wp-content\/uploads\/2015\/07\/07-agiler-nacken.jpg 1400w, https:\/\/thaibalancemassage.at\/wp-content\/uploads\/2015\/07\/07-agiler-nacken-300x200.jpg 300w, https:\/\/thaibalancemassage.at\/wp-content\/uploads\/2015\/07\/07-agiler-nacken-1030x687.jpg 1030w, https:\/\/thaibalancemassage.at\/wp-content\/uploads\/2015\/07\/07-agiler-nacken-768x512.jpg 768w, https:\/\/thaibalancemassage.at\/wp-content\/uploads\/2015\/07\/07-agiler-nacken-705x470.jpg 705w\" sizes=\"(max-width: 1400px) 100vw, 1400px\" \/><\/a><\/div><\/div><\/div><br \/>\n<section  class='av_textblock_section av-kqdg9j-beb549357c7303cd3896c33856df0407 '   itemscope=\"itemscope\" itemtype=\"https:\/\/schema.org\/CreativeWork\" ><div class='avia_textblock'  itemprop=\"text\" ><h3 style=\"text-align: center;\">Agiler Nacken<\/h3>\n<p style=\"text-align: center;\">Massage bei Nackenverspannungen<\/p>\n<\/div><\/section><\/p><\/div>\n<\/div><\/div>\n<style type=\"text\/css\" data-created_by=\"avia_inline_auto\" id=\"style-css-av-juf487-da4fcc98ff901f0a84a054e14f0a5863\">\n.flex_cell.av-juf487-da4fcc98ff901f0a84a054e14f0a5863{\nvertical-align:top;\n}\n.responsive #top #wrap_all .flex_cell.av-juf487-da4fcc98ff901f0a84a054e14f0a5863{\npadding:30px 30px 30px 30px !important;\n}\n<\/style>\n<div class='flex_cell av-juf487-da4fcc98ff901f0a84a054e14f0a5863 av-gridrow-cell av_one_fourth no_margin  avia-builder-el-16  el_after_av_cell_one_fourth  el_before_av_cell_one_fourth  content-align-top'  ><div class='flex_cell_inner'>\n<style type=\"text\/css\" data-created_by=\"avia_inline_auto\" id=\"style-css-av-hlxydz-6949a0076f4558753b115a486040e606\">\n.flex_column.av-hlxydz-6949a0076f4558753b115a486040e606{\nborder-radius:0px 0px 0px 0px;\npadding:0px 0px 0px 0px;\n}\n<\/style>\n<div  class='flex_column av-hlxydz-6949a0076f4558753b115a486040e606 av_one_full  avia-builder-el-17  avia-builder-el-no-sibling  first flex_column_div av-zero-column-padding  '     ><p>\n<style type=\"text\/css\" data-created_by=\"avia_inline_auto\" id=\"style-css-av-flud13-e0c005b1b725d01c108d870dc67acdb8\">\n.avia-image-container.av-flud13-e0c005b1b725d01c108d870dc67acdb8 img.avia_image{\nbox-shadow:none;\n}\n.avia-image-container.av-flud13-e0c005b1b725d01c108d870dc67acdb8 .av-image-caption-overlay-center{\ncolor:#ffffff;\n}\n<\/style>\n<div  class='avia-image-container av-flud13-e0c005b1b725d01c108d870dc67acdb8 av-styling- av-img-linked avia-align-center  avia-builder-el-18  el_before_av_textblock  avia-builder-el-first '   itemprop=\"image\" itemscope=\"itemscope\" itemtype=\"https:\/\/schema.org\/ImageObject\" ><div class=\"avia-image-container-inner\"><div class=\"avia-image-overlay-wrap\"><a href=\"https:\/\/thaibalancemassage.at\/de\/massagen\/mobile-schultern\/\" class='avia_image '  aria-label='08-mobile-schultern'><img decoding=\"async\" fetchpriority=\"high\" class='wp-image-1180 avia-img-lazy-loading-not-1180 avia_image ' src=\"https:\/\/thaibalancemassage.at\/wp-content\/uploads\/2015\/07\/08-mobile-schultern.jpg\" alt='' title='08-mobile-schultern'  height=\"934\" width=\"1400\"  itemprop=\"thumbnailUrl\" srcset=\"https:\/\/thaibalancemassage.at\/wp-content\/uploads\/2015\/07\/08-mobile-schultern.jpg 1400w, https:\/\/thaibalancemassage.at\/wp-content\/uploads\/2015\/07\/08-mobile-schultern-300x200.jpg 300w, https:\/\/thaibalancemassage.at\/wp-content\/uploads\/2015\/07\/08-mobile-schultern-768x512.jpg 768w, https:\/\/thaibalancemassage.at\/wp-content\/uploads\/2015\/07\/08-mobile-schultern-1030x687.jpg 1030w, https:\/\/thaibalancemassage.at\/wp-content\/uploads\/2015\/07\/08-mobile-schultern-705x470.jpg 705w, https:\/\/thaibalancemassage.at\/wp-content\/uploads\/2015\/07\/08-mobile-schultern-450x300.jpg 450w\" sizes=\"(max-width: 1400px) 100vw, 1400px\" \/><\/a><\/div><\/div><\/div><br \/>\n<section  class='av_textblock_section av-eo80hz-fc5bcf6cc115b40467fd4c8e977fa811 '   itemscope=\"itemscope\" itemtype=\"https:\/\/schema.org\/CreativeWork\" ><div class='avia_textblock'  itemprop=\"text\" ><h3 style=\"text-align: center;\">Mobile Schultern<\/h3>\n<p style=\"text-align: center;\">Massage bei verspannten Schultern<\/p>\n<\/div><\/section><\/p><\/div>\n<\/div><\/div>\n<style type=\"text\/css\" data-created_by=\"avia_inline_auto\" id=\"style-css-av-cx84zb-73ad31e2503ab931829f19df4794e1b0\">\n.flex_cell.av-cx84zb-73ad31e2503ab931829f19df4794e1b0{\nvertical-align:top;\n}\n.responsive #top #wrap_all .flex_cell.av-cx84zb-73ad31e2503ab931829f19df4794e1b0{\npadding:30px 30px 30px 30px !important;\n}\n<\/style>\n<div class='flex_cell av-cx84zb-73ad31e2503ab931829f19df4794e1b0 av-gridrow-cell av_one_fourth no_margin  avia-builder-el-20  el_after_av_cell_one_fourth  avia-builder-el-last  content-align-top'  ><div class='flex_cell_inner'>\n<style type=\"text\/css\" data-created_by=\"avia_inline_auto\" id=\"style-css-av-a5611z-e54142c02b876c0c2e3138c1cc99f0b2\">\n.flex_column.av-a5611z-e54142c02b876c0c2e3138c1cc99f0b2{\nborder-radius:0px 0px 0px 0px;\npadding:0px 0px 0px 0px;\n}\n<\/style>\n<div  class='flex_column av-a5611z-e54142c02b876c0c2e3138c1cc99f0b2 av_one_full  avia-builder-el-21  avia-builder-el-no-sibling  first flex_column_div av-zero-column-padding  '     ><p>\n<style type=\"text\/css\" data-created_by=\"avia_inline_auto\" id=\"style-css-av-9e30qv-4401a66ccff5e9c2fe7583e59e594d7d\">\n.avia-image-container.av-9e30qv-4401a66ccff5e9c2fe7583e59e594d7d img.avia_image{\nbox-shadow:none;\n}\n.avia-image-container.av-9e30qv-4401a66ccff5e9c2fe7583e59e594d7d .av-image-caption-overlay-center{\ncolor:#ffffff;\n}\n<\/style>\n<div  class='avia-image-container av-9e30qv-4401a66ccff5e9c2fe7583e59e594d7d av-styling- av-img-linked avia-align-center  avia-builder-el-22  el_before_av_textblock  avia-builder-el-first '   itemprop=\"image\" itemscope=\"itemscope\" itemtype=\"https:\/\/schema.org\/ImageObject\" ><div class=\"avia-image-container-inner\"><div class=\"avia-image-overlay-wrap\"><a href=\"https:\/\/thaibalancemassage.at\/de\/massagen\/gesunder-ruecken\/\" class='avia_image '  aria-label='09-gesunder-ruecken'><img decoding=\"async\" fetchpriority=\"high\" class='wp-image-1179 avia-img-lazy-loading-not-1179 avia_image ' src=\"https:\/\/thaibalancemassage.at\/wp-content\/uploads\/2015\/07\/09-gesunder-ruecken.jpg\" alt='' title='09-gesunder-ruecken'  height=\"934\" width=\"1400\"  itemprop=\"thumbnailUrl\" srcset=\"https:\/\/thaibalancemassage.at\/wp-content\/uploads\/2015\/07\/09-gesunder-ruecken.jpg 1400w, https:\/\/thaibalancemassage.at\/wp-content\/uploads\/2015\/07\/09-gesunder-ruecken-300x200.jpg 300w, https:\/\/thaibalancemassage.at\/wp-content\/uploads\/2015\/07\/09-gesunder-ruecken-768x512.jpg 768w, https:\/\/thaibalancemassage.at\/wp-content\/uploads\/2015\/07\/09-gesunder-ruecken-1030x687.jpg 1030w, https:\/\/thaibalancemassage.at\/wp-content\/uploads\/2015\/07\/09-gesunder-ruecken-705x470.jpg 705w, https:\/\/thaibalancemassage.at\/wp-content\/uploads\/2015\/07\/09-gesunder-ruecken-450x300.jpg 450w\" sizes=\"(max-width: 1400px) 100vw, 1400px\" \/><\/a><\/div><\/div><\/div><br \/>\n<section  class='av_textblock_section av-6yo5pj-9351379332eb04e1d5137dc6bc4a43fa '   itemscope=\"itemscope\" itemtype=\"https:\/\/schema.org\/CreativeWork\" ><div class='avia_textblock'  itemprop=\"text\" ><h3 style=\"text-align: center;\">Gesunder R\u00fccken<\/h3>\n<p style=\"text-align: center;\">Massage bei R\u00fcckenbeschwerden<\/p>\n<\/div><\/section><\/p><\/div>\n<\/div><\/div>\n<\/div><div id='after_grid_row_1'  class='main_color av_default_container_wrap container_wrap fullsize'  ><div class='container av-section-cont-open' ><div class='template-page content  av-content-full alpha units'><div class='post-entry post-entry-type-page post-entry-1143'><div class='entry-content-wrapper clearfix'>\n<div  class='hr av-5uh6nr-d11ca3baa8773d76443ab4e052652b77 hr-default  avia-builder-el-24  el_after_av_layout_row  el_before_av_textblock  avia-builder-el-first '><span class='hr-inner '><span class=\"hr-inner-style\"><\/span><\/span><\/div>\n<section  class='av_textblock_section av-3wfr1z-72253037af5f033a0186020a37fd5bfc '   itemscope=\"itemscope\" itemtype=\"https:\/\/schema.org\/CreativeWork\" ><div class='avia_textblock'  itemprop=\"text\" ><p style=\"text-align: center;\"><a href=\"https:\/\/thaibalancemassage.at\/de\/massagen\/\">Zur \u00dcbersicht alle Massagen<\/a><\/p>\n<\/div><\/section>\n<div  class='avia-button-wrap avia-button-center  avia-builder-el-26  el_after_av_textblock  avia-builder-el-last '>\n<style type=\"text\/css\" data-created_by=\"avia_inline_auto\" id=\"style-css-av-2ddsqv-2f96c401874375edb672bb0cb12d1f04\">\n#top #wrap_all .avia-button.av-2ddsqv-2f96c401874375edb672bb0cb12d1f04{\ncolor:#ffffff;\ntransition:all 0.4s ease-in-out;\n}\n#top #wrap_all .avia-button.av-2ddsqv-2f96c401874375edb672bb0cb12d1f04:hover{\ncolor:#ffffff;\ntransition:all 0.4s ease-in-out;\n}\n#top #wrap_all .avia-button.av-2ddsqv-2f96c401874375edb672bb0cb12d1f04 .avia-svg-icon svg:first-child{\nfill:#ffffff;\nstroke:#ffffff;\n}\n#top #wrap_all .avia-button.av-2ddsqv-2f96c401874375edb672bb0cb12d1f04:hover .avia-svg-icon svg:first-child{\nfill:#ffffff;\nstroke:#ffffff;\n}\n<\/style>\n<a href='https:\/\/thaibalancemassage.at\/de\/massage-buchen\/' class='avia-color-theme-color avia-button avia-button-fullwidth av-2ddsqv-2f96c401874375edb672bb0cb12d1f04 avia-icon_select-no avia-color-theme-color'   aria-label=\"Massage reservieren\"><span class='avia_iconbox_title' >Massage reservieren<\/span><span class='avia_button_background avia-button avia-button-fullwidth avia-color-theme-color'><\/span><\/a><\/div>\n","protected":false},"excerpt":{"rendered":"","protected":false},"author":1,"featured_media":0,"parent":940,"menu_order":70,"comment_status":"closed","ping_status":"closed","template":"","meta":{"footnotes":""},"class_list":["post-1143","page","type-page","status-publish","hentry"],"_links":{"self":[{"href":"https:\/\/thaibalancemassage.at\/de\/wp-json\/wp\/v2\/pages\/1143","targetHints":{"allow":["GET"]}}],"collection":[{"href":"https:\/\/thaibalancemassage.at\/de\/wp-json\/wp\/v2\/pages"}],"about":[{"href":"https:\/\/thaibalancemassage.at\/de\/wp-json\/wp\/v2\/types\/page"}],"author":[{"embeddable":true,"href":"https:\/\/thaibalancemassage.at\/de\/wp-json\/wp\/v2\/users\/1"}],"replies":[{"embeddable":true,"href":"https:\/\/thaibalancemassage.at\/de\/wp-json\/wp\/v2\/comments?post=1143"}],"version-history":[{"count":16,"href":"https:\/\/thaibalancemassage.at\/de\/wp-json\/wp\/v2\/pages\/1143\/revisions"}],"predecessor-version":[{"id":3658,"href":"https:\/\/thaibalancemassage.at\/de\/wp-json\/wp\/v2\/pages\/1143\/revisions\/3658"}],"up":[{"embeddable":true,"href":"https:\/\/thaibalancemassage.at\/de\/wp-json\/wp\/v2\/pages\/940"}],"wp:attachment":[{"href":"https:\/\/thaibalancemassage.at\/de\/wp-json\/wp\/v2\/media?parent=1143"}],"curies":[{"name":"wp","href":"https:\/\/api.w.org\/{rel}","templated":true}]}}