{"id":1141,"date":"2017-07-25T05:47:22","date_gmt":"2017-07-25T05:47:22","guid":{"rendered":"https:\/\/thaibalancemassage.at\/?page_id=1141"},"modified":"2023-02-25T11:56:21","modified_gmt":"2023-02-25T10:56:21","slug":"agiler-nacken","status":"publish","type":"page","link":"https:\/\/thaibalancemassage.at\/de\/massagen\/agiler-nacken\/","title":{"rendered":"Agiler Nacken"},"content":{"rendered":"<div class=\"flex_column av_one_half  flex_column_div av-zero-column-padding first  avia-builder-el-0  el_before_av_one_half  avia-builder-el-first  \" style='border-radius:0px; '><p><div   class='hr hr-default   avia-builder-el-1  el_before_av_image  avia-builder-el-first '><span class='hr-inner ' ><span class='hr-inner-style'><\/span><\/span><\/div><br \/>\n<div  class='avia-image-container  av-styling-    avia-builder-el-2  el_after_av_hr  avia-builder-el-last  avia-align-center '  itemprop=\"image\" itemscope=\"itemscope\" itemtype=\"https:\/\/schema.org\/ImageObject\"  ><div class='avia-image-container-inner'><div class='avia-image-overlay-wrap'><img decoding=\"async\" class='wp-image-2407 avia-img-lazy-loading-not-2407 avia_image' src=\"https:\/\/thaibalancemassage.at\/wp-content\/uploads\/2020\/11\/agilernacken-2020.jpg\" alt='Nackenmassage f\u00fcr agilen Nacken' title='agilernacken-2020' height=\"934\" width=\"1400\"  itemprop=\"thumbnailUrl\" srcset=\"https:\/\/thaibalancemassage.at\/wp-content\/uploads\/2020\/11\/agilernacken-2020.jpg 1400w, https:\/\/thaibalancemassage.at\/wp-content\/uploads\/2020\/11\/agilernacken-2020-300x200.jpg 300w, https:\/\/thaibalancemassage.at\/wp-content\/uploads\/2020\/11\/agilernacken-2020-1030x687.jpg 1030w, https:\/\/thaibalancemassage.at\/wp-content\/uploads\/2020\/11\/agilernacken-2020-768x512.jpg 768w, https:\/\/thaibalancemassage.at\/wp-content\/uploads\/2020\/11\/agilernacken-2020-705x470.jpg 705w\" sizes=\"(max-width: 1400px) 100vw, 1400px\" \/><\/div><\/div><\/div><\/p><\/div>\n<div class=\"flex_column av_one_half  flex_column_div av-zero-column-padding   avia-builder-el-3  el_after_av_one_half  el_before_av_hr  \" style='border-radius:0px; '><section class=\"av_textblock_section \"  itemscope=\"itemscope\" itemtype=\"https:\/\/schema.org\/CreativeWork\" ><div class='avia_textblock  '   itemprop=\"text\" ><h1>Agiler Nacken<\/h1>\n<h3>Massage bei Nackenverspannungen<\/h3>\n<p><strong>Kombination verschiedener Massagetechniken mit entspannender Wirkung im Nackenbereich. Wahlweise als Thai Massage oder \u00d6lmassage.<\/strong><\/p>\n<p><span style=\"font-weight: 400;\">M\u00f6gliche Ursachen f\u00fcr h\u00e4ufige oder chronische Nackenschmerzen sind zum Beispiel langes Sitzen z.B. im B\u00fcro, eine suboptimale K\u00f6rperhaltung, Stress oder emotional belastende Situationen. <\/span><\/p>\n<p><span style=\"font-weight: 400;\">Versuchen Sie auch im Alltag den Ursachen entgegenzuwirken: Straffen Sie Ihre K\u00f6rperhaltung. Nutzen Sie jede M\u00f6glichkeit sich ein bisschen zu bewegen.<\/span><\/p>\n<p><span style=\"font-weight: 400;\">Unsere Behandlung richtet sich nach Ihren Bed\u00fcrfnissen und wird vor Beginn der Behandlung mit Ihnen besprochen. Bei \u201cAgiler Nacken\u201d massieren wir im Vergleich zur normalen Ganzk\u00f6rpermassage verst\u00e4rkt folgende Bereiche:<\/span><\/p>\n<ul>\n<li style=\"font-weight: 400;\"><span style=\"font-weight: 400;\">Schultern, Nacken und oberer R\u00fccken<\/span><\/li>\n<li style=\"font-weight: 400;\"><span style=\"font-weight: 400;\">Bei Nackenschmerzen ist meistens die Beweglichkeit des Halses durch Verspannungen der umliegenden Muskulatur in Nacken und Schultern eingeschr\u00e4nkt. <\/span><\/li>\n<li style=\"font-weight: 400;\"><span style=\"font-weight: 400;\">Die Anwendung verschiedener Techniken, von festem, punktuellen Druck bis hin \u00a0zu sanften Streichungen der verspannten Schultern, des Nackens und auch des gesamten R\u00fcckens kann diese Verspannungen l\u00f6sen.<\/span><\/li>\n<\/ul>\n<p><span style=\"font-weight: 400;\">\u201cAgiler Nacken\u201c k\u00f6nnen Sie als Therapeutischen Schwerpunkt auf Basis von Thai Massage und \u00d6lmassage buchen.<\/span><\/p>\n<p><span style=\"font-weight: 400;\"><strong>Wichtiger Hinweis:<\/strong><br \/>\nWir f\u00fchren keine Heilmassagen durch. Unsere Wellnessmassagen k\u00f6nnen jedoch Verspannungen abbauen und dadurch Schmerzen lindern.<\/span><\/p>\n<\/div><\/section><\/div>\n<div   class='hr hr-default   avia-builder-el-5  el_after_av_one_half  el_before_av_one_full '><span class='hr-inner ' ><span class='hr-inner-style'><\/span><\/span><\/div>\n<div class=\"flex_column av_one_full  flex_column_div av-zero-column-padding first  avia-builder-el-6  el_after_av_hr  el_before_av_layout_row  avia-builder-el-last  \" style='border-radius:0px; '><section class=\"av_textblock_section \"  itemscope=\"itemscope\" itemtype=\"https:\/\/schema.org\/CreativeWork\" ><div class='avia_textblock  '   itemprop=\"text\" ><h2 style=\"text-align: center;\">Weitere Therapie Massagen<\/h2>\n<\/div><\/section><\/div>\n<\/div><\/div><\/div><!-- close content main div --><\/div><\/div><div id='av-layout-grid-1'  class='av-layout-grid-container entry-content-wrapper main_color av-flex-cells     avia-builder-el-8  el_after_av_one_full  el_before_av_hr  submenu-not-first container_wrap fullsize' style=' '  >\n<div class=\"flex_cell no_margin av_one_fourth  avia-builder-el-9  el_before_av_cell_one_fourth  avia-builder-el-first   \" ><div class='flex_cell_inner' ><div class=\"flex_column av_one_full  flex_column_div av-zero-column-padding first  avia-builder-el-10  avia-builder-el-no-sibling  \" style='border-radius:0px; '><p><div  class='avia-image-container  av-styling-    avia-builder-el-11  el_before_av_textblock  avia-builder-el-first  avia-align-center '  itemprop=\"image\" itemscope=\"itemscope\" itemtype=\"https:\/\/schema.org\/ImageObject\"  ><div class='avia-image-container-inner'><div class='avia-image-overlay-wrap'><a href='https:\/\/thaibalancemassage.at\/de\/massagen\/kopfweh-ade\/' class='avia_image'  ><img decoding=\"async\" width=\"1400\" height=\"934\" class='wp-image-1182 avia-img-lazy-loading-not-1182 avia_image' src=\"https:\/\/thaibalancemassage.at\/wp-content\/uploads\/2015\/07\/06-kopfweh-ade.jpg\" alt='' title='06-kopfweh-ade'  itemprop=\"thumbnailUrl\" srcset=\"https:\/\/thaibalancemassage.at\/wp-content\/uploads\/2015\/07\/06-kopfweh-ade.jpg 1400w, https:\/\/thaibalancemassage.at\/wp-content\/uploads\/2015\/07\/06-kopfweh-ade-300x200.jpg 300w, https:\/\/thaibalancemassage.at\/wp-content\/uploads\/2015\/07\/06-kopfweh-ade-1030x687.jpg 1030w, https:\/\/thaibalancemassage.at\/wp-content\/uploads\/2015\/07\/06-kopfweh-ade-768x512.jpg 768w, https:\/\/thaibalancemassage.at\/wp-content\/uploads\/2015\/07\/06-kopfweh-ade-705x470.jpg 705w\" sizes=\"(max-width: 1400px) 100vw, 1400px\" \/><\/a><\/div><\/div><\/div><br \/>\n<section class=\"av_textblock_section \"  itemscope=\"itemscope\" itemtype=\"https:\/\/schema.org\/CreativeWork\" ><div class='avia_textblock  '   itemprop=\"text\" ><h3 style=\"text-align: center;\">Kopfweh Ad\u00e9<\/h3>\n<p style=\"text-align: center;\">Massage bei Kopfweh<\/p>\n<\/div><\/section><\/p><\/div>\n<\/div><\/div><div class=\"flex_cell no_margin av_one_fourth  avia-builder-el-13  el_after_av_cell_one_fourth  el_before_av_cell_one_fourth   \" ><div class='flex_cell_inner' ><div class=\"flex_column av_one_full  flex_column_div av-zero-column-padding first  avia-builder-el-14  avia-builder-el-no-sibling  \" style='border-radius:0px; '><p><div  class='avia-image-container  av-styling-    avia-builder-el-15  el_before_av_textblock  avia-builder-el-first  avia-align-center '  itemprop=\"image\" itemscope=\"itemscope\" itemtype=\"https:\/\/schema.org\/ImageObject\"  ><div class='avia-image-container-inner'><div class='avia-image-overlay-wrap'><a href='https:\/\/thaibalancemassage.at\/de\/massagen\/agiler-nacken\/' class='avia_image'  ><img decoding=\"async\" width=\"1400\" height=\"934\" class='wp-image-1181 avia-img-lazy-loading-not-1181 avia_image' src=\"https:\/\/thaibalancemassage.at\/wp-content\/uploads\/2015\/07\/07-agiler-nacken.jpg\" alt='' title='07-agiler-nacken'  itemprop=\"thumbnailUrl\" srcset=\"https:\/\/thaibalancemassage.at\/wp-content\/uploads\/2015\/07\/07-agiler-nacken.jpg 1400w, https:\/\/thaibalancemassage.at\/wp-content\/uploads\/2015\/07\/07-agiler-nacken-300x200.jpg 300w, https:\/\/thaibalancemassage.at\/wp-content\/uploads\/2015\/07\/07-agiler-nacken-1030x687.jpg 1030w, https:\/\/thaibalancemassage.at\/wp-content\/uploads\/2015\/07\/07-agiler-nacken-768x512.jpg 768w, https:\/\/thaibalancemassage.at\/wp-content\/uploads\/2015\/07\/07-agiler-nacken-705x470.jpg 705w\" sizes=\"(max-width: 1400px) 100vw, 1400px\" \/><\/a><\/div><\/div><\/div><br \/>\n<section class=\"av_textblock_section \"  itemscope=\"itemscope\" itemtype=\"https:\/\/schema.org\/CreativeWork\" ><div class='avia_textblock  '   itemprop=\"text\" ><h3 style=\"text-align: center;\">Agiler Nacken<\/h3>\n<p style=\"text-align: center;\">Massage bei Nackenverspannungen<\/p>\n<\/div><\/section><\/p><\/div>\n<\/div><\/div><div class=\"flex_cell no_margin av_one_fourth  avia-builder-el-17  el_after_av_cell_one_fourth  el_before_av_cell_one_fourth   \"  style='vertical-align:top; padding:30px; ' ><div class='flex_cell_inner' ><div class=\"flex_column av_one_full  flex_column_div av-zero-column-padding first  avia-builder-el-18  avia-builder-el-no-sibling  \" style='border-radius:0px; '><p><div  class='avia-image-container  av-styling-    avia-builder-el-19  el_before_av_textblock  avia-builder-el-first  avia-align-center '  itemprop=\"image\" itemscope=\"itemscope\" itemtype=\"https:\/\/schema.org\/ImageObject\"  ><div class='avia-image-container-inner'><div class='avia-image-overlay-wrap'><a href='https:\/\/thaibalancemassage.at\/de\/massagen\/mobile-schultern\/' class='avia_image'  ><img decoding=\"async\" width=\"1400\" height=\"934\" class='wp-image-1180 avia-img-lazy-loading-not-1180 avia_image' src=\"https:\/\/thaibalancemassage.at\/wp-content\/uploads\/2015\/07\/08-mobile-schultern.jpg\" alt='' title='08-mobile-schultern'  itemprop=\"thumbnailUrl\" srcset=\"https:\/\/thaibalancemassage.at\/wp-content\/uploads\/2015\/07\/08-mobile-schultern.jpg 1400w, https:\/\/thaibalancemassage.at\/wp-content\/uploads\/2015\/07\/08-mobile-schultern-300x200.jpg 300w, https:\/\/thaibalancemassage.at\/wp-content\/uploads\/2015\/07\/08-mobile-schultern-768x512.jpg 768w, https:\/\/thaibalancemassage.at\/wp-content\/uploads\/2015\/07\/08-mobile-schultern-1030x687.jpg 1030w, https:\/\/thaibalancemassage.at\/wp-content\/uploads\/2015\/07\/08-mobile-schultern-705x470.jpg 705w, https:\/\/thaibalancemassage.at\/wp-content\/uploads\/2015\/07\/08-mobile-schultern-450x300.jpg 450w\" sizes=\"(max-width: 1400px) 100vw, 1400px\" \/><\/a><\/div><\/div><\/div><br \/>\n<section class=\"av_textblock_section \"  itemscope=\"itemscope\" itemtype=\"https:\/\/schema.org\/CreativeWork\" ><div class='avia_textblock  '   itemprop=\"text\" ><h3 style=\"text-align: center;\">Mobile Schultern<\/h3>\n<p style=\"text-align: center;\">Massage bei verspannten Schultern<\/p>\n<\/div><\/section><\/p><\/div>\n<\/div><\/div><div class=\"flex_cell no_margin av_one_fourth  avia-builder-el-21  el_after_av_cell_one_fourth  avia-builder-el-last   \"  style='vertical-align:top; padding:30px; ' ><div class='flex_cell_inner' ><div class=\"flex_column av_one_full  flex_column_div av-zero-column-padding first  avia-builder-el-22  avia-builder-el-no-sibling  \" style='border-radius:0px; '><p><div  class='avia-image-container  av-styling-    avia-builder-el-23  el_before_av_textblock  avia-builder-el-first  avia-align-center '  itemprop=\"image\" itemscope=\"itemscope\" itemtype=\"https:\/\/schema.org\/ImageObject\"  ><div class='avia-image-container-inner'><div class='avia-image-overlay-wrap'><a href='https:\/\/thaibalancemassage.at\/de\/massagen\/gesunder-ruecken\/' class='avia_image'  ><img decoding=\"async\" width=\"1400\" height=\"934\" class='wp-image-1179 avia-img-lazy-loading-not-1179 avia_image' src=\"https:\/\/thaibalancemassage.at\/wp-content\/uploads\/2015\/07\/09-gesunder-ruecken.jpg\" alt='' title='09-gesunder-ruecken'  itemprop=\"thumbnailUrl\" srcset=\"https:\/\/thaibalancemassage.at\/wp-content\/uploads\/2015\/07\/09-gesunder-ruecken.jpg 1400w, https:\/\/thaibalancemassage.at\/wp-content\/uploads\/2015\/07\/09-gesunder-ruecken-300x200.jpg 300w, https:\/\/thaibalancemassage.at\/wp-content\/uploads\/2015\/07\/09-gesunder-ruecken-768x512.jpg 768w, https:\/\/thaibalancemassage.at\/wp-content\/uploads\/2015\/07\/09-gesunder-ruecken-1030x687.jpg 1030w, https:\/\/thaibalancemassage.at\/wp-content\/uploads\/2015\/07\/09-gesunder-ruecken-705x470.jpg 705w, https:\/\/thaibalancemassage.at\/wp-content\/uploads\/2015\/07\/09-gesunder-ruecken-450x300.jpg 450w\" sizes=\"(max-width: 1400px) 100vw, 1400px\" \/><\/a><\/div><\/div><\/div><br \/>\n<section class=\"av_textblock_section \"  itemscope=\"itemscope\" itemtype=\"https:\/\/schema.org\/CreativeWork\" ><div class='avia_textblock  '   itemprop=\"text\" ><h3 style=\"text-align: center;\">Gesunder R\u00fccken<\/h3>\n<p style=\"text-align: center;\">Massage bei R\u00fcckenbeschwerden<\/p>\n<\/div><\/section><\/p><\/div>\n<\/div><\/div>\n<\/div><div id='after_submenu_1'  class='main_color av_default_container_wrap container_wrap fullsize' style=' '  ><div class='container' ><div class='template-page content  av-content-full alpha units'><div class='post-entry post-entry-type-page post-entry-1141'><div class='entry-content-wrapper clearfix'>\n<div   class='hr hr-default   avia-builder-el-25  el_after_av_layout_row  el_before_av_textblock  avia-builder-el-first '><span class='hr-inner ' ><span class='hr-inner-style'><\/span><\/span><\/div>\n<section class=\"av_textblock_section \"  itemscope=\"itemscope\" itemtype=\"https:\/\/schema.org\/CreativeWork\" ><div class='avia_textblock  '   itemprop=\"text\" ><p style=\"text-align: center;\"><a href=\"https:\/\/thaibalancemassage.at\/de\/massagen\/\">Zur \u00dcbersicht alle Massagen<\/a><\/p>\n<\/div><\/section>\n<div  class='avia-button-wrap avia-button-center  avia-builder-el-27  el_after_av_textblock  avia-builder-el-last ' ><a href='https:\/\/thaibalancemassage.at\/de\/massage-buchen\/' class='avia-button avia-button-fullwidth   avia-icon_select-no avia-color-theme-color '  style='color:#ffffff; ' ><span class='avia_iconbox_title' >Massage reservieren<\/span><span class='avia_button_background avia-button avia-button-fullwidth avia-color-theme-color' ><\/span><\/a><\/div>\n","protected":false},"excerpt":{"rendered":"","protected":false},"author":1,"featured_media":0,"parent":940,"menu_order":60,"comment_status":"closed","ping_status":"closed","template":"","meta":{"footnotes":""},"class_list":["post-1141","page","type-page","status-publish","hentry"],"_links":{"self":[{"href":"https:\/\/thaibalancemassage.at\/de\/wp-json\/wp\/v2\/pages\/1141","targetHints":{"allow":["GET"]}}],"collection":[{"href":"https:\/\/thaibalancemassage.at\/de\/wp-json\/wp\/v2\/pages"}],"about":[{"href":"https:\/\/thaibalancemassage.at\/de\/wp-json\/wp\/v2\/types\/page"}],"author":[{"embeddable":true,"href":"https:\/\/thaibalancemassage.at\/de\/wp-json\/wp\/v2\/users\/1"}],"replies":[{"embeddable":true,"href":"https:\/\/thaibalancemassage.at\/de\/wp-json\/wp\/v2\/comments?post=1141"}],"version-history":[{"count":24,"href":"https:\/\/thaibalancemassage.at\/de\/wp-json\/wp\/v2\/pages\/1141\/revisions"}],"predecessor-version":[{"id":3654,"href":"https:\/\/thaibalancemassage.at\/de\/wp-json\/wp\/v2\/pages\/1141\/revisions\/3654"}],"up":[{"embeddable":true,"href":"https:\/\/thaibalancemassage.at\/de\/wp-json\/wp\/v2\/pages\/940"}],"wp:attachment":[{"href":"https:\/\/thaibalancemassage.at\/de\/wp-json\/wp\/v2\/media?parent=1141"}],"curies":[{"name":"wp","href":"https:\/\/api.w.org\/{rel}","templated":true}]}}