{"id":1139,"date":"2017-07-25T05:46:10","date_gmt":"2017-07-25T05:46:10","guid":{"rendered":"https:\/\/thaibalancemassage.at\/?page_id=1139"},"modified":"2023-02-25T11:54:34","modified_gmt":"2023-02-25T10:54:34","slug":"kopfweh-ade","status":"publish","type":"page","link":"https:\/\/thaibalancemassage.at\/de\/massagen\/kopfweh-ade\/","title":{"rendered":"Kopfweh Ad\u00e9"},"content":{"rendered":"\n<style type=\"text\/css\" data-created_by=\"avia_inline_auto\" id=\"style-css-av-18ztfab-64801c4d46d17f1c6c19fa085ffebe53\">\n.flex_column.av-18ztfab-64801c4d46d17f1c6c19fa085ffebe53{\nborder-radius:0px 0px 0px 0px;\npadding:0px 0px 0px 0px;\n}\n<\/style>\n<div  class='flex_column av-18ztfab-64801c4d46d17f1c6c19fa085ffebe53 av_one_half  avia-builder-el-0  el_before_av_one_half  avia-builder-el-first  first flex_column_div av-zero-column-padding  '     ><p><div  class='hr av-17q34b7-57a7ce74ea82e849ed8c826d415d4e34 hr-default  avia-builder-el-1  el_before_av_image  avia-builder-el-first '><span class='hr-inner '><span class=\"hr-inner-style\"><\/span><\/span><\/div><br \/>\n\n<style type=\"text\/css\" data-created_by=\"avia_inline_auto\" id=\"style-css-av-16jzcer-0f4603f19c11393ce48fafc02118fee3\">\n.avia-image-container.av-16jzcer-0f4603f19c11393ce48fafc02118fee3 img.avia_image{\nbox-shadow:none;\n}\n.avia-image-container.av-16jzcer-0f4603f19c11393ce48fafc02118fee3 .av-image-caption-overlay-center{\ncolor:#ffffff;\n}\n<\/style>\n<div  class='avia-image-container av-16jzcer-0f4603f19c11393ce48fafc02118fee3 av-styling- avia-align-center  avia-builder-el-2  el_after_av_hr  avia-builder-el-last '   itemprop=\"image\" itemscope=\"itemscope\" itemtype=\"https:\/\/schema.org\/ImageObject\" ><div class=\"avia-image-container-inner\"><div class=\"avia-image-overlay-wrap\"><img decoding=\"async\" fetchpriority=\"high\" class='wp-image-2405 avia-img-lazy-loading-not-2405 avia_image ' src=\"https:\/\/thaibalancemassage.at\/wp-content\/uploads\/2020\/11\/kopfweh-ade-2020.jpg\" alt='Kopfmassage gegen Kopfweh' title='kopfweh-ade-2020'  height=\"934\" width=\"1400\"  itemprop=\"thumbnailUrl\" srcset=\"https:\/\/thaibalancemassage.at\/wp-content\/uploads\/2020\/11\/kopfweh-ade-2020.jpg 1400w, https:\/\/thaibalancemassage.at\/wp-content\/uploads\/2020\/11\/kopfweh-ade-2020-300x200.jpg 300w, https:\/\/thaibalancemassage.at\/wp-content\/uploads\/2020\/11\/kopfweh-ade-2020-1030x687.jpg 1030w, https:\/\/thaibalancemassage.at\/wp-content\/uploads\/2020\/11\/kopfweh-ade-2020-768x512.jpg 768w, https:\/\/thaibalancemassage.at\/wp-content\/uploads\/2020\/11\/kopfweh-ade-2020-705x470.jpg 705w\" sizes=\"(max-width: 1400px) 100vw, 1400px\" \/><\/div><\/div><\/div><\/p><\/div>\n\n<style type=\"text\/css\" data-created_by=\"avia_inline_auto\" id=\"style-css-av-152a9cz-0fa4cb8b6b2688af18a43508ec74a040\">\n.flex_column.av-152a9cz-0fa4cb8b6b2688af18a43508ec74a040{\nborder-radius:0px 0px 0px 0px;\npadding:0px 0px 0px 0px;\n}\n<\/style>\n<div  class='flex_column av-152a9cz-0fa4cb8b6b2688af18a43508ec74a040 av_one_half  avia-builder-el-3  el_after_av_one_half  el_before_av_hr  flex_column_div av-zero-column-padding  '     ><section  class='av_textblock_section av-3tnvdf-6d0e6d36d023e1d780872ffc70242545 '   itemscope=\"itemscope\" itemtype=\"https:\/\/schema.org\/CreativeWork\" ><div class='avia_textblock'  itemprop=\"text\" ><h1>Kopfweh Ad\u00e9<\/h1>\n<h3>Massage bei Kopfweh<\/h3>\n<p><strong>Kombination verschiedener Massagetechniken mit entspannender Wirkung im Kopfbereich und zur L\u00f6sung von Verspannungen im Nacken- und Schulterbereich. Wahlweise als Thai Massage oder \u00d6lmassage.<\/strong><\/p>\n<p><span style=\"font-weight: 400;\">M\u00f6gliche Ursachen f\u00fcr h\u00e4ufige oder chronische Kopfschmerzen sind zum Beispiel Schlafmangel, Stress, Verspannungen oder auch Fl\u00fcssigkeitsmangel. Versuchen Sie den Ursachen entgegenzuwirken, auch wenn sich das oft schwer in den Alltag integrieren l\u00e4sst. Sorgen Sie f\u00fcr ausreichend Schlaf, trinken Sie genug, vermeiden Sie Stress.<\/span><\/p>\n<p><span style=\"font-weight: 400;\">Unsere Behandlung richtet sich nach Ihren Bed\u00fcrfnissen und wird vor Beginn der Behandlung mit Ihnen besprochen. Bei \u201cKopfweh Ad\u00e9\u201d massieren wir im Vergleich zur normalen Ganzk\u00f6rpermassage verst\u00e4rkt folgende Bereiche:<\/span><\/p>\n<ul>\n<li style=\"font-weight: 400;\"><span style=\"font-weight: 400;\">Kopfmassage<\/span><span style=\"font-weight: 400;\"><br \/>\n<\/span><span style=\"font-weight: 400;\">Die Kopfmassage setzt direkt am Kopf an. Mit leichtem Druck werden die Schl\u00e4fen, der Hinterkopf oder auch die Stirn sowie das Gesicht massiert. Die entspannende Wirkung sowie eine bessere Geschmeidigkeit von Gesicht und Kopf kann zur Beruhigung und Linderung der Schmerzen f\u00fchren. <\/span><\/li>\n<li style=\"font-weight: 400;\"><span style=\"font-weight: 400;\">Massage der Schultern und des Nackens<\/span><span style=\"font-weight: 400;\"><br \/>\n<\/span><span style=\"font-weight: 400;\">Kopfschmerzen werden oft durch Verspannungen im Bereich des Nackens und der Schultern hervorgerufen. Eine Massage der verspannten Schultern, des Nackens und auch des gesamten R\u00fcckens kann diese Verspannungen l\u00f6sen.<\/span><\/li>\n<\/ul>\n<p><span style=\"font-weight: 400;\">\u201cKopfweh Ad\u00e9\u201c k\u00f6nnen Sie als Therapeutischen Schwerpunkt auf Basis von Thai Massage und \u00d6lmassage buchen.<\/span><\/p>\n<p><span style=\"font-weight: 400;\"><strong>Wichtiger Hinweis:<\/strong><br \/>\nWir f\u00fchren keine Heilmassagen durch. Unsere Wellnessmassagen k\u00f6nnen jedoch Verspannungen abbauen und dadurch Schmerzen lindern.<\/span><\/p>\n<\/div><\/section><\/div>\n<div  class='hr av-11l1ijn-adcce114154efebe0461f7e059d47f3d hr-default  avia-builder-el-5  el_after_av_one_half  el_before_av_textblock '><span class='hr-inner '><span class=\"hr-inner-style\"><\/span><\/span><\/div>\n<section  class='av_textblock_section av-zrxc43-df9a179bf8bc5857e7b6b745d0a47cbb '   itemscope=\"itemscope\" itemtype=\"https:\/\/schema.org\/CreativeWork\" ><div class='avia_textblock'  itemprop=\"text\" ><h2 style=\"text-align: center;\">Weitere Therapie Massagen<\/h2>\n<\/div><\/section>\n<\/div><\/div><\/div><!-- close content main div --><\/div><\/div><div id='av-layout-grid-1'  class='av-layout-grid-container av-xnzpmb-c44468a6a1fa24b298118c2688241d97 entry-content-wrapper main_color av-flex-cells  avia-builder-el-7  el_after_av_textblock  el_before_av_hr  grid-row-not-first  container_wrap fullsize'  >\n<div class='flex_cell av-wgf7kj-78680f4d069953741a88c16d8735fe9c av-gridrow-cell av_one_fourth no_margin  avia-builder-el-8  el_before_av_cell_one_fourth  avia-builder-el-first '  ><div class='flex_cell_inner'>\n<style type=\"text\/css\" data-created_by=\"avia_inline_auto\" id=\"style-css-av-u1hhtf-49fce2f087535037fcb22c7db73d80b2\">\n.flex_column.av-u1hhtf-49fce2f087535037fcb22c7db73d80b2{\nborder-radius:0px 0px 0px 0px;\npadding:0px 0px 0px 0px;\n}\n<\/style>\n<div  class='flex_column av-u1hhtf-49fce2f087535037fcb22c7db73d80b2 av_one_full  avia-builder-el-9  avia-builder-el-no-sibling  first flex_column_div av-zero-column-padding  '     ><p>\n<style type=\"text\/css\" data-created_by=\"avia_inline_auto\" id=\"style-css-av-tr7rmr-242e59ce87271fe73b8ca32423797f56\">\n.avia-image-container.av-tr7rmr-242e59ce87271fe73b8ca32423797f56 img.avia_image{\nbox-shadow:none;\n}\n.avia-image-container.av-tr7rmr-242e59ce87271fe73b8ca32423797f56 .av-image-caption-overlay-center{\ncolor:#ffffff;\n}\n<\/style>\n<div  class='avia-image-container av-tr7rmr-242e59ce87271fe73b8ca32423797f56 av-styling- av-img-linked avia-align-center  avia-builder-el-10  el_before_av_textblock  avia-builder-el-first '   itemprop=\"image\" itemscope=\"itemscope\" itemtype=\"https:\/\/schema.org\/ImageObject\" ><div class=\"avia-image-container-inner\"><div class=\"avia-image-overlay-wrap\"><a href=\"https:\/\/thaibalancemassage.at\/de\/massagen\/kopfweh-ade\/\" class='avia_image '  aria-label='06-kopfweh-ade'><img decoding=\"async\" fetchpriority=\"high\" class='wp-image-1182 avia-img-lazy-loading-not-1182 avia_image ' src=\"https:\/\/thaibalancemassage.at\/wp-content\/uploads\/2015\/07\/06-kopfweh-ade.jpg\" alt='' title='06-kopfweh-ade'  height=\"934\" width=\"1400\"  itemprop=\"thumbnailUrl\" srcset=\"https:\/\/thaibalancemassage.at\/wp-content\/uploads\/2015\/07\/06-kopfweh-ade.jpg 1400w, https:\/\/thaibalancemassage.at\/wp-content\/uploads\/2015\/07\/06-kopfweh-ade-300x200.jpg 300w, https:\/\/thaibalancemassage.at\/wp-content\/uploads\/2015\/07\/06-kopfweh-ade-1030x687.jpg 1030w, https:\/\/thaibalancemassage.at\/wp-content\/uploads\/2015\/07\/06-kopfweh-ade-768x512.jpg 768w, https:\/\/thaibalancemassage.at\/wp-content\/uploads\/2015\/07\/06-kopfweh-ade-705x470.jpg 705w\" sizes=\"(max-width: 1400px) 100vw, 1400px\" \/><\/a><\/div><\/div><\/div><br \/>\n<section  class='av_textblock_section av-r8xlgj-704b89703d6732d4c892a0bbedd47606 '   itemscope=\"itemscope\" itemtype=\"https:\/\/schema.org\/CreativeWork\" ><div class='avia_textblock'  itemprop=\"text\" ><h3 style=\"text-align: center;\">Kopfweh Ad\u00e9<\/h3>\n<p style=\"text-align: center;\">Massage bei Kopfweh<\/p>\n<\/div><\/section><\/p><\/div>\n<\/div><\/div><div class='flex_cell av-p04n8j-97e96c2d3e4980efd7edaf88f841f6e2 av-gridrow-cell av_one_fourth no_margin  avia-builder-el-12  el_after_av_cell_one_fourth  el_before_av_cell_one_fourth '  ><div class='flex_cell_inner'>\n<style type=\"text\/css\" data-created_by=\"avia_inline_auto\" id=\"style-css-av-oj1pw3-9caa7cd2d72d3f169dae9b21682f58e3\">\n.flex_column.av-oj1pw3-9caa7cd2d72d3f169dae9b21682f58e3{\nborder-radius:0px 0px 0px 0px;\npadding:0px 0px 0px 0px;\n}\n<\/style>\n<div  class='flex_column av-oj1pw3-9caa7cd2d72d3f169dae9b21682f58e3 av_one_full  avia-builder-el-13  avia-builder-el-no-sibling  first flex_column_div av-zero-column-padding  '     ><p>\n<style type=\"text\/css\" data-created_by=\"avia_inline_auto\" id=\"style-css-av-mel8dv-8d134cbbb539aa69b5d8f952cf06d103\">\n.avia-image-container.av-mel8dv-8d134cbbb539aa69b5d8f952cf06d103 img.avia_image{\nbox-shadow:none;\n}\n.avia-image-container.av-mel8dv-8d134cbbb539aa69b5d8f952cf06d103 .av-image-caption-overlay-center{\ncolor:#ffffff;\n}\n<\/style>\n<div  class='avia-image-container av-mel8dv-8d134cbbb539aa69b5d8f952cf06d103 av-styling- av-img-linked avia-align-center  avia-builder-el-14  el_before_av_textblock  avia-builder-el-first '   itemprop=\"image\" itemscope=\"itemscope\" itemtype=\"https:\/\/schema.org\/ImageObject\" ><div class=\"avia-image-container-inner\"><div class=\"avia-image-overlay-wrap\"><a href=\"https:\/\/thaibalancemassage.at\/de\/massagen\/agiler-nacken\/\" class='avia_image '  aria-label='07-agiler-nacken'><img decoding=\"async\" fetchpriority=\"high\" class='wp-image-1181 avia-img-lazy-loading-not-1181 avia_image ' src=\"https:\/\/thaibalancemassage.at\/wp-content\/uploads\/2015\/07\/07-agiler-nacken.jpg\" alt='' title='07-agiler-nacken'  height=\"934\" width=\"1400\"  itemprop=\"thumbnailUrl\" srcset=\"https:\/\/thaibalancemassage.at\/wp-content\/uploads\/2015\/07\/07-agiler-nacken.jpg 1400w, https:\/\/thaibalancemassage.at\/wp-content\/uploads\/2015\/07\/07-agiler-nacken-300x200.jpg 300w, https:\/\/thaibalancemassage.at\/wp-content\/uploads\/2015\/07\/07-agiler-nacken-1030x687.jpg 1030w, https:\/\/thaibalancemassage.at\/wp-content\/uploads\/2015\/07\/07-agiler-nacken-768x512.jpg 768w, https:\/\/thaibalancemassage.at\/wp-content\/uploads\/2015\/07\/07-agiler-nacken-705x470.jpg 705w\" sizes=\"(max-width: 1400px) 100vw, 1400px\" \/><\/a><\/div><\/div><\/div><br \/>\n<section  class='av_textblock_section av-l3scir-5f07c5d5b1a585a138c42de2b095ad94 '   itemscope=\"itemscope\" itemtype=\"https:\/\/schema.org\/CreativeWork\" ><div class='avia_textblock'  itemprop=\"text\" ><h3 style=\"text-align: center;\">Agiler Nacken<\/h3>\n<p style=\"text-align: center;\">Massage bei Nackenverspannungen<\/p>\n<\/div><\/section><\/p><\/div>\n<\/div><\/div>\n<style type=\"text\/css\" data-created_by=\"avia_inline_auto\" id=\"style-css-av-imiecz-86a2c4cffe710144b1ac5cc5e0af9c48\">\n.flex_cell.av-imiecz-86a2c4cffe710144b1ac5cc5e0af9c48{\nvertical-align:top;\n}\n.responsive #top #wrap_all .flex_cell.av-imiecz-86a2c4cffe710144b1ac5cc5e0af9c48{\npadding:30px 30px 30px 30px !important;\n}\n<\/style>\n<div class='flex_cell av-imiecz-86a2c4cffe710144b1ac5cc5e0af9c48 av-gridrow-cell av_one_fourth no_margin  avia-builder-el-16  el_after_av_cell_one_fourth  el_before_av_cell_one_fourth  content-align-top'  ><div class='flex_cell_inner'>\n<style type=\"text\/css\" data-created_by=\"avia_inline_auto\" id=\"style-css-av-gxojhf-c8b84fcb449f944c3878b1729b7e9b7e\">\n.flex_column.av-gxojhf-c8b84fcb449f944c3878b1729b7e9b7e{\nborder-radius:0px 0px 0px 0px;\npadding:0px 0px 0px 0px;\n}\n<\/style>\n<div  class='flex_column av-gxojhf-c8b84fcb449f944c3878b1729b7e9b7e av_one_full  avia-builder-el-17  avia-builder-el-no-sibling  first flex_column_div av-zero-column-padding  '     ><p>\n<style type=\"text\/css\" data-created_by=\"avia_inline_auto\" id=\"style-css-av-f5wdg3-edf737e5b0f434e5f2247d0388ffc2ae\">\n.avia-image-container.av-f5wdg3-edf737e5b0f434e5f2247d0388ffc2ae img.avia_image{\nbox-shadow:none;\n}\n.avia-image-container.av-f5wdg3-edf737e5b0f434e5f2247d0388ffc2ae .av-image-caption-overlay-center{\ncolor:#ffffff;\n}\n<\/style>\n<div  class='avia-image-container av-f5wdg3-edf737e5b0f434e5f2247d0388ffc2ae av-styling- av-img-linked avia-align-center  avia-builder-el-18  el_before_av_textblock  avia-builder-el-first '   itemprop=\"image\" itemscope=\"itemscope\" itemtype=\"https:\/\/schema.org\/ImageObject\" ><div class=\"avia-image-container-inner\"><div class=\"avia-image-overlay-wrap\"><a href=\"https:\/\/thaibalancemassage.at\/de\/massagen\/mobile-schultern\/\" class='avia_image '  aria-label='08-mobile-schultern'><img decoding=\"async\" fetchpriority=\"high\" class='wp-image-1180 avia-img-lazy-loading-not-1180 avia_image ' src=\"https:\/\/thaibalancemassage.at\/wp-content\/uploads\/2015\/07\/08-mobile-schultern.jpg\" alt='' title='08-mobile-schultern'  height=\"934\" width=\"1400\"  itemprop=\"thumbnailUrl\" srcset=\"https:\/\/thaibalancemassage.at\/wp-content\/uploads\/2015\/07\/08-mobile-schultern.jpg 1400w, https:\/\/thaibalancemassage.at\/wp-content\/uploads\/2015\/07\/08-mobile-schultern-300x200.jpg 300w, https:\/\/thaibalancemassage.at\/wp-content\/uploads\/2015\/07\/08-mobile-schultern-768x512.jpg 768w, https:\/\/thaibalancemassage.at\/wp-content\/uploads\/2015\/07\/08-mobile-schultern-1030x687.jpg 1030w, https:\/\/thaibalancemassage.at\/wp-content\/uploads\/2015\/07\/08-mobile-schultern-705x470.jpg 705w, https:\/\/thaibalancemassage.at\/wp-content\/uploads\/2015\/07\/08-mobile-schultern-450x300.jpg 450w\" sizes=\"(max-width: 1400px) 100vw, 1400px\" \/><\/a><\/div><\/div><\/div><br \/>\n<section  class='av_textblock_section av-dtbtwz-2912aa094f7a618d45a49deaa34966db '   itemscope=\"itemscope\" itemtype=\"https:\/\/schema.org\/CreativeWork\" ><div class='avia_textblock'  itemprop=\"text\" ><h3 style=\"text-align: center;\">Mobile Schultern<\/h3>\n<p style=\"text-align: center;\">Massage bei verspannten Schultern<\/p>\n<\/div><\/section><\/p><\/div>\n<\/div><\/div>\n<style type=\"text\/css\" data-created_by=\"avia_inline_auto\" id=\"style-css-av-ci4dcz-a2f49640bc20853213c123c86aeaad4c\">\n.flex_cell.av-ci4dcz-a2f49640bc20853213c123c86aeaad4c{\nvertical-align:top;\n}\n.responsive #top #wrap_all .flex_cell.av-ci4dcz-a2f49640bc20853213c123c86aeaad4c{\npadding:30px 30px 30px 30px !important;\n}\n<\/style>\n<div class='flex_cell av-ci4dcz-a2f49640bc20853213c123c86aeaad4c av-gridrow-cell av_one_fourth no_margin  avia-builder-el-20  el_after_av_cell_one_fourth  avia-builder-el-last  content-align-top'  ><div class='flex_cell_inner'>\n<style type=\"text\/css\" data-created_by=\"avia_inline_auto\" id=\"style-css-av-awoomr-beeda6ee1f505527657108ea99b4b027\">\n.flex_column.av-awoomr-beeda6ee1f505527657108ea99b4b027{\nborder-radius:0px 0px 0px 0px;\npadding:0px 0px 0px 0px;\n}\n<\/style>\n<div  class='flex_column av-awoomr-beeda6ee1f505527657108ea99b4b027 av_one_full  avia-builder-el-21  avia-builder-el-no-sibling  first flex_column_div av-zero-column-padding  '     ><p>\n<style type=\"text\/css\" data-created_by=\"avia_inline_auto\" id=\"style-css-av-8k37ab-d45ab3b43199dee4fdb9d7522f766c2a\">\n.avia-image-container.av-8k37ab-d45ab3b43199dee4fdb9d7522f766c2a img.avia_image{\nbox-shadow:none;\n}\n.avia-image-container.av-8k37ab-d45ab3b43199dee4fdb9d7522f766c2a .av-image-caption-overlay-center{\ncolor:#ffffff;\n}\n<\/style>\n<div  class='avia-image-container av-8k37ab-d45ab3b43199dee4fdb9d7522f766c2a av-styling- av-img-linked avia-align-center  avia-builder-el-22  el_before_av_textblock  avia-builder-el-first '   itemprop=\"image\" itemscope=\"itemscope\" itemtype=\"https:\/\/schema.org\/ImageObject\" ><div class=\"avia-image-container-inner\"><div class=\"avia-image-overlay-wrap\"><a href=\"https:\/\/thaibalancemassage.at\/de\/massagen\/gesunder-ruecken\/\" class='avia_image '  aria-label='09-gesunder-ruecken'><img decoding=\"async\" fetchpriority=\"high\" class='wp-image-1179 avia-img-lazy-loading-not-1179 avia_image ' src=\"https:\/\/thaibalancemassage.at\/wp-content\/uploads\/2015\/07\/09-gesunder-ruecken.jpg\" alt='' title='09-gesunder-ruecken'  height=\"934\" width=\"1400\"  itemprop=\"thumbnailUrl\" srcset=\"https:\/\/thaibalancemassage.at\/wp-content\/uploads\/2015\/07\/09-gesunder-ruecken.jpg 1400w, https:\/\/thaibalancemassage.at\/wp-content\/uploads\/2015\/07\/09-gesunder-ruecken-300x200.jpg 300w, https:\/\/thaibalancemassage.at\/wp-content\/uploads\/2015\/07\/09-gesunder-ruecken-768x512.jpg 768w, https:\/\/thaibalancemassage.at\/wp-content\/uploads\/2015\/07\/09-gesunder-ruecken-1030x687.jpg 1030w, https:\/\/thaibalancemassage.at\/wp-content\/uploads\/2015\/07\/09-gesunder-ruecken-705x470.jpg 705w, https:\/\/thaibalancemassage.at\/wp-content\/uploads\/2015\/07\/09-gesunder-ruecken-450x300.jpg 450w\" sizes=\"(max-width: 1400px) 100vw, 1400px\" \/><\/a><\/div><\/div><\/div><br \/>\n<section  class='av_textblock_section av-7x3nmb-cef0e4224e1e916bf89aa2c0ccc73cea '   itemscope=\"itemscope\" itemtype=\"https:\/\/schema.org\/CreativeWork\" ><div class='avia_textblock'  itemprop=\"text\" ><h3 style=\"text-align: center;\">Gesunder R\u00fccken<\/h3>\n<p style=\"text-align: center;\">Massage bei R\u00fcckenbeschwerden<\/p>\n<\/div><\/section><\/p><\/div>\n<\/div><\/div>\n<\/div><div id='after_grid_row_1'  class='main_color av_default_container_wrap container_wrap fullsize'  ><div class='container av-section-cont-open' ><div class='template-page content  av-content-full alpha units'><div class='post-entry post-entry-type-page post-entry-1139'><div class='entry-content-wrapper clearfix'>\n<div  class='hr av-68qavn-48de1e5328ae7ba201888969e7de95bb hr-default  avia-builder-el-24  el_after_av_layout_row  el_before_av_textblock  avia-builder-el-first '><span class='hr-inner '><span class=\"hr-inner-style\"><\/span><\/span><\/div>\n<section  class='av_textblock_section av-f106r-1cb8c97c513e0cc79c058b90278c1e1c '   itemscope=\"itemscope\" itemtype=\"https:\/\/schema.org\/CreativeWork\" ><div class='avia_textblock'  itemprop=\"text\" ><p style=\"text-align: center;\"><a href=\"https:\/\/thaibalancemassage.at\/de\/massagen\/\">Zur \u00dcbersicht alle Massagen<\/a><\/p>\n<\/div><\/section>\n<div  class='avia-button-wrap avia-button-center  avia-builder-el-26  el_after_av_textblock  avia-builder-el-last '>\n<style type=\"text\/css\" data-created_by=\"avia_inline_auto\" id=\"style-css-av-2vvy83-c7a1612a2ad483cebe9e8d7d02d294a4\">\n#top #wrap_all .avia-button.av-2vvy83-c7a1612a2ad483cebe9e8d7d02d294a4{\ncolor:#ffffff;\ntransition:all 0.4s ease-in-out;\n}\n#top #wrap_all .avia-button.av-2vvy83-c7a1612a2ad483cebe9e8d7d02d294a4:hover{\ncolor:#ffffff;\ntransition:all 0.4s ease-in-out;\n}\n#top #wrap_all .avia-button.av-2vvy83-c7a1612a2ad483cebe9e8d7d02d294a4 .avia-svg-icon svg:first-child{\nfill:#ffffff;\nstroke:#ffffff;\n}\n#top #wrap_all .avia-button.av-2vvy83-c7a1612a2ad483cebe9e8d7d02d294a4:hover .avia-svg-icon svg:first-child{\nfill:#ffffff;\nstroke:#ffffff;\n}\n<\/style>\n<a href='https:\/\/thaibalancemassage.at\/de\/massage-buchen\/' class='avia-color-theme-color avia-button avia-button-fullwidth av-2vvy83-c7a1612a2ad483cebe9e8d7d02d294a4 avia-icon_select-no avia-color-theme-color'   aria-label=\"Massage reservieren\"><span class='avia_iconbox_title' >Massage reservieren<\/span><span class='avia_button_background avia-button avia-button-fullwidth avia-color-theme-color'><\/span><\/a><\/div>\n","protected":false},"excerpt":{"rendered":"","protected":false},"author":1,"featured_media":0,"parent":940,"menu_order":50,"comment_status":"closed","ping_status":"closed","template":"","meta":{"footnotes":""},"class_list":["post-1139","page","type-page","status-publish","hentry"],"_links":{"self":[{"href":"https:\/\/thaibalancemassage.at\/de\/wp-json\/wp\/v2\/pages\/1139","targetHints":{"allow":["GET"]}}],"collection":[{"href":"https:\/\/thaibalancemassage.at\/de\/wp-json\/wp\/v2\/pages"}],"about":[{"href":"https:\/\/thaibalancemassage.at\/de\/wp-json\/wp\/v2\/types\/page"}],"author":[{"embeddable":true,"href":"https:\/\/thaibalancemassage.at\/de\/wp-json\/wp\/v2\/users\/1"}],"replies":[{"embeddable":true,"href":"https:\/\/thaibalancemassage.at\/de\/wp-json\/wp\/v2\/comments?post=1139"}],"version-history":[{"count":21,"href":"https:\/\/thaibalancemassage.at\/de\/wp-json\/wp\/v2\/pages\/1139\/revisions"}],"predecessor-version":[{"id":3648,"href":"https:\/\/thaibalancemassage.at\/de\/wp-json\/wp\/v2\/pages\/1139\/revisions\/3648"}],"up":[{"embeddable":true,"href":"https:\/\/thaibalancemassage.at\/de\/wp-json\/wp\/v2\/pages\/940"}],"wp:attachment":[{"href":"https:\/\/thaibalancemassage.at\/de\/wp-json\/wp\/v2\/media?parent=1139"}],"curies":[{"name":"wp","href":"https:\/\/api.w.org\/{rel}","templated":true}]}}