{"id":1136,"date":"2017-07-25T05:43:34","date_gmt":"2017-07-25T05:43:34","guid":{"rendered":"https:\/\/thaibalancemassage.at\/?page_id=1136"},"modified":"2023-02-25T11:53:00","modified_gmt":"2023-02-25T10:53:00","slug":"kurz-und-schmerz-los","status":"publish","type":"page","link":"https:\/\/thaibalancemassage.at\/de\/massagen\/kurz-und-schmerz-los\/","title":{"rendered":"Kurz &#038; Schmerz los"},"content":{"rendered":"\n<style type=\"text\/css\" data-created_by=\"avia_inline_auto\" id=\"style-css-av-1a6luj4-5dbca59fb0e4ebf9a15ff4a9b77fda7a\">\n.flex_column.av-1a6luj4-5dbca59fb0e4ebf9a15ff4a9b77fda7a{\nborder-radius:0px 0px 0px 0px;\npadding:0px 0px 0px 0px;\n}\n<\/style>\n<div  class='flex_column av-1a6luj4-5dbca59fb0e4ebf9a15ff4a9b77fda7a av_one_half  avia-builder-el-0  el_before_av_one_half  avia-builder-el-first  first flex_column_div av-zero-column-padding  '     ><p><div  class='hr av-17wpo9s-a3140e5b19135fc21743076e2af72929 hr-default  avia-builder-el-1  el_before_av_image  avia-builder-el-first '><span class='hr-inner '><span class=\"hr-inner-style\"><\/span><\/span><\/div><br \/>\n\n<style type=\"text\/css\" data-created_by=\"avia_inline_auto\" id=\"style-css-av-16spzkg-21fd4bac0c39c9b6a1f33e74e6df8f9c\">\n.avia-image-container.av-16spzkg-21fd4bac0c39c9b6a1f33e74e6df8f9c img.avia_image{\nbox-shadow:none;\n}\n.avia-image-container.av-16spzkg-21fd4bac0c39c9b6a1f33e74e6df8f9c .av-image-caption-overlay-center{\ncolor:#ffffff;\n}\n<\/style>\n<div  class='avia-image-container av-16spzkg-21fd4bac0c39c9b6a1f33e74e6df8f9c av-styling- avia-align-center  avia-builder-el-2  el_after_av_hr  avia-builder-el-last '   itemprop=\"image\" itemscope=\"itemscope\" itemtype=\"https:\/\/schema.org\/ImageObject\" ><div class=\"avia-image-container-inner\"><div class=\"avia-image-overlay-wrap\"><img decoding=\"async\" fetchpriority=\"high\" class='wp-image-2413 avia-img-lazy-loading-not-2413 avia_image ' src=\"https:\/\/thaibalancemassage.at\/wp-content\/uploads\/2020\/11\/kurz-und-schmerzlos-2020.jpg\" alt='Kurz und Schmerz los Massage' title='kurz-und-schmerzlos-2020'  height=\"934\" width=\"1400\"  itemprop=\"thumbnailUrl\" srcset=\"https:\/\/thaibalancemassage.at\/wp-content\/uploads\/2020\/11\/kurz-und-schmerzlos-2020.jpg 1400w, https:\/\/thaibalancemassage.at\/wp-content\/uploads\/2020\/11\/kurz-und-schmerzlos-2020-300x200.jpg 300w, https:\/\/thaibalancemassage.at\/wp-content\/uploads\/2020\/11\/kurz-und-schmerzlos-2020-1030x687.jpg 1030w, https:\/\/thaibalancemassage.at\/wp-content\/uploads\/2020\/11\/kurz-und-schmerzlos-2020-768x512.jpg 768w, https:\/\/thaibalancemassage.at\/wp-content\/uploads\/2020\/11\/kurz-und-schmerzlos-2020-705x470.jpg 705w\" sizes=\"(max-width: 1400px) 100vw, 1400px\" \/><\/div><\/div><\/div><\/p><\/div>\n\n<style type=\"text\/css\" data-created_by=\"avia_inline_auto\" id=\"style-css-av-13zgsps-cc62aa6592197ae3486719648ab62313\">\n.flex_column.av-13zgsps-cc62aa6592197ae3486719648ab62313{\nborder-radius:0px 0px 0px 0px;\npadding:0px 0px 0px 0px;\n}\n<\/style>\n<div  class='flex_column av-13zgsps-cc62aa6592197ae3486719648ab62313 av_one_half  avia-builder-el-3  el_after_av_one_half  el_before_av_hr  flex_column_div av-zero-column-padding  '     ><section  class='av_textblock_section av-12jrxz4-3cae28258695d3470bd34ab465986649 '   itemscope=\"itemscope\" itemtype=\"https:\/\/schema.org\/CreativeWork\" ><div class='avia_textblock'  itemprop=\"text\" ><h1>Kurz &#038; Schmerz los<\/h1>\n<h3>R\u00fcckenmassage<\/h3>\n<p><strong>Teilk\u00f6rpermassage mit therapeutischem Schwerpunkt f\u00fcr Verspannungen im Nacken und oberen R\u00fccken. Optimiertes halbst\u00fcndiges Programm f\u00fcr alle die es vor oder nach der Arbeit eilig haben.<\/strong><\/p>\n<p><span style=\"font-weight: 400;\">M\u00f6gliche Ursachen f\u00fcr Beschwerden in den Bereichen Nacken und oberer R\u00fccken sind zum Beispiel langes Sitzen z. B. im B\u00fcro, eine suboptimale K\u00f6rperhaltung, Stress oder emotional belastende Situationen, \u00dcberlastungen durch berufliche oder sportliche T\u00e4tigkeiten, monotone Bewegungsabl\u00e4ufe etc.. <\/span><\/p>\n<p><span style=\"font-weight: 400;\">Unsere Behandlung richtet sich nach Ihren Bed\u00fcrfnissen und wird vor Beginn der Behandlung mit Ihnen besprochen. Bei \u201cKurz und Schmerz los\u201d gehen wir wie folgt vor:<\/span><\/p>\n<ul>\n<li style=\"font-weight: 400;\"><span style=\"font-weight: 400;\">Massage des Nackens und des oberen R\u00fcckens<\/span><\/li>\n<li style=\"font-weight: 400;\"><span style=\"font-weight: 400;\">Die Anwendung verschiedener Techniken, von festem, punktuellen Druck bis hin \u00a0zu sanften Streichungen k\u00f6nnen die Verspannungen l\u00f6sen.<\/span><\/li>\n<\/ul>\n<p><span style=\"font-weight: 400;\">Vor der Massage machen Sie Ihren Oberk\u00f6rper frei. K\u00f6rperpartien, die nicht massiert werden, decken wir mit frischen T\u00fcchern ab.\u00a0. <\/span><\/p>\n<p><span style=\"font-weight: 400;\">Dauer: 30 Minuten<\/span><\/p>\n<p><span style=\"font-weight: 400;\">Charakter: kraftvoll-dynamische oder sanft-entspannende Teilk\u00f6rpermassage <\/span><\/p>\n<\/div><\/section><\/div>\n<div  class='hr av-11aha9s-082f05cfbe89eeb5c69ca1ad8b3a5ff5 hr-default  avia-builder-el-5  el_after_av_one_half  el_before_av_textblock '><span class='hr-inner '><span class=\"hr-inner-style\"><\/span><\/span><\/div>\n<section  class='av_textblock_section av-zdksfk-c93744c3e008bf0acd124cffd61b6291 '   itemscope=\"itemscope\" itemtype=\"https:\/\/schema.org\/CreativeWork\" ><div class='avia_textblock'  itemprop=\"text\" ><h2 style=\"text-align: center;\">Weitere Therapie Massagen<\/h2>\n<\/div><\/section>\n<\/div><\/div><\/div><!-- close content main div --><\/div><\/div><div id='av-layout-grid-1'  class='av-layout-grid-container av-y4rhq8-4c7e6f06ecc3047bb494c98a6312ebe2 entry-content-wrapper main_color av-flex-cells  avia-builder-el-7  el_after_av_textblock  el_before_av_hr  grid-row-not-first  container_wrap fullsize'  >\n<div class='flex_cell av-w8gn7k-2051e6e13d7b690be9074067d2c3d661 av-gridrow-cell av_one_fourth no_margin  avia-builder-el-8  el_before_av_cell_one_fourth  avia-builder-el-first '  ><div class='flex_cell_inner'>\n<style type=\"text\/css\" data-created_by=\"avia_inline_auto\" id=\"style-css-av-u0yf34-a62ee0c9156496cbbfe415152e78b4db\">\n.flex_column.av-u0yf34-a62ee0c9156496cbbfe415152e78b4db{\nborder-radius:0px 0px 0px 0px;\npadding:0px 0px 0px 0px;\n}\n<\/style>\n<div  class='flex_column av-u0yf34-a62ee0c9156496cbbfe415152e78b4db av_one_full  avia-builder-el-9  avia-builder-el-no-sibling  first flex_column_div av-zero-column-padding  '     ><p>\n<style type=\"text\/css\" data-created_by=\"avia_inline_auto\" id=\"style-css-av-styhs0-59b29a92415d9ec48575218b618d4f71\">\n.avia-image-container.av-styhs0-59b29a92415d9ec48575218b618d4f71 img.avia_image{\nbox-shadow:none;\n}\n.avia-image-container.av-styhs0-59b29a92415d9ec48575218b618d4f71 .av-image-caption-overlay-center{\ncolor:#ffffff;\n}\n<\/style>\n<div  class='avia-image-container av-styhs0-59b29a92415d9ec48575218b618d4f71 av-styling- av-img-linked avia-align-center  avia-builder-el-10  el_before_av_textblock  avia-builder-el-first '   itemprop=\"image\" itemscope=\"itemscope\" itemtype=\"https:\/\/schema.org\/ImageObject\" ><div class=\"avia-image-container-inner\"><div class=\"avia-image-overlay-wrap\"><a href=\"https:\/\/thaibalancemassage.at\/de\/massagen\/kopfweh-ade\/\" class='avia_image '  aria-label='06-kopfweh-ade'><img decoding=\"async\" fetchpriority=\"high\" class='wp-image-1182 avia-img-lazy-loading-not-1182 avia_image ' src=\"https:\/\/thaibalancemassage.at\/wp-content\/uploads\/2015\/07\/06-kopfweh-ade.jpg\" alt='' title='06-kopfweh-ade'  height=\"934\" width=\"1400\"  itemprop=\"thumbnailUrl\" srcset=\"https:\/\/thaibalancemassage.at\/wp-content\/uploads\/2015\/07\/06-kopfweh-ade.jpg 1400w, https:\/\/thaibalancemassage.at\/wp-content\/uploads\/2015\/07\/06-kopfweh-ade-300x200.jpg 300w, https:\/\/thaibalancemassage.at\/wp-content\/uploads\/2015\/07\/06-kopfweh-ade-1030x687.jpg 1030w, https:\/\/thaibalancemassage.at\/wp-content\/uploads\/2015\/07\/06-kopfweh-ade-768x512.jpg 768w, https:\/\/thaibalancemassage.at\/wp-content\/uploads\/2015\/07\/06-kopfweh-ade-705x470.jpg 705w\" sizes=\"(max-width: 1400px) 100vw, 1400px\" \/><\/a><\/div><\/div><\/div><br \/>\n<section  class='av_textblock_section av-r9v8vk-dcc8b5f19c4e618181e6a34845d4ed28 '   itemscope=\"itemscope\" itemtype=\"https:\/\/schema.org\/CreativeWork\" ><div class='avia_textblock'  itemprop=\"text\" ><h3 style=\"text-align: center;\">Kopfweh Ad\u00e9<\/h3>\n<p style=\"text-align: center;\">Massage bei Kopfweh<\/p>\n<\/div><\/section><\/p><\/div>\n<\/div><\/div><div class='flex_cell av-q9ub28-89f82e6576fd1c144d9cbf5109887d96 av-gridrow-cell av_one_fourth no_margin  avia-builder-el-12  el_after_av_cell_one_fourth  el_before_av_cell_one_fourth '  ><div class='flex_cell_inner'>\n<style type=\"text\/css\" data-created_by=\"avia_inline_auto\" id=\"style-css-av-ohc7ds-e9f422b4b954583fdd82a6ffb4da57ec\">\n.flex_column.av-ohc7ds-e9f422b4b954583fdd82a6ffb4da57ec{\nborder-radius:0px 0px 0px 0px;\npadding:0px 0px 0px 0px;\n}\n<\/style>\n<div  class='flex_column av-ohc7ds-e9f422b4b954583fdd82a6ffb4da57ec av_one_full  avia-builder-el-13  avia-builder-el-no-sibling  first flex_column_div av-zero-column-padding  '     ><p>\n<style type=\"text\/css\" data-created_by=\"avia_inline_auto\" id=\"style-css-av-m7d8tc-9211b771d6e779b60dc72e2984af2c69\">\n.avia-image-container.av-m7d8tc-9211b771d6e779b60dc72e2984af2c69 img.avia_image{\nbox-shadow:none;\n}\n.avia-image-container.av-m7d8tc-9211b771d6e779b60dc72e2984af2c69 .av-image-caption-overlay-center{\ncolor:#ffffff;\n}\n<\/style>\n<div  class='avia-image-container av-m7d8tc-9211b771d6e779b60dc72e2984af2c69 av-styling- av-img-linked avia-align-center  avia-builder-el-14  el_before_av_textblock  avia-builder-el-first '   itemprop=\"image\" itemscope=\"itemscope\" itemtype=\"https:\/\/schema.org\/ImageObject\" ><div class=\"avia-image-container-inner\"><div class=\"avia-image-overlay-wrap\"><a href=\"https:\/\/thaibalancemassage.at\/de\/massagen\/agiler-nacken\/\" class='avia_image '  aria-label='07-agiler-nacken'><img decoding=\"async\" fetchpriority=\"high\" class='wp-image-1181 avia-img-lazy-loading-not-1181 avia_image ' src=\"https:\/\/thaibalancemassage.at\/wp-content\/uploads\/2015\/07\/07-agiler-nacken.jpg\" alt='' title='07-agiler-nacken'  height=\"934\" width=\"1400\"  itemprop=\"thumbnailUrl\" srcset=\"https:\/\/thaibalancemassage.at\/wp-content\/uploads\/2015\/07\/07-agiler-nacken.jpg 1400w, https:\/\/thaibalancemassage.at\/wp-content\/uploads\/2015\/07\/07-agiler-nacken-300x200.jpg 300w, https:\/\/thaibalancemassage.at\/wp-content\/uploads\/2015\/07\/07-agiler-nacken-1030x687.jpg 1030w, https:\/\/thaibalancemassage.at\/wp-content\/uploads\/2015\/07\/07-agiler-nacken-768x512.jpg 768w, https:\/\/thaibalancemassage.at\/wp-content\/uploads\/2015\/07\/07-agiler-nacken-705x470.jpg 705w\" sizes=\"(max-width: 1400px) 100vw, 1400px\" \/><\/a><\/div><\/div><\/div><br \/>\n<section  class='av_textblock_section av-l4wuuo-920d205bcc17872533204b0891bac48e '   itemscope=\"itemscope\" itemtype=\"https:\/\/schema.org\/CreativeWork\" ><div class='avia_textblock'  itemprop=\"text\" ><h3 style=\"text-align: center;\">Agiler Nacken<\/h3>\n<p style=\"text-align: center;\">Massage bei Nackenverspannungen<\/p>\n<\/div><\/section><\/p><\/div>\n<\/div><\/div>\n<style type=\"text\/css\" data-created_by=\"avia_inline_auto\" id=\"style-css-av-iu3w1c-a8a7497c41d7ca94800c07ecbf570aee\">\n.flex_cell.av-iu3w1c-a8a7497c41d7ca94800c07ecbf570aee{\nvertical-align:top;\n}\n.responsive #top #wrap_all .flex_cell.av-iu3w1c-a8a7497c41d7ca94800c07ecbf570aee{\npadding:30px 30px 30px 30px !important;\n}\n<\/style>\n<div class='flex_cell av-iu3w1c-a8a7497c41d7ca94800c07ecbf570aee av-gridrow-cell av_one_fourth no_margin  avia-builder-el-16  el_after_av_cell_one_fourth  el_before_av_cell_one_fourth  content-align-top'  ><div class='flex_cell_inner'>\n<style type=\"text\/css\" data-created_by=\"avia_inline_auto\" id=\"style-css-av-hca38g-2b996e1419a26506cdbf54819673bc5f\">\n.flex_column.av-hca38g-2b996e1419a26506cdbf54819673bc5f{\nborder-radius:0px 0px 0px 0px;\npadding:0px 0px 0px 0px;\n}\n<\/style>\n<div  class='flex_column av-hca38g-2b996e1419a26506cdbf54819673bc5f av_one_full  avia-builder-el-17  avia-builder-el-no-sibling  first flex_column_div av-zero-column-padding  '     ><p>\n<style type=\"text\/css\" data-created_by=\"avia_inline_auto\" id=\"style-css-av-g9x4q8-a7fa7e2d1adaf33070a90aa34ff059f6\">\n.avia-image-container.av-g9x4q8-a7fa7e2d1adaf33070a90aa34ff059f6 img.avia_image{\nbox-shadow:none;\n}\n.avia-image-container.av-g9x4q8-a7fa7e2d1adaf33070a90aa34ff059f6 .av-image-caption-overlay-center{\ncolor:#ffffff;\n}\n<\/style>\n<div  class='avia-image-container av-g9x4q8-a7fa7e2d1adaf33070a90aa34ff059f6 av-styling- av-img-linked avia-align-center  avia-builder-el-18  el_before_av_textblock  avia-builder-el-first '   itemprop=\"image\" itemscope=\"itemscope\" itemtype=\"https:\/\/schema.org\/ImageObject\" ><div class=\"avia-image-container-inner\"><div class=\"avia-image-overlay-wrap\"><a href=\"https:\/\/thaibalancemassage.at\/de\/massagen\/mobile-schultern\/\" class='avia_image '  aria-label='08-mobile-schultern'><img decoding=\"async\" fetchpriority=\"high\" class='wp-image-1180 avia-img-lazy-loading-not-1180 avia_image ' src=\"https:\/\/thaibalancemassage.at\/wp-content\/uploads\/2015\/07\/08-mobile-schultern.jpg\" alt='' title='08-mobile-schultern'  height=\"934\" width=\"1400\"  itemprop=\"thumbnailUrl\" srcset=\"https:\/\/thaibalancemassage.at\/wp-content\/uploads\/2015\/07\/08-mobile-schultern.jpg 1400w, https:\/\/thaibalancemassage.at\/wp-content\/uploads\/2015\/07\/08-mobile-schultern-300x200.jpg 300w, https:\/\/thaibalancemassage.at\/wp-content\/uploads\/2015\/07\/08-mobile-schultern-768x512.jpg 768w, https:\/\/thaibalancemassage.at\/wp-content\/uploads\/2015\/07\/08-mobile-schultern-1030x687.jpg 1030w, https:\/\/thaibalancemassage.at\/wp-content\/uploads\/2015\/07\/08-mobile-schultern-705x470.jpg 705w, https:\/\/thaibalancemassage.at\/wp-content\/uploads\/2015\/07\/08-mobile-schultern-450x300.jpg 450w\" sizes=\"(max-width: 1400px) 100vw, 1400px\" \/><\/a><\/div><\/div><\/div><br \/>\n<section  class='av_textblock_section av-earm80-dff291e895a087d7c26ab6a77a03427a '   itemscope=\"itemscope\" itemtype=\"https:\/\/schema.org\/CreativeWork\" ><div class='avia_textblock'  itemprop=\"text\" ><h3 style=\"text-align: center;\">Mobile Schultern<\/h3>\n<p style=\"text-align: center;\">Massage bei verspannten Schultern<\/p>\n<\/div><\/section><\/p><\/div>\n<\/div><\/div>\n<style type=\"text\/css\" data-created_by=\"avia_inline_auto\" id=\"style-css-av-ctdgow-bb58f328340921bb52032dfb478b2cb6\">\n.flex_cell.av-ctdgow-bb58f328340921bb52032dfb478b2cb6{\nvertical-align:top;\n}\n.responsive #top #wrap_all .flex_cell.av-ctdgow-bb58f328340921bb52032dfb478b2cb6{\npadding:30px 30px 30px 30px !important;\n}\n<\/style>\n<div class='flex_cell av-ctdgow-bb58f328340921bb52032dfb478b2cb6 av-gridrow-cell av_one_fourth no_margin  avia-builder-el-20  el_after_av_cell_one_fourth  avia-builder-el-last  content-align-top'  ><div class='flex_cell_inner'>\n<style type=\"text\/css\" data-created_by=\"avia_inline_auto\" id=\"style-css-av-a9ys6o-1a0252674bc6fadb3b02c96f99928a67\">\n.flex_column.av-a9ys6o-1a0252674bc6fadb3b02c96f99928a67{\nborder-radius:0px 0px 0px 0px;\npadding:0px 0px 0px 0px;\n}\n<\/style>\n<div  class='flex_column av-a9ys6o-1a0252674bc6fadb3b02c96f99928a67 av_one_full  avia-builder-el-21  avia-builder-el-no-sibling  first flex_column_div av-zero-column-padding  '     ><p>\n<style type=\"text\/css\" data-created_by=\"avia_inline_auto\" id=\"style-css-av-936sdc-300aefa553d11b9a00c3fb6a380fd941\">\n.avia-image-container.av-936sdc-300aefa553d11b9a00c3fb6a380fd941 img.avia_image{\nbox-shadow:none;\n}\n.avia-image-container.av-936sdc-300aefa553d11b9a00c3fb6a380fd941 .av-image-caption-overlay-center{\ncolor:#ffffff;\n}\n<\/style>\n<div  class='avia-image-container av-936sdc-300aefa553d11b9a00c3fb6a380fd941 av-styling- av-img-linked avia-align-center  avia-builder-el-22  el_before_av_textblock  avia-builder-el-first '   itemprop=\"image\" itemscope=\"itemscope\" itemtype=\"https:\/\/schema.org\/ImageObject\" ><div class=\"avia-image-container-inner\"><div class=\"avia-image-overlay-wrap\"><a href=\"https:\/\/thaibalancemassage.at\/de\/massagen\/gesunder-ruecken\/\" class='avia_image '  aria-label='09-gesunder-ruecken'><img decoding=\"async\" fetchpriority=\"high\" class='wp-image-1179 avia-img-lazy-loading-not-1179 avia_image ' src=\"https:\/\/thaibalancemassage.at\/wp-content\/uploads\/2015\/07\/09-gesunder-ruecken.jpg\" alt='' title='09-gesunder-ruecken'  height=\"934\" width=\"1400\"  itemprop=\"thumbnailUrl\" srcset=\"https:\/\/thaibalancemassage.at\/wp-content\/uploads\/2015\/07\/09-gesunder-ruecken.jpg 1400w, https:\/\/thaibalancemassage.at\/wp-content\/uploads\/2015\/07\/09-gesunder-ruecken-300x200.jpg 300w, https:\/\/thaibalancemassage.at\/wp-content\/uploads\/2015\/07\/09-gesunder-ruecken-768x512.jpg 768w, https:\/\/thaibalancemassage.at\/wp-content\/uploads\/2015\/07\/09-gesunder-ruecken-1030x687.jpg 1030w, https:\/\/thaibalancemassage.at\/wp-content\/uploads\/2015\/07\/09-gesunder-ruecken-705x470.jpg 705w, https:\/\/thaibalancemassage.at\/wp-content\/uploads\/2015\/07\/09-gesunder-ruecken-450x300.jpg 450w\" sizes=\"(max-width: 1400px) 100vw, 1400px\" \/><\/a><\/div><\/div><\/div><br \/>\n<section  class='av_textblock_section av-7fiieo-23e8f7929384a82aa3fe1640906ba98d '   itemscope=\"itemscope\" itemtype=\"https:\/\/schema.org\/CreativeWork\" ><div class='avia_textblock'  itemprop=\"text\" ><h3 style=\"text-align: center;\">Gesunder R\u00fccken<\/h3>\n<p style=\"text-align: center;\">Massage bei R\u00fcckenbeschwerden<\/p>\n<\/div><\/section><\/p><\/div>\n<\/div><\/div>\n<\/div><div id='after_grid_row_1'  class='main_color av_default_container_wrap container_wrap fullsize'  ><div class='container av-section-cont-open' ><div class='template-page content  av-content-full alpha units'><div class='post-entry post-entry-type-page post-entry-1136'><div class='entry-content-wrapper clearfix'>\n<div  class='hr av-5buquo-cc623f840232aa7195200a6a13ea7150 hr-default  avia-builder-el-24  el_after_av_layout_row  el_before_av_textblock  avia-builder-el-first '><span class='hr-inner '><span class=\"hr-inner-style\"><\/span><\/span><\/div>\n<section  class='av_textblock_section av-3txilc-9e9b284d5b5f64a4c4ec2c64edbcb619 '   itemscope=\"itemscope\" itemtype=\"https:\/\/schema.org\/CreativeWork\" ><div class='avia_textblock'  itemprop=\"text\" ><p style=\"text-align: center;\"><a href=\"https:\/\/thaibalancemassage.at\/de\/massagen\/\">Zur \u00dcbersicht alle Massagen<\/a><\/p>\n<\/div><\/section>\n<div  class='avia-button-wrap avia-button-center  avia-builder-el-26  el_after_av_textblock  avia-builder-el-last '>\n<style type=\"text\/css\" data-created_by=\"avia_inline_auto\" id=\"style-css-av-20tzb4-0514c8ff2388cb1e18f06e5d9d0d64f1\">\n#top #wrap_all .avia-button.av-20tzb4-0514c8ff2388cb1e18f06e5d9d0d64f1{\ncolor:#ffffff;\ntransition:all 0.4s ease-in-out;\n}\n#top #wrap_all .avia-button.av-20tzb4-0514c8ff2388cb1e18f06e5d9d0d64f1:hover{\ncolor:#ffffff;\ntransition:all 0.4s ease-in-out;\n}\n#top #wrap_all .avia-button.av-20tzb4-0514c8ff2388cb1e18f06e5d9d0d64f1 .avia-svg-icon svg:first-child{\nfill:#ffffff;\nstroke:#ffffff;\n}\n#top #wrap_all .avia-button.av-20tzb4-0514c8ff2388cb1e18f06e5d9d0d64f1:hover .avia-svg-icon svg:first-child{\nfill:#ffffff;\nstroke:#ffffff;\n}\n<\/style>\n<a href='https:\/\/thaibalancemassage.at\/de\/massage-buchen\/' class='avia-color-theme-color avia-button avia-button-fullwidth av-20tzb4-0514c8ff2388cb1e18f06e5d9d0d64f1 avia-icon_select-no avia-color-theme-color'   aria-label=\"Massage reservieren\"><span class='avia_iconbox_title' >Massage reservieren<\/span><span class='avia_button_background avia-button avia-button-fullwidth avia-color-theme-color'><\/span><\/a><\/div>\n","protected":false},"excerpt":{"rendered":"","protected":false},"author":1,"featured_media":0,"parent":940,"menu_order":45,"comment_status":"closed","ping_status":"closed","template":"","meta":{"footnotes":""},"class_list":["post-1136","page","type-page","status-publish","hentry"],"_links":{"self":[{"href":"https:\/\/thaibalancemassage.at\/de\/wp-json\/wp\/v2\/pages\/1136","targetHints":{"allow":["GET"]}}],"collection":[{"href":"https:\/\/thaibalancemassage.at\/de\/wp-json\/wp\/v2\/pages"}],"about":[{"href":"https:\/\/thaibalancemassage.at\/de\/wp-json\/wp\/v2\/types\/page"}],"author":[{"embeddable":true,"href":"https:\/\/thaibalancemassage.at\/de\/wp-json\/wp\/v2\/users\/1"}],"replies":[{"embeddable":true,"href":"https:\/\/thaibalancemassage.at\/de\/wp-json\/wp\/v2\/comments?post=1136"}],"version-history":[{"count":13,"href":"https:\/\/thaibalancemassage.at\/de\/wp-json\/wp\/v2\/pages\/1136\/revisions"}],"predecessor-version":[{"id":3645,"href":"https:\/\/thaibalancemassage.at\/de\/wp-json\/wp\/v2\/pages\/1136\/revisions\/3645"}],"up":[{"embeddable":true,"href":"https:\/\/thaibalancemassage.at\/de\/wp-json\/wp\/v2\/pages\/940"}],"wp:attachment":[{"href":"https:\/\/thaibalancemassage.at\/de\/wp-json\/wp\/v2\/media?parent=1136"}],"curies":[{"name":"wp","href":"https:\/\/api.w.org\/{rel}","templated":true}]}}