{"id":1132,"date":"2017-07-25T05:40:16","date_gmt":"2017-07-25T05:40:16","guid":{"rendered":"https:\/\/thaibalancemassage.at\/?page_id=1132"},"modified":"2023-02-25T11:50:40","modified_gmt":"2023-02-25T10:50:40","slug":"thai-relax","status":"publish","type":"page","link":"https:\/\/thaibalancemassage.at\/de\/massagen\/thai-relax\/","title":{"rendered":"Thai relax"},"content":{"rendered":"\n<style type=\"text\/css\" data-created_by=\"avia_inline_auto\" id=\"style-css-av-1g067r0-e3032ebf931a446455709f795c567d3f\">\n.flex_column.av-1g067r0-e3032ebf931a446455709f795c567d3f{\nborder-radius:0px 0px 0px 0px;\npadding:0px 0px 0px 0px;\n}\n<\/style>\n<div  class='flex_column av-1g067r0-e3032ebf931a446455709f795c567d3f av_one_half  avia-builder-el-0  el_before_av_one_half  avia-builder-el-first  first flex_column_div av-zero-column-padding  '     ><p><div  class='hr av-1esc2h8-5989bf4ed5f253d5955d7d77b27559f1 hr-default  avia-builder-el-1  el_before_av_image  avia-builder-el-first '><span class='hr-inner '><span class=\"hr-inner-style\"><\/span><\/span><\/div><br \/>\n\n<style type=\"text\/css\" data-created_by=\"avia_inline_auto\" id=\"style-css-av-1ce0n70-562875260a7c1af2d7e2099360b6bb3e\">\n.avia-image-container.av-1ce0n70-562875260a7c1af2d7e2099360b6bb3e img.avia_image{\nbox-shadow:none;\n}\n.avia-image-container.av-1ce0n70-562875260a7c1af2d7e2099360b6bb3e .av-image-caption-overlay-center{\ncolor:#ffffff;\n}\n<\/style>\n<div  class='avia-image-container av-1ce0n70-562875260a7c1af2d7e2099360b6bb3e av-styling- avia-align-center  avia-builder-el-2  el_after_av_hr  avia-builder-el-last '   itemprop=\"image\" itemscope=\"itemscope\" itemtype=\"https:\/\/schema.org\/ImageObject\" ><div class=\"avia-image-container-inner\"><div class=\"avia-image-overlay-wrap\"><img decoding=\"async\" fetchpriority=\"high\" class='wp-image-2391 avia-img-lazy-loading-not-2391 avia_image ' src=\"https:\/\/thaibalancemassage.at\/wp-content\/uploads\/2020\/11\/thai-relax-2020.jpg\" alt='\u00d6lmassage Thai relax' title='thai-relax-2020'  height=\"934\" width=\"1400\"  itemprop=\"thumbnailUrl\" srcset=\"https:\/\/thaibalancemassage.at\/wp-content\/uploads\/2020\/11\/thai-relax-2020.jpg 1400w, https:\/\/thaibalancemassage.at\/wp-content\/uploads\/2020\/11\/thai-relax-2020-300x200.jpg 300w, https:\/\/thaibalancemassage.at\/wp-content\/uploads\/2020\/11\/thai-relax-2020-1030x687.jpg 1030w, https:\/\/thaibalancemassage.at\/wp-content\/uploads\/2020\/11\/thai-relax-2020-768x512.jpg 768w, https:\/\/thaibalancemassage.at\/wp-content\/uploads\/2020\/11\/thai-relax-2020-705x470.jpg 705w\" sizes=\"(max-width: 1400px) 100vw, 1400px\" \/><\/div><\/div><\/div><\/p><\/div>\n\n<style type=\"text\/css\" data-created_by=\"avia_inline_auto\" id=\"style-css-av-1ao6kb0-f2509a1e20bbd45767e2cef86facdc47\">\n.flex_column.av-1ao6kb0-f2509a1e20bbd45767e2cef86facdc47{\nborder-radius:0px 0px 0px 0px;\npadding:0px 0px 0px 0px;\n}\n<\/style>\n<div  class='flex_column av-1ao6kb0-f2509a1e20bbd45767e2cef86facdc47 av_one_half  avia-builder-el-3  el_after_av_one_half  el_before_av_hr  flex_column_div av-zero-column-padding  '     ><section  class='av_textblock_section av-19pjcm4-a1bcceaaf74879ed9c992610d4922498 '   itemscope=\"itemscope\" itemtype=\"https:\/\/schema.org\/CreativeWork\" ><div class='avia_textblock'  itemprop=\"text\" ><h1>Thai relax<\/h1>\n<h3>\u00d6lmassage<\/h3>\n<p><strong>Traditionelle Ganzk\u00f6rpermassage zum Wohlf\u00fchlen oder mit therapeutischem Schwerpunkt.\u00a0 \u00d6lmassage baut Stress ab, harmonisiert und vitalisiert den K\u00f6rper, aktiviert den Stoffwechsel und st\u00e4rkt die Selbstheilungskr\u00e4fte sowie das Immunsystem. <\/strong><\/p>\n<p><span style=\"font-weight: 400;\">Grunds\u00e4tzlich ist die \u00d6lmassage sanfter als die klassische Thai Massage. Sie hilft dem Alltag auf sanfte Art f\u00fcr eine Weile zu entfliehen.<\/span><span style=\"font-weight: 400;\"><br \/>\n<\/span><span style=\"font-weight: 400;\"><br \/>\n<\/span><span style=\"font-weight: 400;\">Durch die Verwendung von Massage\u00f6len wird die Behandlung geschmeidiger und im Vergleich zur klassischen Thai Massage werden zus\u00e4tzliche Massagegriffe erm\u00f6glicht. <\/span><span style=\"font-weight: 400;\"><br \/>\n<\/span><span style=\"font-weight: 400;\">Haut, Muskeln und Sehnen werden auf sanfte Art erw\u00e4rmt, gelockert und entspannt. Gleichzeitig wird die Blutzirkulation verbessert und das Nervensystem gest\u00e4rkt.<\/span><\/p>\n<p><span style=\"font-weight: 400;\">Wirkungen:<\/span><\/p>\n<ul>\n<li style=\"font-weight: 400;\"><span style=\"font-weight: 400;\">Lokale Steigerung der Durchblutung<\/span><\/li>\n<li style=\"font-weight: 400;\"><span style=\"font-weight: 400;\">Senkung von Blutdruck und Pulsfrequenz<\/span><\/li>\n<li style=\"font-weight: 400;\"><span style=\"font-weight: 400;\">Entspannung der Muskulatur<\/span><\/li>\n<li style=\"font-weight: 400;\"><span style=\"font-weight: 400;\">Verbesserte Wundheilung<\/span><\/li>\n<li style=\"font-weight: 400;\"><span style=\"font-weight: 400;\">Schmerzlinderung<\/span><\/li>\n<li style=\"font-weight: 400;\"><span style=\"font-weight: 400;\">Psychische Entspannung, Reduktion von Stress<\/span><\/li>\n<li style=\"font-weight: 400;\">Steigerung des k\u00f6rperlichen Wohlbefindens durch achtsame Ber\u00fchrungen<\/li>\n<\/ul>\n<p><span style=\"font-weight: 400;\">Dadurch kann eine Linderung unter anderem folgender k\u00f6rperlicher Leiden erreicht werden:<\/span><\/p>\n<ul>\n<li style=\"font-weight: 400;\"><span style=\"font-weight: 400;\">R\u00fcckenschmerzen<\/span><\/li>\n<li style=\"font-weight: 400;\"><span style=\"font-weight: 400;\">Nacken-und Schulterschmerzen<\/span><\/li>\n<li style=\"font-weight: 400;\"><span style=\"font-weight: 400;\">Muskel-und Gelenkprobleme<\/span><\/li>\n<li style=\"font-weight: 400;\"><span style=\"font-weight: 400;\">Migr\u00e4ne<\/span><\/li>\n<li style=\"font-weight: 400;\"><span style=\"font-weight: 400;\">rheumatische Beschwerden<\/span><\/li>\n<li style=\"font-weight: 400;\"><span style=\"font-weight: 400;\">L\u00f6sung von Verspannungen<\/span><\/li>\n<\/ul>\n<p><span style=\"font-weight: 400;\">Vor der \u00d6l-Massage legen Sie Ihre Kleidung ab, behalten jedoch Ihre Unterw\u00e4sche an. K\u00f6rperpartien, die nicht massiert werden, decken wir mit frischen T\u00fcchern ab. Nach der Behandlung k\u00f6nnen Sie sich duschen.<\/span><\/p>\n<p><span style=\"font-weight: 400;\">Vor Beginn der Massage besprechen wir mit Ihnen Ihre W\u00fcnsche und die Vertr\u00e4glichkeit des Massage\u00f6ls.<\/span><\/p>\n<p><span style=\"font-weight: 400;\">Unsere \u00d6lmassage ist eine Ganzk\u00f6rpermassage und in folgenden Varianten verf\u00fcgbar:<\/span><\/p>\n<ul>\n<li>Ganzk\u00f6rpermassage zum Wohlf\u00fchlen und Entspannen<\/li>\n<li>\u201c<a href=\"https:\/\/thaibalancemassage.at\/massagen\/kopfweh-ade\/\">Kopfweh Ad\u00e9<\/a>\u201d als Ganzk\u00f6rpermassage mit Schwerpunkt auf Kopf und Nacken bei Kopfweh<\/li>\n<li>\u201c<a href=\"https:\/\/thaibalancemassage.at\/massagen\/agiler-nacken\/\">Agiler Nacken<\/a>\u201d als Ganzk\u00f6rpermassage mit Schwerpunkt auf Nackenverspannungen<\/li>\n<li>\u201c<a href=\"https:\/\/thaibalancemassage.at\/massagen\/mobile-schultern\/\">Mobile Schultern<\/a>\u201d als Ganzk\u00f6rpermassage mit Schwerpunkt auf verspannte Schultern<\/li>\n<li>\u201c<a href=\"https:\/\/thaibalancemassage.at\/massagen\/gesunder-ruecken\/\">Gesunder R\u00fccken<\/a>\u201d als Ganzk\u00f6rpermassage mit Schwerpunkt auf R\u00fcckenbeschwerden<\/li>\n<li style=\"font-weight: 400;\">individuelle Behandlung<\/li>\n<\/ul>\n<p><span style=\"font-weight: 400;\">Dauer: 1 Stunde | 1,5 Stunden | 2 Stunden<\/span><\/p>\n<p><span style=\"font-weight: 400;\">Charakter: sanft-geschmeidig<\/span><\/p>\n<\/div><\/section><\/div>\n<div  class='hr av-4elopo-6f77e2f6e80f9aaaaf8f307d525b44d0 hr-default  avia-builder-el-5  el_after_av_one_half  el_before_av_textblock '><span class='hr-inner '><span class=\"hr-inner-style\"><\/span><\/span><\/div>\n<section  class='av_textblock_section av-15rt424-dd27041803165f1d4ca3deb2f750aa86 '   itemscope=\"itemscope\" itemtype=\"https:\/\/schema.org\/CreativeWork\" ><div class='avia_textblock'  itemprop=\"text\" ><h2 style=\"text-align: center;\">Weitere Wohlf\u00fchl Massagen<\/h2>\n<\/div><\/section>\n<\/div><\/div><\/div><!-- close content main div --><\/div><\/div><div id='av-layout-grid-1'  class='av-layout-grid-container av-15cacbg-973549ef2839539cb286e00e2fb226b6 entry-content-wrapper main_color av-flex-cells  avia-builder-el-7  el_after_av_textblock  el_before_av_hr  grid-row-not-first  container_wrap fullsize'  >\n\n<style type=\"text\/css\" data-created_by=\"avia_inline_auto\" id=\"style-css-av-13n6esc-c224f9503f87f7f199244c43498a9a93\">\n.flex_cell.av-13n6esc-c224f9503f87f7f199244c43498a9a93{\nvertical-align:top;\n}\n.responsive #top #wrap_all .flex_cell.av-13n6esc-c224f9503f87f7f199244c43498a9a93{\npadding:30px 30px 30px 30px !important;\n}\n<\/style>\n<div class='flex_cell av-13n6esc-c224f9503f87f7f199244c43498a9a93 av-gridrow-cell av_one_fourth no_margin  avia-builder-el-8  el_before_av_cell_one_fourth  avia-builder-el-first  content-align-top'  ><div class='flex_cell_inner'>\n<style type=\"text\/css\" data-created_by=\"avia_inline_auto\" id=\"style-css-av-114ng98-17c7f336edc7f0e04fd7a2b710736ce1\">\n.flex_column.av-114ng98-17c7f336edc7f0e04fd7a2b710736ce1{\nborder-radius:0px 0px 0px 0px;\npadding:0px 0px 0px 0px;\n}\n<\/style>\n<div  class='flex_column av-114ng98-17c7f336edc7f0e04fd7a2b710736ce1 av_one_full  avia-builder-el-9  avia-builder-el-no-sibling  first flex_column_div av-zero-column-padding  '     ><p>\n<style type=\"text\/css\" data-created_by=\"avia_inline_auto\" id=\"style-css-av-1090wlo-bd67c9584ce2f3e20b75a82afb68e8e3\">\n.avia-image-container.av-1090wlo-bd67c9584ce2f3e20b75a82afb68e8e3 img.avia_image{\nbox-shadow:none;\n}\n.avia-image-container.av-1090wlo-bd67c9584ce2f3e20b75a82afb68e8e3 .av-image-caption-overlay-center{\ncolor:#ffffff;\n}\n<\/style>\n<div  class='avia-image-container av-1090wlo-bd67c9584ce2f3e20b75a82afb68e8e3 av-styling- av-img-linked avia-align-center  avia-builder-el-10  el_before_av_textblock  avia-builder-el-first '   itemprop=\"image\" itemscope=\"itemscope\" itemtype=\"https:\/\/schema.org\/ImageObject\" ><div class=\"avia-image-container-inner\"><div class=\"avia-image-overlay-wrap\"><a href=\"https:\/\/thaibalancemassage.at\/de\/massagen\/thai-pur\/\" class='avia_image '  aria-label='01-thai-pur'><img decoding=\"async\" fetchpriority=\"high\" class='wp-image-1187 avia-img-lazy-loading-not-1187 avia_image ' src=\"https:\/\/thaibalancemassage.at\/wp-content\/uploads\/2015\/07\/01-thai-pur.jpg\" alt='Thai Massage' title='01-thai-pur'  height=\"934\" width=\"1400\"  itemprop=\"thumbnailUrl\" srcset=\"https:\/\/thaibalancemassage.at\/wp-content\/uploads\/2015\/07\/01-thai-pur.jpg 1400w, https:\/\/thaibalancemassage.at\/wp-content\/uploads\/2015\/07\/01-thai-pur-300x200.jpg 300w, https:\/\/thaibalancemassage.at\/wp-content\/uploads\/2015\/07\/01-thai-pur-768x512.jpg 768w, https:\/\/thaibalancemassage.at\/wp-content\/uploads\/2015\/07\/01-thai-pur-1030x687.jpg 1030w, https:\/\/thaibalancemassage.at\/wp-content\/uploads\/2015\/07\/01-thai-pur-705x470.jpg 705w, https:\/\/thaibalancemassage.at\/wp-content\/uploads\/2015\/07\/01-thai-pur-450x300.jpg 450w\" sizes=\"(max-width: 1400px) 100vw, 1400px\" \/><\/a><\/div><\/div><\/div><br \/>\n<section  class='av_textblock_section av-yclcbw-c2407872ea3cb2eeefb50b4008671818 '   itemscope=\"itemscope\" itemtype=\"https:\/\/schema.org\/CreativeWork\" ><div class='avia_textblock'  itemprop=\"text\" ><h3 style=\"text-align: center;\">Thai pur<\/h3>\n<p style=\"text-align: center;\">Klassische Thai Massage<\/p>\n<\/div><\/section><\/p><\/div>\n<\/div><\/div>\n<style type=\"text\/css\" data-created_by=\"avia_inline_auto\" id=\"style-css-av-wyhprw-d8d0811ae3078be075752a1f68daa5a0\">\n.flex_cell.av-wyhprw-d8d0811ae3078be075752a1f68daa5a0{\nvertical-align:top;\n}\n.responsive #top #wrap_all .flex_cell.av-wyhprw-d8d0811ae3078be075752a1f68daa5a0{\npadding:30px 30px 30px 30px !important;\n}\n<\/style>\n<div class='flex_cell av-wyhprw-d8d0811ae3078be075752a1f68daa5a0 av-gridrow-cell av_one_fourth no_margin  avia-builder-el-12  el_after_av_cell_one_fourth  el_before_av_cell_one_fourth  content-align-top'  ><div class='flex_cell_inner'>\n<style type=\"text\/css\" data-created_by=\"avia_inline_auto\" id=\"style-css-av-u07ev0-c1efc9ff4a9cb8821512faef15e065b3\">\n.flex_column.av-u07ev0-c1efc9ff4a9cb8821512faef15e065b3{\nborder-radius:0px 0px 0px 0px;\npadding:0px 0px 0px 0px;\n}\n<\/style>\n<div  class='flex_column av-u07ev0-c1efc9ff4a9cb8821512faef15e065b3 av_one_full  avia-builder-el-13  avia-builder-el-no-sibling  first flex_column_div av-zero-column-padding  '     ><p>\n<style type=\"text\/css\" data-created_by=\"avia_inline_auto\" id=\"style-css-av-tem8gs-36cdfa12f3883e10fd464308003ba472\">\n.avia-image-container.av-tem8gs-36cdfa12f3883e10fd464308003ba472 img.avia_image{\nbox-shadow:none;\n}\n.avia-image-container.av-tem8gs-36cdfa12f3883e10fd464308003ba472 .av-image-caption-overlay-center{\ncolor:#ffffff;\n}\n<\/style>\n<div  class='avia-image-container av-tem8gs-36cdfa12f3883e10fd464308003ba472 av-styling- av-img-linked avia-align-center  avia-builder-el-14  el_before_av_textblock  avia-builder-el-first '   itemprop=\"image\" itemscope=\"itemscope\" itemtype=\"https:\/\/schema.org\/ImageObject\" ><div class=\"avia-image-container-inner\"><div class=\"avia-image-overlay-wrap\"><a href=\"https:\/\/thaibalancemassage.at\/de\/massagen\/thai-relax\/\" class='avia_image '  aria-label='02-thai-relax'><img decoding=\"async\" fetchpriority=\"high\" class='wp-image-1186 avia-img-lazy-loading-not-1186 avia_image ' src=\"https:\/\/thaibalancemassage.at\/wp-content\/uploads\/2015\/07\/02-thai-relax.jpg\" alt='\u00d6lmassage' title='02-thai-relax'  height=\"934\" width=\"1400\"  itemprop=\"thumbnailUrl\" srcset=\"https:\/\/thaibalancemassage.at\/wp-content\/uploads\/2015\/07\/02-thai-relax.jpg 1400w, https:\/\/thaibalancemassage.at\/wp-content\/uploads\/2015\/07\/02-thai-relax-300x200.jpg 300w, https:\/\/thaibalancemassage.at\/wp-content\/uploads\/2015\/07\/02-thai-relax-1030x687.jpg 1030w, https:\/\/thaibalancemassage.at\/wp-content\/uploads\/2015\/07\/02-thai-relax-768x512.jpg 768w, https:\/\/thaibalancemassage.at\/wp-content\/uploads\/2015\/07\/02-thai-relax-705x470.jpg 705w\" sizes=\"(max-width: 1400px) 100vw, 1400px\" \/><\/a><\/div><\/div><\/div><br \/>\n<section  class='av_textblock_section av-rt9c1o-768d5f9abb51ef57ddd968ebefc4fd7f '   itemscope=\"itemscope\" itemtype=\"https:\/\/schema.org\/CreativeWork\" ><div class='avia_textblock'  itemprop=\"text\" ><h3 style=\"text-align: center;\">Thai relax<\/h3>\n<p style=\"text-align: center;\">Thai \u00d6lmassage<\/p>\n<\/div><\/section><\/p><\/div>\n<\/div><\/div>\n<style type=\"text\/css\" data-created_by=\"avia_inline_auto\" id=\"style-css-av-idz1jg-fb1da2b15351819ebb2b5cc66422c513\">\n.flex_cell.av-idz1jg-fb1da2b15351819ebb2b5cc66422c513{\nvertical-align:top;\n}\n.responsive #top #wrap_all .flex_cell.av-idz1jg-fb1da2b15351819ebb2b5cc66422c513{\npadding:30px 30px 30px 30px !important;\n}\n<\/style>\n<div class='flex_cell av-idz1jg-fb1da2b15351819ebb2b5cc66422c513 av-gridrow-cell av_one_fourth no_margin  avia-builder-el-16  el_after_av_cell_one_fourth  el_before_av_cell_one_fourth  content-align-top'  ><div class='flex_cell_inner'>\n<style type=\"text\/css\" data-created_by=\"avia_inline_auto\" id=\"style-css-av-gs44z0-cb16fb1427c7ad1ef24fbe8632493544\">\n.flex_column.av-gs44z0-cb16fb1427c7ad1ef24fbe8632493544{\nborder-radius:0px 0px 0px 0px;\npadding:0px 0px 0px 0px;\n}\n<\/style>\n<div  class='flex_column av-gs44z0-cb16fb1427c7ad1ef24fbe8632493544 av_one_full  avia-builder-el-17  avia-builder-el-no-sibling  first flex_column_div av-zero-column-padding  '     ><p>\n<style type=\"text\/css\" data-created_by=\"avia_inline_auto\" id=\"style-css-av-g7rjik-07056aa26d1294b1b895774ee1b3a5f8\">\n.avia-image-container.av-g7rjik-07056aa26d1294b1b895774ee1b3a5f8 img.avia_image{\nbox-shadow:none;\n}\n.avia-image-container.av-g7rjik-07056aa26d1294b1b895774ee1b3a5f8 .av-image-caption-overlay-center{\ncolor:#ffffff;\n}\n<\/style>\n<div  class='avia-image-container av-g7rjik-07056aa26d1294b1b895774ee1b3a5f8 av-styling- av-img-linked avia-align-center  avia-builder-el-18  el_before_av_textblock  avia-builder-el-first '   itemprop=\"image\" itemscope=\"itemscope\" itemtype=\"https:\/\/schema.org\/ImageObject\" ><div class=\"avia-image-container-inner\"><div class=\"avia-image-overlay-wrap\"><a href=\"https:\/\/thaibalancemassage.at\/de\/massagen\/thai-reflex\/\" class='avia_image '  aria-label='04-flinke-beine'><img decoding=\"async\" fetchpriority=\"high\" class='wp-image-1184 avia-img-lazy-loading-not-1184 avia_image ' src=\"https:\/\/thaibalancemassage.at\/wp-content\/uploads\/2015\/07\/04-flinke-beine.jpg\" alt='Fu\u00dfmassage' title='04-flinke-beine'  height=\"934\" width=\"1400\"  itemprop=\"thumbnailUrl\" srcset=\"https:\/\/thaibalancemassage.at\/wp-content\/uploads\/2015\/07\/04-flinke-beine.jpg 1400w, https:\/\/thaibalancemassage.at\/wp-content\/uploads\/2015\/07\/04-flinke-beine-300x200.jpg 300w, https:\/\/thaibalancemassage.at\/wp-content\/uploads\/2015\/07\/04-flinke-beine-1030x687.jpg 1030w, https:\/\/thaibalancemassage.at\/wp-content\/uploads\/2015\/07\/04-flinke-beine-768x512.jpg 768w, https:\/\/thaibalancemassage.at\/wp-content\/uploads\/2015\/07\/04-flinke-beine-705x470.jpg 705w\" sizes=\"(max-width: 1400px) 100vw, 1400px\" \/><\/a><\/div><\/div><\/div><br \/>\n<section  class='av_textblock_section av-eeondo-27e54aadc443b381d7f90c7a4b2632da '   itemscope=\"itemscope\" itemtype=\"https:\/\/schema.org\/CreativeWork\" ><div class='avia_textblock'  itemprop=\"text\" ><h3 style=\"text-align: center;\">Thai reflex<\/h3>\n<p style=\"text-align: center;\">Fu\u00dfmassage<\/p>\n<\/div><\/section><\/p><\/div>\n<\/div><\/div>\n<style type=\"text\/css\" data-created_by=\"avia_inline_auto\" id=\"style-css-av-ct0e0c-8883e8f477405cd01b4e69dc38b595ea\">\n.flex_cell.av-ct0e0c-8883e8f477405cd01b4e69dc38b595ea{\nvertical-align:top;\n}\n.responsive #top #wrap_all .flex_cell.av-ct0e0c-8883e8f477405cd01b4e69dc38b595ea{\npadding:30px 30px 30px 30px !important;\n}\n<\/style>\n<div class='flex_cell av-ct0e0c-8883e8f477405cd01b4e69dc38b595ea av-gridrow-cell av_one_fourth no_margin  avia-builder-el-20  el_after_av_cell_one_fourth  avia-builder-el-last  content-align-top'  ><div class='flex_cell_inner'>\n<style type=\"text\/css\" data-created_by=\"avia_inline_auto\" id=\"style-css-av-a6lwbw-e8d54a0f8ea913926b0aa9f73f2be310\">\n.flex_column.av-a6lwbw-e8d54a0f8ea913926b0aa9f73f2be310{\nborder-radius:0px 0px 0px 0px;\npadding:0px 0px 0px 0px;\n}\n<\/style>\n<div  class='flex_column av-a6lwbw-e8d54a0f8ea913926b0aa9f73f2be310 av_one_full  avia-builder-el-21  avia-builder-el-no-sibling  first flex_column_div av-zero-column-padding  '     ><p>\n<style type=\"text\/css\" data-created_by=\"avia_inline_auto\" id=\"style-css-av-8reel8-a2906eb412d01e4e494df6e015b11945\">\n.avia-image-container.av-8reel8-a2906eb412d01e4e494df6e015b11945 img.avia_image{\nbox-shadow:none;\n}\n.avia-image-container.av-8reel8-a2906eb412d01e4e494df6e015b11945 .av-image-caption-overlay-center{\ncolor:#ffffff;\n}\n<\/style>\n<div  class='avia-image-container av-8reel8-a2906eb412d01e4e494df6e015b11945 av-styling- av-img-linked avia-align-center  avia-builder-el-22  el_before_av_textblock  avia-builder-el-first '   itemprop=\"image\" itemscope=\"itemscope\" itemtype=\"https:\/\/schema.org\/ImageObject\" ><div class=\"avia-image-container-inner\"><div class=\"avia-image-overlay-wrap\"><a href=\"https:\/\/thaibalancemassage.at\/de\/massagen\/kurz-und-schmerz-los\/\" class='avia_image '  aria-label='05-kurz-und-schmerzlos'><img decoding=\"async\" fetchpriority=\"high\" class='wp-image-1183 avia-img-lazy-loading-not-1183 avia_image ' src=\"https:\/\/thaibalancemassage.at\/wp-content\/uploads\/2015\/07\/05-kurz-und-schmerzlos.jpg\" alt='' title='05-kurz-und-schmerzlos'  height=\"934\" width=\"1400\"  itemprop=\"thumbnailUrl\" srcset=\"https:\/\/thaibalancemassage.at\/wp-content\/uploads\/2015\/07\/05-kurz-und-schmerzlos.jpg 1400w, https:\/\/thaibalancemassage.at\/wp-content\/uploads\/2015\/07\/05-kurz-und-schmerzlos-300x200.jpg 300w, https:\/\/thaibalancemassage.at\/wp-content\/uploads\/2015\/07\/05-kurz-und-schmerzlos-1030x687.jpg 1030w, https:\/\/thaibalancemassage.at\/wp-content\/uploads\/2015\/07\/05-kurz-und-schmerzlos-768x512.jpg 768w, https:\/\/thaibalancemassage.at\/wp-content\/uploads\/2015\/07\/05-kurz-und-schmerzlos-705x470.jpg 705w\" sizes=\"(max-width: 1400px) 100vw, 1400px\" \/><\/a><\/div><\/div><\/div><br \/>\n<section  class='av_textblock_section av-84kfjg-ba8a82d3642c3242da5b161901405460 '   itemscope=\"itemscope\" itemtype=\"https:\/\/schema.org\/CreativeWork\" ><div class='avia_textblock'  itemprop=\"text\" ><h3 style=\"text-align: center;\">Kurz und schmerzlos<\/h3>\n<p style=\"text-align: center;\">Massage f\u00fcr Nacken und oberen R\u00fccken f\u00fcr schmerzgeplagte B\u00fcromenschen<\/p>\n<\/div><\/section><\/p><\/div>\n<\/div><\/div>\n<\/div><div id='after_grid_row_1'  class='main_color av_default_container_wrap container_wrap fullsize'  ><div class='container av-section-cont-open' ><div class='template-page content  av-content-full alpha units'><div class='post-entry post-entry-type-page post-entry-1132'><div class='entry-content-wrapper clearfix'>\n<div  class='hr av-5cptoc-20863567abf91baf273b38cee41fa396 hr-default  avia-builder-el-24  el_after_av_layout_row  el_before_av_textblock  avia-builder-el-first '><span class='hr-inner '><span class=\"hr-inner-style\"><\/span><\/span><\/div>\n<section  class='av_textblock_section av-4hqfcs-049cafadbb67d694a0dc6ccea29d032d '   itemscope=\"itemscope\" itemtype=\"https:\/\/schema.org\/CreativeWork\" ><div class='avia_textblock'  itemprop=\"text\" ><p style=\"text-align: center;\"><a href=\"https:\/\/thaibalancemassage.at\/de\/massagen\/\">Zur \u00dcbersicht alle Massagen<\/a><\/p>\n<\/div><\/section>\n<div  class='avia-button-wrap avia-button-center  avia-builder-el-26  el_after_av_textblock  avia-builder-el-last '>\n<style type=\"text\/css\" data-created_by=\"avia_inline_auto\" id=\"style-css-av-1uoscc-10a4e6ffff6f7e749def62426bd93fc8\">\n#top #wrap_all .avia-button.av-1uoscc-10a4e6ffff6f7e749def62426bd93fc8{\ncolor:#ffffff;\ntransition:all 0.4s ease-in-out;\n}\n#top #wrap_all .avia-button.av-1uoscc-10a4e6ffff6f7e749def62426bd93fc8:hover{\ncolor:#ffffff;\ntransition:all 0.4s ease-in-out;\n}\n#top #wrap_all .avia-button.av-1uoscc-10a4e6ffff6f7e749def62426bd93fc8 .avia-svg-icon svg:first-child{\nfill:#ffffff;\nstroke:#ffffff;\n}\n#top #wrap_all .avia-button.av-1uoscc-10a4e6ffff6f7e749def62426bd93fc8:hover .avia-svg-icon svg:first-child{\nfill:#ffffff;\nstroke:#ffffff;\n}\n<\/style>\n<a href='https:\/\/thaibalancemassage.at\/de\/massage-buchen\/' class='avia-color-theme-color avia-button avia-button-fullwidth av-1uoscc-10a4e6ffff6f7e749def62426bd93fc8 avia-icon_select-no avia-color-theme-color'   aria-label=\"Massage reservieren\"><span class='avia_iconbox_title' >Massage reservieren<\/span><span class='avia_button_background avia-button avia-button-fullwidth avia-color-theme-color'><\/span><\/a><\/div>\n","protected":false},"excerpt":{"rendered":"","protected":false},"author":1,"featured_media":0,"parent":940,"menu_order":20,"comment_status":"closed","ping_status":"closed","template":"","meta":{"footnotes":""},"class_list":["post-1132","page","type-page","status-publish","hentry"],"_links":{"self":[{"href":"https:\/\/thaibalancemassage.at\/de\/wp-json\/wp\/v2\/pages\/1132","targetHints":{"allow":["GET"]}}],"collection":[{"href":"https:\/\/thaibalancemassage.at\/de\/wp-json\/wp\/v2\/pages"}],"about":[{"href":"https:\/\/thaibalancemassage.at\/de\/wp-json\/wp\/v2\/types\/page"}],"author":[{"embeddable":true,"href":"https:\/\/thaibalancemassage.at\/de\/wp-json\/wp\/v2\/users\/1"}],"replies":[{"embeddable":true,"href":"https:\/\/thaibalancemassage.at\/de\/wp-json\/wp\/v2\/comments?post=1132"}],"version-history":[{"count":21,"href":"https:\/\/thaibalancemassage.at\/de\/wp-json\/wp\/v2\/pages\/1132\/revisions"}],"predecessor-version":[{"id":3942,"href":"https:\/\/thaibalancemassage.at\/de\/wp-json\/wp\/v2\/pages\/1132\/revisions\/3942"}],"up":[{"embeddable":true,"href":"https:\/\/thaibalancemassage.at\/de\/wp-json\/wp\/v2\/pages\/940"}],"wp:attachment":[{"href":"https:\/\/thaibalancemassage.at\/de\/wp-json\/wp\/v2\/media?parent=1132"}],"curies":[{"name":"wp","href":"https:\/\/api.w.org\/{rel}","templated":true}]}}