{"id":1093,"date":"2017-07-24T09:13:36","date_gmt":"2017-07-24T09:13:36","guid":{"rendered":"https:\/\/thaibalancemassage.at\/?page_id=1093"},"modified":"2023-02-19T16:26:00","modified_gmt":"2023-02-19T15:26:00","slug":"faq","status":"publish","type":"page","link":"https:\/\/thaibalancemassage.at\/de\/faq\/","title":{"rendered":"Info"},"content":{"rendered":"<section class=\"av_textblock_section \"  itemscope=\"itemscope\" itemtype=\"https:\/\/schema.org\/CreativeWork\" ><div class='avia_textblock  '   itemprop=\"text\" ><h1 style=\"text-align: left;\">Informationen<\/h1>\n<h2>Covid-19<\/h2>\n<h3>Unsere Ma\u00dfnahmen:<\/h3>\n<ul>\n<li>Alle MitarbeiterInnen desinfizieren sich, wie auch in den Zeiten vor Corona, vor und nach den Behandlungen die H\u00e4nde.<\/li>\n<li>Die Behandlungstische, Schlapfen, s\u00e4mtliche T\u00fcren und andere Stellen, welche h\u00e4ufig ber\u00fchrt werden, werden regelm\u00e4\u00dfig desinfiziert.<\/li>\n<li>Die Handt\u00fccher werden beim Waschen desinfiziert: Wir verwenden ein <a href=\"https:\/\/de.kreussler-chemie.com\/produkte\/produkt.html?L=432&amp;tx_krproducts_products%5Bproduct%5D=67&amp;tx_krproducts_products%5Bcontroller%5D=product&amp;cHash=23af357fa0b52fc4f15a79ad1811980a\" target=\"_blank\" rel=\"noopener\">desinfizierendes Spezialwaschmittel<\/a> und unsere <a href=\"https:\/\/www.miele.at\/professional\/waschmaschinen-452.htm?mat=07899150&amp;name=PW_5105_Vario_[EL_AV]#item-6-6\" target=\"_blank\" rel=\"noopener\">moderne gewerbliche Waschmaschine<\/a> verf\u00fcgt \u00fcber einen\u00a0 Desinfektionswaschgang, bei dem die W\u00e4sche 20 min bei 60 Grad desinfiziert wird.<\/li>\n<li>Wir planen mit Hilfe unserer Buchungssoftware die Termine so dass es nur zu minimalen Wartezeiten kommt.<\/li>\n<\/ul>\n<h3>Wir bitten um Ihren Beitrag:<\/h3>\n<ul>\n<li>Bitte lassen Sie sich nur dann behandeln wenn Sie sich ganz gesund f\u00fchlen, keinerlei Symptome haben und in den 2 Wochen vor dem Termin keinen Kontakt mit Corona-infizierten Personen hatten.<\/li>\n<li>Bitte kommen Sie ganz p\u00fcnktlich zum Termin um den Aufenthalt im Empfangsraum m\u00f6glichst kurz zu halten.<\/li>\n<li>In der aktuellen Situation bitte wenn m\u00f6glich auf Begleitpersonen verzichten.<\/li>\n<li>Bitte desinfizieren Sie beim Ankommen sofort Ihre H\u00e4nde.<\/li>\n<\/ul>\n<p>Vielen Dank f\u00fcr Ihre Unterst\u00fctzung und Ihr Verst\u00e4ndnis!<\/p>\n<h2>Service<\/h2>\n<p>Wir legen h\u00f6chsten Wert auf Hygiene und Sauberkeit. Was bedeutet das f\u00fcr Sie?<\/p>\n<ul>\n<li>Es gibt f\u00fcr jede Behandlung garantiert ein frisches Leintuch und frische Handt\u00fccher.<\/li>\n<li>Unser Massagesalon wird t\u00e4glich gr\u00fcndlich gereinigt.<\/li>\n<li>Unsere MitarbeiterInnen sind mit den Hygienevorschriften vertraut und desinfizieren sich nach jeder Behandlung die H\u00e4nde.<\/li>\n<li>Die Arbeitskleidung wird t\u00e4glich gewechselt.<\/li>\n<\/ul>\n<p>Wir gehen auf jede Kundin\/jeden Kunden individuell ein und spulen nicht einfach ein Standardprogramm ab. Bitte sagen Sie welchen Schwerpunkt Sie sich f\u00fcr die Behandlung w\u00fcnschen.\u00a0Unsere MitarbeiterInnen sind sehr gut geschult.<\/p>\n<p>Sie bekommen automatisch eine Bonuskarte und werden f\u00fcr h\u00e4ufiges Kommen belohnt.<\/p>\n<p>Im Empfangsraum und im Behandlungsbereich steht Ihnen unser kostenloses WLAN zur Verf\u00fcgung.<\/p>\n<p>Sie k\u00f6nnen bar, mit Bankomatkarte oder mit den g\u00e4ngigen Kreditkarten bezahlen.<\/p>\n<h2>Abl\u00e4ufe<\/h2>\n<p>Sie haben sich noch nie massieren lassen? Dann erkl\u00e4ren wir Ihnen wie es geht:<\/p>\n<ul>\n<li>Bitte erscheinen Sie rechtzeitig, d.h. schon ein paar Minuten vor Ihrem Termin.<\/li>\n<li>Sie legen Jacke, Mantel etc. ab, ziehen Ihre Schuhe aus und bekommen von uns Schlapfen.<\/li>\n<li>Dann f\u00fchren wir Sie in die bereits f\u00fcr Sie vorbereitete Kabine.<\/li>\n<li>Je nach Art der Behandlung ziehen Sie sich nun bitte bis auf die Unterw\u00e4sche aus. F\u00fcr die klassische Thaimassage ohne \u00d6l stellen wir Ihnen eine spezielle Massagekleidung zur Verf\u00fcgung.<\/li>\n<li>Dann beginnt Ihre Behandlung. Seien Sie ganz entspannt und genie\u00dfen Sie Ihre Behandlung und versuchen Sie abzuschalten.<\/li>\n<li>Nach der Behandlung k\u00f6nnen Sie bei Bedarf duschen.<\/li>\n<li>Wenn Sie zur\u00fcck im Empfangsraum sind bekommen Sie einen thail\u00e4ndischen Kr\u00e4utertee und\/oder Wasser.<\/li>\n<\/ul>\n<p>Bitte sprechen Sie in den Kabinen, wenn erforderlich, nur leise um die anderen KundInnen nicht zu st\u00f6ren.<\/p>\n<h2>Besonderheiten der Thai Massage<\/h2>\n<p>Thai Massage arbeitet nach dem Prinzip der Akkupressur und beinhaltet zus\u00e4tzlich je nach Bedarf Dehn- und Streck-Elemente.<\/p>\n<p>Kann Thai Massage weh tun?\u00a0Wir fragen Sie vor der Behandlung, wie kr\u00e4ftig die Massage sein soll. W\u00fcnschen Sie eine reine Wohlf\u00fchlmassage zum Entspannen, dann werden wir Ihnen bestimmt keine Schmerzen zuf\u00fcgen.\u00a0M\u00f6chten Sie aber, dass verspannte Muskeln gelockert werden, dann muss kr\u00e4ftiger massiert werden.\u00a0Wir versuchen jedoch nicht Sie mit heftigen Dreh- und Streck\u00fcbungen und einem lauten Knacken einzurenken. Wir f\u00fchren nur Dehn\u00fcbungen durch welche Ihr K\u00f6rper zul\u00e4sst.<\/p>\n<p>Nach der ersten Massage kann es am n\u00e4chsten Tag zu Muskelkater kommen, der allerdings schnell wieder abklingt und ein Zeichen daf\u00fcr ist, dass mit den Muskeln &#8222;gearbeitet&#8220; wurde.<\/p>\n<p>Die \u00d6lmassage ist generell deutlich sanfter als die klassische Thai Massage ohne \u00d6l.<\/p>\n<h2>Kontraindikation<\/h2>\n<p>Wenn Sie unter einer der folgenden Krankheiten leiden k\u00f6nnen wir Sie aus medizinischen Gr\u00fcnden leider nicht massieren:<\/p>\n<ul>\n<li>Akute fieberhafte Allgemeinerkrankungen<\/li>\n<li>Akute Entz\u00fcndungen innerer Organe<\/li>\n<li>Fortgeschrittene Herzinsuffizienz<\/li>\n<li>Starke Osteoporose<\/li>\n<li>B\u00f6sartige Tumore<\/li>\n<li>Schuberkrankungen w\u00e4hrend des Schubs<\/li>\n<li>Starke Gef\u00e4\u00dferkrankungen (arteriell, ven\u00f6s)<\/li>\n<li>Lymphangitis<\/li>\n<\/ul>\n<p>Eine Massage ist auch dann nicht m\u00f6glich wenn Sie unter Alkohol- oder Drogeneinfluss stehen.<\/p>\n<h2>Relative Kontraindikationen<\/h2>\n<p>Bei folgenden Krankheitsbildern kann nicht jede unserer Massagen durchgef\u00fchrt werden bzw. k\u00f6nnen nicht alle K\u00f6rperpartien massiert werden:<\/p>\n<ul>\n<li>Hypertonie<\/li>\n<li>Herzerkrankungen<\/li>\n<li>Diabetes mellitus<\/li>\n<li>Lokale Entz\u00fcndungen<\/li>\n<li>Krampfadern<\/li>\n<li>Neurologische Ausfallerkrankungen<\/li>\n<li>Akute Infekte<\/li>\n<\/ul>\n<p>Das trifft auch zu wenn Sie schwanger sind. Hier besprechen wir mit Ihnen welche Behandlung in Abh\u00e4ngigkeit der Schwangerschaftsperiode m\u00f6glich sind. Eine dezidierte Schwangerschaftsmassage bieten wir nicht an.<\/p>\n<h2>Reservierung<\/h2>\n<p>Wir empfehlen Ihnen sehr, Ihre Massage rechtzeitig zu reservieren da wir \u00f6fters ausgebucht sind.<\/p>\n<p>M\u00f6glichkeiten:<\/p>\n<ul>\n<li>telefonisch<\/li>\n<li>Online-Reservierung \u00fcber unsere Website<\/li>\n<li>per E-Mail<\/li>\n<\/ul>\n<h2>Weitere Hinweise<\/h2>\n<p><strong>Essen und Trinken:<\/strong><br \/>\nWir empfehlen Ihnen in der Stunde vor der Behandlung nichts mehr zu essen.<\/p>\n<p><strong>Alkohol und Rauchen<\/strong>:<br \/>\nRauchen und Genuss von Alkohol sind im gesamten Gesch\u00e4ftslokal ausnahmslos verboten.<\/p>\n<p><strong>Mobiltelefone:\u00a0<\/strong><br \/>\nAus R\u00fccksicht auf die anderen G\u00e4ste bitten wir Sie, Mobiltelefone in unserem Studio auf lautlos zu stellen.<\/p>\n<p><strong>Wertsachen:<\/strong><br \/>\nF\u00fcr Geld und Wertsachen wird keine Haftung \u00fcbernommen.<\/p>\n<\/div><\/section>\n<div   class='hr hr-default   avia-builder-el-1  el_after_av_textblock  el_before_av_one_full '><span class='hr-inner ' ><span class='hr-inner-style'><\/span><\/span><\/div>\n<div class=\"flex_column av_one_full  flex_column_div av-zero-column-padding first  avia-builder-el-2  el_after_av_hr  el_before_av_button_big  avia-builder-el-last  \" style='border-radius:0px; '><div  class='avia-image-container  av-styling- av-hover-grow   avia-builder-el-3  avia-builder-el-no-sibling  avia-align-center '  itemprop=\"image\" itemscope=\"itemscope\" itemtype=\"https:\/\/schema.org\/ImageObject\"  ><div class='avia-image-container-inner'><div class='avia-image-overlay-wrap'><a href='https:\/\/g.page\/r\/CaGKcF2QFkgJEAg\/review' class='avia_image' target=\"_blank\" rel=\"noopener noreferrer\"><img decoding=\"async\" width=\"300\" height=\"98\" class='wp-image-2118 avia-img-lazy-loading-not-2118 avia_image' src=\"https:\/\/thaibalancemassage.at\/wp-content\/uploads\/2019\/06\/Google-bewertung-710x233-300x98.png\" alt='Link zur Bewertung auf Google' title='Bewerten Sie uns auf Google'  itemprop=\"thumbnailUrl\" srcset=\"https:\/\/thaibalancemassage.at\/wp-content\/uploads\/2019\/06\/Google-bewertung-710x233-300x98.png 300w, https:\/\/thaibalancemassage.at\/wp-content\/uploads\/2019\/06\/Google-bewertung-710x233.png 710w, https:\/\/thaibalancemassage.at\/wp-content\/uploads\/2019\/06\/Google-bewertung-710x233-705x231.png 705w, https:\/\/thaibalancemassage.at\/wp-content\/uploads\/2019\/06\/Google-bewertung-710x233-450x148.png 450w\" sizes=\"(max-width: 300px) 100vw, 300px\" \/><\/a><\/div><\/div><\/div><\/div>\n<div  class='avia-button-wrap avia-button-center  avia-builder-el-4  el_after_av_one_full  el_before_av_one_full ' ><a href='https:\/\/thaibalancemassage.at\/de\/massage-buchen\/' class='avia-button avia-button-fullwidth   avia-icon_select-yes-left-icon avia-color-theme-color '  style='color:#ffffff; ' ><span class='avia_button_icon avia_button_icon_left' aria-hidden='true' data-av_icon='\ue85b' data-av_iconfont='entypo-fontello'><\/span><span class='avia_iconbox_title' >Jetzt reservieren<\/span><span class='avia_button_background avia-button avia-button-fullwidth avia-color-theme-color' ><\/span><\/a><\/div>\n<div class=\"flex_column av_one_full  flex_column_div av-zero-column-padding first  avia-builder-el-5  el_after_av_button_big  avia-builder-el-no-sibling  \" style='border-radius:0px; '><\/div>\n","protected":false},"excerpt":{"rendered":"","protected":false},"author":1,"featured_media":0,"parent":0,"menu_order":0,"comment_status":"closed","ping_status":"closed","template":"","meta":{"footnotes":""},"class_list":["post-1093","page","type-page","status-publish","hentry"],"_links":{"self":[{"href":"https:\/\/thaibalancemassage.at\/de\/wp-json\/wp\/v2\/pages\/1093","targetHints":{"allow":["GET"]}}],"collection":[{"href":"https:\/\/thaibalancemassage.at\/de\/wp-json\/wp\/v2\/pages"}],"about":[{"href":"https:\/\/thaibalancemassage.at\/de\/wp-json\/wp\/v2\/types\/page"}],"author":[{"embeddable":true,"href":"https:\/\/thaibalancemassage.at\/de\/wp-json\/wp\/v2\/users\/1"}],"replies":[{"embeddable":true,"href":"https:\/\/thaibalancemassage.at\/de\/wp-json\/wp\/v2\/comments?post=1093"}],"version-history":[{"count":33,"href":"https:\/\/thaibalancemassage.at\/de\/wp-json\/wp\/v2\/pages\/1093\/revisions"}],"predecessor-version":[{"id":3598,"href":"https:\/\/thaibalancemassage.at\/de\/wp-json\/wp\/v2\/pages\/1093\/revisions\/3598"}],"wp:attachment":[{"href":"https:\/\/thaibalancemassage.at\/de\/wp-json\/wp\/v2\/media?parent=1093"}],"curies":[{"name":"wp","href":"https:\/\/api.w.org\/{rel}","templated":true}]}}